{"id":1750,"date":"2020-02-26T11:51:19","date_gmt":"2020-02-26T10:51:19","guid":{"rendered":"https:\/\/www.valleledro.it\/?page_id=1750"},"modified":"2025-10-08T15:52:47","modified_gmt":"2025-10-08T13:52:47","slug":"angebote","status":"publish","type":"page","link":"https:\/\/www.valleledro.it\/de\/angebote\/","title":{"rendered":"Angebote"},"content":{"rendered":"<section class=\"l-section wpb_row us_custom_f029a2ba height_large\"><div class=\"l-section-h i-cf\"><div class=\"g-cols vc_row via_flex valign_top type_default stacking_default\"><div class=\"vc_col-sm-6 wpb_column vc_column_container farfalla\"><div class=\"vc_column-inner\"><div class=\"wpb_wrapper\"><div class=\"ult-spacer spacer-69f4440d5c48a\" data-id=\"69f4440d5c48a\" data-height=\"50\" data-height-mobile=\"20\" data-height-tab=\"20\" data-height-tab-portrait=\"20\" data-height-mobile-landscape=\"20\" style=\"clear:both;display:block;\"><\/div><div class=\"wpb_text_column titolo-farfalla\"><div class=\"wpb_wrapper\"><h1>EINE VIELZAHL VON SONDERANGEBOTEN F\u00dcR IHREN URLAUB<\/h1>\n<\/div><\/div><\/div><\/div><\/div><div class=\"vc_col-sm-6 wpb_column vc_column_container\"><div class=\"vc_column-inner\"><div class=\"wpb_wrapper\"><div class=\"wpb_text_column\"><div class=\"wpb_wrapper\"><h2>GENIESSEN SIE DIE WUNDERWERKE DES TRENTINO UND DES LEDRO-SEES<\/h2>\n<\/div><\/div><div class=\"w-image i100 align_none\"><div class=\"w-image-h\"><img decoding=\"async\" width=\"1024\" height=\"1024\" src=\"https:\/\/www.valleledro.it\/wp-content\/uploads\/2018\/06\/riga-verde.svg\" class=\"attachment-large size-large\" alt=\"\" loading=\"lazy\" \/><\/div><\/div><div class=\"wpb_text_column\"><div class=\"wpb_wrapper\"><p>Jede Jahreszeit hat ihre Sch\u00f6nheiten. Nutzen Sie unsere unglaublichen Angebote f\u00fcr Sie. Wir sind sicher, dass Sie die richtige Inspiration finden, um Ihren wohlverdienten Urlaub im Trentino an einem magischen Ort, nur wenige Schritte vom Ledro-See entfernt, zu organisieren.<\/p>\n<\/div><\/div><\/div><\/div><\/div><\/div><\/div><\/section><section class=\"l-section wpb_row us_custom_6cb6583f fascia-prato height_medium\"><div class=\"l-section-h i-cf\"><div class=\"g-cols vc_row via_flex valign_top type_default stacking_default\"><div class=\"vc_col-sm-12 wpb_column vc_column_container\"><div class=\"vc_column-inner\"><div class=\"wpb_wrapper\"><div class=\"w-separator size_small with_line width_default thick_1 style_solid color_secondary align_center\"><div class=\"w-separator-h\"><\/div><\/div><form class=\"w-filter for_list state_desktop us-field-style_1 layout_hor items_1 mod_default align_none elm_index_1 hide_post_count scroll_to_list faceted_filtering loading\" action style=\"--items-gap:1.5em;\" onsubmit=\"return false;\" onclick='return {&quot;mobileWidth&quot;:600,&quot;ajaxData&quot;:{&quot;action&quot;:&quot;us_list_filter_post_count&quot;}}'><div class=\"w-filter-list\"><div class=\"w-filter-list-title\">Filter<\/div><button class=\"w-filter-list-closer\" type=\"button\" title=\"Schlie\u00dfen\" aria-label=\"Schlie\u00dfen\"><\/button><div class=\"w-filter-item number_1 type_checkbox values_as_btn btns_in_row_auto\" data-name=\"category\"><div class=\"w-filter-item-title\">Kategorie<\/div><a class=\"w-filter-item-reset\" href=\"#\" title=\"Zur\u00fccksetzen\"><span>Zur\u00fccksetzen<\/span><\/a><div class=\"w-filter-item-content\"><div class=\"w-filter-item-values\"><div class=\"w-filter-item-value w-btn us-btn-style_1 depth_1\" data-value=\"angebote\"><label><input type=\"checkbox\" value=\"angebote\" name=\"category\"><span class=\"w-filter-item-value-label\">Angebote<\/span><\/label><\/div><div class=\"w-filter-item-value w-btn us-btn-style_1 depth_1\" data-value=\"aus-dem-gebiet\"><label><input type=\"checkbox\" value=\"aus-dem-gebiet\" name=\"category\"><span class=\"w-filter-item-value-label\">Aus dem Gebiet<\/span><\/label><\/div><div class=\"w-filter-item-value w-btn us-btn-style_1 depth_1\" data-value=\"unkategorisiert\"><label><input type=\"checkbox\" value=\"unkategorisiert\" name=\"category\"><span class=\"w-filter-item-value-label\">Unkategorisiert<\/span><\/label><\/div><\/div><\/div><\/div><\/div><div class=\"w-filter-list-panel\"><button class=\"w-btn w-filter-button-submit us-btn-style_1\" type=\"button\"><span class=\"w-btn-label\">Anwenden<\/span><\/button><\/div><style>@media( max-width:600px ){.w-filter.state_desktop.elm_index_1 .w-filter-list,.w-filter.elm_index_1 .w-filter-item-title>span{display:none!important}.w-filter.elm_index_1 .w-filter-opener{display:inline-block}}<\/style><button class=\"w-filter-opener\" type=\"button\" style=\"--badge-bg-color:#fff;--badge-color:black;\"><span>Filter<\/span><\/button><\/form><div class=\"w-separator size_medium\"><\/div><div class=\"w-grid us_post_list apply_url_params type_grid layout_1736 cols_2 preload_style_spinner with_css_animation ratio_4x3\" id=\"us_post_list_le2d\" style=\"--columns:2;--gap:1.5rem;--item-ratio:0.75;\"><style>@media (max-width:600px){#us_post_list_le2d{--columns:1!important}}.layout_1736 .w-grid-item-h{}.layout_1736 .usg_post_image_1{transition-duration:0.3s;transform-origin:50% 50%;transform:scale(1) translate(0%,0%)}.layout_1736 .w-grid-item-h:focus-within .usg_post_image_1,.layout_1736 .w-grid-item-h:hover .usg_post_image_1{transform:scale(1.1) translate(0%,0%);opacity:1}.layout_1736 .usg_post_image_1{position:absolute!important;left:0!important;top:0!important;bottom:0!important;right:0!important}.layout_1736 .usg_post_title_1{color:#7a9909!important;font-weight:500!important;font-size:1.4rem!important}.layout_1736 .usg_vwrapper_1{color:#999999!important;position:absolute!important;left:0!important;bottom:0!important;right:2rem!important;background:#ffffff!important;padding:1rem 2rem 1rem 1rem!important}@media (max-width:600px){.layout_1736 .usg_post_title_1{font-size:1.2rem!important}}<\/style><div class=\"w-grid-list\">\t<article class=\"w-grid-item us_animate_afc size_1x1 post-2385 post type-post status-publish format-standard has-post-thumbnail hentry category-angebote category-unkategorisiert\" data-id=\"2385\" style=\"animation-delay:0s\">\r\n\t\t<div class=\"w-grid-item-h\">\r\n\t\t\t\t\t\t\t<a href=\"https:\/\/www.valleledro.it\/de\/ueberrasch-mich\/\" class=\"w-grid-item-anchor\" aria-label=\"\u00dcBERRASCH MICH\"><\/a>\r\n\t\t\t\t\t\t<div class=\"w-post-elm post_image usg_post_image_1 stretched\"><img loading=\"lazy\" decoding=\"async\" width=\"600\" height=\"400\" src=\"https:\/\/www.valleledro.it\/wp-content\/uploads\/2021\/04\/OND04883-600x400.jpg\" class=\"attachment-us_600_400_crop size-us_600_400_crop wp-post-image\" alt=\"\" srcset=\"https:\/\/www.valleledro.it\/wp-content\/uploads\/2021\/04\/OND04883-600x400.jpg 600w, https:\/\/www.valleledro.it\/wp-content\/uploads\/2021\/04\/OND04883-300x200.jpg 300w, https:\/\/www.valleledro.it\/wp-content\/uploads\/2021\/04\/OND04883-1024x683.jpg 1024w, https:\/\/www.valleledro.it\/wp-content\/uploads\/2021\/04\/OND04883-768x512.jpg 768w\" sizes=\"auto, (max-width: 600px) 100vw, 600px\" \/><\/div><div class=\"w-vwrapper usg_vwrapper_1 has_text_color align_left valign_top\"><h3 class=\"w-post-elm post_title usg_post_title_1 has_text_color entry-title color_link_inherit\">\u00dcBERRASCH MICH<\/h3><div class=\"w-post-elm post_content usg_post_content_1\"><p>Wollen Sie jemand \u00fcberraschen oder ein besonderes Ereignis feiern, indem Sie einen Blumenstrau\u00df oder ein aktives Erlebnis, zum Beispiel, schenken?<\/p>\n<\/div><\/div>\t\t<\/div>\r\n\t\t\t<\/article>\r\n\t<article class=\"w-grid-item us_animate_afc size_1x1 post-1891 post type-post status-publish format-standard has-post-thumbnail hentry category-aus-dem-gebiet\" data-id=\"1891\" style=\"animation-delay:0.1s\">\r\n\t\t<div class=\"w-grid-item-h\">\r\n\t\t\t\t\t\t\t<a href=\"https:\/\/www.valleledro.it\/de\/ein-sinnliches-erlebnisangebot\/\" class=\"w-grid-item-anchor\" aria-label=\"Ein sinnliches Erlebnisangebot\"><\/a>\r\n\t\t\t\t\t\t<div class=\"w-post-elm post_image usg_post_image_1 stretched\"><img loading=\"lazy\" decoding=\"async\" width=\"600\" height=\"400\" src=\"https:\/\/www.valleledro.it\/wp-content\/uploads\/2020\/01\/Immagine-2025-04-14-183709-600x400.png\" class=\"attachment-us_600_400_crop size-us_600_400_crop wp-post-image\" alt=\"\" \/><\/div><div class=\"w-vwrapper usg_vwrapper_1 has_text_color align_left valign_top\"><h3 class=\"w-post-elm post_title usg_post_title_1 has_text_color entry-title color_link_inherit\">Ein sinnliches Erlebnisangebot<\/h3><div class=\"w-post-elm post_content usg_post_content_1\"><p>Warum das Villaggio Val Molini als Ziel f\u00fcr euren Aufenthalt im Ledrotal w\u00e4hlen? Wenn ihr euren f\u00fcnf Sinnen freien Lauf lasst, habt ihr die M\u00f6glichkeit, ein unvergessliches Erlebnis zu genie\u00dfen.<\/p>\n<\/div><\/div>\t\t<\/div>\r\n\t\t\t<\/article>\r\n<\/div><div class=\"g-loadmore hidden\"><div class=\"g-preloader type_4\"><div><\/div><\/div><\/div><div class=\"w-grid-list-json hidden\" onclick='return {&quot;max_num_pages&quot;:0,&quot;paginationBase&quot;:&quot;page&quot;,&quot;pagination&quot;:&quot;none&quot;,&quot;paged&quot;:1,&quot;ajaxData&quot;:{&quot;action&quot;:&quot;us_ajax_post_list&quot;,&quot;meta_type&quot;:&quot;post&quot;,&quot;object_id&quot;:0,&quot;template_vars&quot;:{&quot;shortcode_base&quot;:&quot;us_post_list&quot;,&quot;paged&quot;:1,&quot;max_num_pages&quot;:0,&quot;no_results&quot;:false,&quot;us_post_content_design_css&quot;:[],&quot;found_posts&quot;:0,&quot;per_page&quot;:999,&quot;items_count&quot;:2,&quot;orderby_random_seed&quot;:null,&quot;source&quot;:&quot;all&quot;,&quot;ids&quot;:&quot;&quot;,&quot;post_type&quot;:&quot;post&quot;,&quot;attachment_ids&quot;:null,&quot;include_post_thumbnail&quot;:0,&quot;post_author&quot;:&quot;any&quot;,&quot;post_author_ids&quot;:&quot;&quot;,&quot;apply_url_params&quot;:&quot;1&quot;,&quot;ignore_sticky_posts&quot;:1,&quot;exclude_children&quot;:0,&quot;exclude_current_post&quot;:&quot;0&quot;,&quot;exclude_prev_posts&quot;:0,&quot;exclude_past_events&quot;:0,&quot;enable_items_offset&quot;:0,&quot;items_offset&quot;:&quot;1&quot;,&quot;tax_query_relation&quot;:&quot;none&quot;,&quot;tax_query&quot;:[{&quot;operator&quot;:&quot;IN&quot;,&quot;taxonomy&quot;:&quot;category&quot;,&quot;terms&quot;:&quot;&quot;,&quot;include_children&quot;:0}],&quot;meta_query_relation&quot;:&quot;none&quot;,&quot;meta_query&quot;:[{&quot;key&quot;:&quot;custom_field_name&quot;,&quot;compare&quot;:&quot;=&quot;,&quot;value&quot;:&quot;&quot;}],&quot;orderby&quot;:&quot;date&quot;,&quot;orderby_custom_field&quot;:&quot;&quot;,&quot;orderby_custom_type&quot;:0,&quot;order_invert&quot;:0,&quot;show_all&quot;:&quot;1&quot;,&quot;quantity&quot;:&quot;12&quot;,&quot;posts_per_archive_page&quot;:0,&quot;no_items_action&quot;:&quot;message&quot;,&quot;no_items_message&quot;:&quot;Es wurden keine Ergebnisse gefunden.&quot;,&quot;no_items_page_block&quot;:&quot;&quot;,&quot;pagination&quot;:&quot;none&quot;,&quot;pagination_style&quot;:&quot;&quot;,&quot;pagination_btn_text&quot;:&quot;Mehr laden&quot;,&quot;pagination_btn_size&quot;:&quot;&quot;,&quot;pagination_btn_style&quot;:&quot;1&quot;,&quot;pagination_btn_fullwidth&quot;:0,&quot;items_layout&quot;:&quot;1736&quot;,&quot;type&quot;:&quot;grid&quot;,&quot;items_valign&quot;:0,&quot;ignore_items_size&quot;:0,&quot;columns&quot;:&quot;2&quot;,&quot;items_gap&quot;:&quot;1.5rem&quot;,&quot;load_animation&quot;:&quot;afc&quot;,&quot;items_preload_style&quot;:&quot;spinner&quot;,&quot;img_size&quot;:&quot;default&quot;,&quot;title_size&quot;:&quot;&quot;,&quot;items_ratio&quot;:&quot;default&quot;,&quot;items_ratio_width&quot;:&quot;21&quot;,&quot;items_ratio_height&quot;:&quot;9&quot;,&quot;overriding_link&quot;:&quot;%7B%22type%22%3A%22post%22%7D&quot;,&quot;popup_page_template&quot;:&quot;0&quot;,&quot;popup_width&quot;:&quot;&quot;,&quot;popup_arrows&quot;:1,&quot;breakpoint_1_width&quot;:&quot;1381px&quot;,&quot;breakpoint_1_cols&quot;:&quot;default&quot;,&quot;breakpoint_1_quantity&quot;:&quot;&quot;,&quot;breakpoint_1_gap&quot;:&quot;&quot;,&quot;breakpoint_2_width&quot;:&quot;1025px&quot;,&quot;breakpoint_2_cols&quot;:&quot;2&quot;,&quot;breakpoint_2_quantity&quot;:&quot;&quot;,&quot;breakpoint_2_gap&quot;:&quot;&quot;,&quot;breakpoint_3_width&quot;:&quot;601px&quot;,&quot;breakpoint_3_cols&quot;:&quot;1&quot;,&quot;breakpoint_3_quantity&quot;:&quot;&quot;,&quot;breakpoint_3_gap&quot;:&quot;&quot;,&quot;conditions_operator&quot;:&quot;always&quot;,&quot;conditions&quot;:[],&quot;css&quot;:null,&quot;el_class&quot;:&quot;&quot;,&quot;el_id&quot;:&quot;&quot;,&quot;enable_custom_html_atts&quot;:0,&quot;custom_html_atts&quot;:null,&quot;hide_on_states&quot;:&quot;&quot;,&quot;hide_for_sticky&quot;:0,&quot;hide_for_not_sticky&quot;:0,&quot;hide_below&quot;:&quot;0px&quot;,&quot;hide_above&quot;:&quot;0px&quot;,&quot;classes&quot;:&quot;&quot;},&quot;found_posts&quot;:0,&quot;per_page&quot;:999,&quot;list_filters&quot;:&quot;[]&quot;},&quot;facetedFilter&quot;:{&quot;query_args_unfiltered&quot;:&quot;{\\&quot;ignore_sticky_posts\\&quot;:true,\\&quot;post__not_in\\&quot;:[],\\&quot;tax_query\\&quot;:[],\\&quot;meta_query\\&quot;:[],\\&quot;posts_per_page\\&quot;:999,\\&quot;paged\\&quot;:1,\\&quot;apply_list_url_params\\&quot;:true,\\&quot;post_type\\&quot;:[\\&quot;post\\&quot;],\\&quot;no_found_rows\\&quot;:true,\\&quot;post_status\\&quot;:\\&quot;publish\\&quot;}&quot;}}'><\/div><\/div><\/div><\/div><\/div><\/div><\/div><\/section>\n","protected":false},"excerpt":{"rendered":"Ein sinnliches ErlebnisangebotEin Urlaubserlebnis f\u00fcr alle f\u00fcnf Sinne Warum das Villaggio Val Molini als Ziel f\u00fcr euren Aufenthalt im Ledrotal w\u00e4hlen? Wenn ihr euren f\u00fcnf Sinnen freien Lauf lasst, habt ihr die M\u00f6glichkeit, ein unvergessliches Erlebnis zu genie\u00dfen. Das Geh\u00f6r wird durch die sanften, musikalischen Kl\u00e4nge der Natur des Waldes, der uns umgibt, verw\u00f6hnt&#8230; Das...","protected":false},"author":1,"featured_media":0,"parent":0,"menu_order":46,"comment_status":"closed","ping_status":"closed","template":"","meta":{"inline_featured_image":false,"footnotes":""},"class_list":["post-1750","page","type-page","status-publish","hentry"],"yoast_head":"<!-- This site is optimized with the Yoast SEO plugin v27.5 - https:\/\/yoast.com\/product\/yoast-seo-wordpress\/ -->\n<title>Urlaubsangebote Trentiner See | Villaggio Val Molini Bungalow und Apartment<\/title>\n<meta name=\"description\" content=\"Wir haben vielfache Sonderangebote f\u00fcr Ihren Urlaub am Ledro-See im Trentino zusammengestellt. W\u00e4hlen Sie Ihren bevorzugten Themenkreis. \u00dcberlassen Sie uns den Rest!\" \/>\n<meta name=\"robots\" content=\"index, follow, max-snippet:-1, max-image-preview:large, max-video-preview:-1\" \/>\n<link rel=\"canonical\" href=\"https:\/\/www.valleledro.it\/de\/angebote\/\" \/>\n<meta property=\"og:locale\" content=\"de_DE\" \/>\n<meta property=\"og:type\" content=\"article\" \/>\n<meta property=\"og:title\" content=\"Urlaubsangebote Trentiner See | Villaggio Val Molini Bungalow und Apartment\" \/>\n<meta property=\"og:description\" content=\"Wir haben vielfache Sonderangebote f\u00fcr Ihren Urlaub am Ledro-See im Trentino zusammengestellt. W\u00e4hlen Sie Ihren bevorzugten Themenkreis. \u00dcberlassen Sie uns den Rest!\" \/>\n<meta property=\"og:url\" content=\"https:\/\/www.valleledro.it\/de\/angebote\/\" \/>\n<meta property=\"og:site_name\" content=\"Val Molini Bungalow Ledro\" \/>\n<meta property=\"article:publisher\" content=\"https:\/\/www.facebook.com\/villaggio.valmolini\/\" \/>\n<meta property=\"article:modified_time\" content=\"2025-10-08T13:52:47+00:00\" \/>\n<meta name=\"twitter:card\" content=\"summary_large_image\" \/>\n<meta name=\"twitter:label1\" content=\"Gesch\u00e4tzte Lesezeit\" \/>\n\t<meta name=\"twitter:data1\" content=\"1\u00a0Minute\" \/>\n<script type=\"application\/ld+json\" class=\"yoast-schema-graph\">{\"@context\":\"https:\\\/\\\/schema.org\",\"@graph\":[{\"@type\":\"WebPage\",\"@id\":\"https:\\\/\\\/www.valleledro.it\\\/de\\\/angebote\\\/\",\"url\":\"https:\\\/\\\/www.valleledro.it\\\/de\\\/angebote\\\/\",\"name\":\"Urlaubsangebote Trentiner See | Villaggio Val Molini Bungalow und Apartment\",\"isPartOf\":{\"@id\":\"https:\\\/\\\/www.valleledro.it\\\/#website\"},\"datePublished\":\"2020-02-26T10:51:19+00:00\",\"dateModified\":\"2025-10-08T13:52:47+00:00\",\"description\":\"Wir haben vielfache Sonderangebote f\u00fcr Ihren Urlaub am Ledro-See im Trentino zusammengestellt. W\u00e4hlen Sie Ihren bevorzugten Themenkreis. \u00dcberlassen Sie uns den Rest!\",\"breadcrumb\":{\"@id\":\"https:\\\/\\\/www.valleledro.it\\\/de\\\/angebote\\\/#breadcrumb\"},\"inLanguage\":\"de\",\"potentialAction\":[{\"@type\":\"ReadAction\",\"target\":[\"https:\\\/\\\/www.valleledro.it\\\/de\\\/angebote\\\/\"]}]},{\"@type\":\"BreadcrumbList\",\"@id\":\"https:\\\/\\\/www.valleledro.it\\\/de\\\/angebote\\\/#breadcrumb\",\"itemListElement\":[{\"@type\":\"ListItem\",\"position\":1,\"name\":\"Home\",\"item\":\"https:\\\/\\\/www.valleledro.it\\\/de\\\/\"},{\"@type\":\"ListItem\",\"position\":2,\"name\":\"Angebote\"}]},{\"@type\":\"WebSite\",\"@id\":\"https:\\\/\\\/www.valleledro.it\\\/#website\",\"url\":\"https:\\\/\\\/www.valleledro.it\\\/\",\"name\":\"Val Molini Bungalow Ledro\",\"description\":\"Val Molini Bungalow Ledro\",\"potentialAction\":[{\"@type\":\"SearchAction\",\"target\":{\"@type\":\"EntryPoint\",\"urlTemplate\":\"https:\\\/\\\/www.valleledro.it\\\/?s={search_term_string}\"},\"query-input\":{\"@type\":\"PropertyValueSpecification\",\"valueRequired\":true,\"valueName\":\"search_term_string\"}}],\"inLanguage\":\"de\"}]}<\/script>\n<!-- \/ Yoast SEO plugin. -->","yoast_head_json":{"title":"Urlaubsangebote Trentiner See | Villaggio Val Molini Bungalow und Apartment","description":"Wir haben vielfache Sonderangebote f\u00fcr Ihren Urlaub am Ledro-See im Trentino zusammengestellt. W\u00e4hlen Sie Ihren bevorzugten Themenkreis. \u00dcberlassen Sie uns den Rest!","robots":{"index":"index","follow":"follow","max-snippet":"max-snippet:-1","max-image-preview":"max-image-preview:large","max-video-preview":"max-video-preview:-1"},"canonical":"https:\/\/www.valleledro.it\/de\/angebote\/","og_locale":"de_DE","og_type":"article","og_title":"Urlaubsangebote Trentiner See | Villaggio Val Molini Bungalow und Apartment","og_description":"Wir haben vielfache Sonderangebote f\u00fcr Ihren Urlaub am Ledro-See im Trentino zusammengestellt. W\u00e4hlen Sie Ihren bevorzugten Themenkreis. \u00dcberlassen Sie uns den Rest!","og_url":"https:\/\/www.valleledro.it\/de\/angebote\/","og_site_name":"Val Molini Bungalow Ledro","article_publisher":"https:\/\/www.facebook.com\/villaggio.valmolini\/","article_modified_time":"2025-10-08T13:52:47+00:00","twitter_card":"summary_large_image","twitter_misc":{"Gesch\u00e4tzte Lesezeit":"1\u00a0Minute"},"schema":{"@context":"https:\/\/schema.org","@graph":[{"@type":"WebPage","@id":"https:\/\/www.valleledro.it\/de\/angebote\/","url":"https:\/\/www.valleledro.it\/de\/angebote\/","name":"Urlaubsangebote Trentiner See | Villaggio Val Molini Bungalow und Apartment","isPartOf":{"@id":"https:\/\/www.valleledro.it\/#website"},"datePublished":"2020-02-26T10:51:19+00:00","dateModified":"2025-10-08T13:52:47+00:00","description":"Wir haben vielfache Sonderangebote f\u00fcr Ihren Urlaub am Ledro-See im Trentino zusammengestellt. W\u00e4hlen Sie Ihren bevorzugten Themenkreis. \u00dcberlassen Sie uns den Rest!","breadcrumb":{"@id":"https:\/\/www.valleledro.it\/de\/angebote\/#breadcrumb"},"inLanguage":"de","potentialAction":[{"@type":"ReadAction","target":["https:\/\/www.valleledro.it\/de\/angebote\/"]}]},{"@type":"BreadcrumbList","@id":"https:\/\/www.valleledro.it\/de\/angebote\/#breadcrumb","itemListElement":[{"@type":"ListItem","position":1,"name":"Home","item":"https:\/\/www.valleledro.it\/de\/"},{"@type":"ListItem","position":2,"name":"Angebote"}]},{"@type":"WebSite","@id":"https:\/\/www.valleledro.it\/#website","url":"https:\/\/www.valleledro.it\/","name":"Val Molini Bungalow Ledro","description":"Val Molini Bungalow Ledro","potentialAction":[{"@type":"SearchAction","target":{"@type":"EntryPoint","urlTemplate":"https:\/\/www.valleledro.it\/?s={search_term_string}"},"query-input":{"@type":"PropertyValueSpecification","valueRequired":true,"valueName":"search_term_string"}}],"inLanguage":"de"}]}},"publishpress_future_action":{"enabled":false,"date":"2026-05-08 08:11:25","action":"change-status","newStatus":"draft","terms":[],"taxonomy":"translation_priority","extraData":[]},"publishpress_future_workflow_manual_trigger":{"enabledWorkflows":[]},"_links":{"self":[{"href":"https:\/\/www.valleledro.it\/de\/wp-json\/wp\/v2\/pages\/1750","targetHints":{"allow":["GET"]}}],"collection":[{"href":"https:\/\/www.valleledro.it\/de\/wp-json\/wp\/v2\/pages"}],"about":[{"href":"https:\/\/www.valleledro.it\/de\/wp-json\/wp\/v2\/types\/page"}],"author":[{"embeddable":true,"href":"https:\/\/www.valleledro.it\/de\/wp-json\/wp\/v2\/users\/1"}],"replies":[{"embeddable":true,"href":"https:\/\/www.valleledro.it\/de\/wp-json\/wp\/v2\/comments?post=1750"}],"version-history":[{"count":2,"href":"https:\/\/www.valleledro.it\/de\/wp-json\/wp\/v2\/pages\/1750\/revisions"}],"predecessor-version":[{"id":4688,"href":"https:\/\/www.valleledro.it\/de\/wp-json\/wp\/v2\/pages\/1750\/revisions\/4688"}],"wp:attachment":[{"href":"https:\/\/www.valleledro.it\/de\/wp-json\/wp\/v2\/media?parent=1750"}],"curies":[{"name":"wp","href":"https:\/\/api.w.org\/{rel}","templated":true}]}}