{"id":1761,"date":"2020-02-26T13:38:00","date_gmt":"2020-02-26T12:38:00","guid":{"rendered":"https:\/\/www.valleledro.it\/?page_id=1761"},"modified":"2026-02-25T10:28:26","modified_gmt":"2026-02-25T09:28:26","slug":"sport-in-den-bergen","status":"publish","type":"page","link":"https:\/\/www.valleledro.it\/de\/sport-in-den-bergen\/","title":{"rendered":"Sport in den bergen"},"content":{"rendered":"<section class=\"l-section wpb_row us_custom_0ac64d08 height_huge color_primary with_img\"><div class=\"l-section-img\" role=\"img\" aria-label=\"Bild\" data-img-width=\"2560\" data-img-height=\"1707\" style=\"background-image: url(https:\/\/www.valleledro.it\/wp-content\/uploads\/2022\/05\/2021_APTGardaDolomitiSpA_Ledro_Besta_Trekking_Panorama-scaled.jpg);\"><\/div><div class=\"l-section-overlay\" style=\"background:rgba(26,26,26,0.25)\"><\/div><div class=\"l-section-h i-cf\"><div class=\"g-cols vc_row via_flex valign_middle type_default stacking_default\"><div class=\"vc_col-sm-12 wpb_column vc_column_container\"><div class=\"vc_column-inner us_custom_05d0f0bd\"><div class=\"wpb_wrapper\"><div class=\"w-text us_custom_267803a1\"><span class=\"w-text-h\"><span class=\"w-text-value\">Sport in den bergen<\/span><\/span><\/div><\/div><\/div><\/div><\/div><\/div><\/section><section class=\"l-section wpb_row fascia-prato height_huge\"><div class=\"l-section-h i-cf\"><div class=\"g-cols vc_row via_flex valign_top type_default stacking_default\"><div class=\"vc_col-sm-4 wpb_column vc_column_container farfalla\"><div class=\"vc_column-inner\"><div class=\"wpb_wrapper\"><div class=\"ult-spacer spacer-69e18122b52eb\" data-id=\"69e18122b52eb\" data-height=\"50\" data-height-mobile=\"20\" data-height-tab=\"20\" data-height-tab-portrait=\"20\" data-height-mobile-landscape=\"20\" style=\"clear:both;display:block;\"><\/div><div class=\"wpb_text_column titolo-farfalla\"><div class=\"wpb_wrapper\"><h1>DAS LEDRO-TAL IST EIN FREILUFTGYM<\/h1>\n<\/div><\/div><\/div><\/div><\/div><div class=\"vc_col-sm-8 wpb_column vc_column_container\"><div class=\"vc_column-inner\"><div class=\"wpb_wrapper\"><div class=\"wpb_text_column giustifica\"><div class=\"wpb_wrapper\"><h4>MOUNTAINBIKER HABEN VIEL SPASS<\/h4>\n<\/div><\/div><div class=\"w-image i100 align_none\"><div class=\"w-image-h\"><img decoding=\"async\" width=\"1024\" height=\"1024\" src=\"https:\/\/www.valleledro.it\/wp-content\/uploads\/2018\/06\/riga-verde.svg\" class=\"attachment-large size-large\" alt=\"\" loading=\"lazy\" \/><\/div><\/div><div class=\"wpb_text_column giustifica\"><div class=\"wpb_wrapper\"><p>Das Ledro-Tal ist das Paradies f\u00fcr Mountainbiker, da es \u00fcber 200 km markierte Wege auf Forst- und Waldwegen und alten Saumpfaden bietet, die sowohl f\u00fcr Anf\u00e4nger als auch f\u00fcr diejenigen geeignet sind, die es lieben, sich selbst herauszufordern. Es gibt einen Ringweg, der die Gebiete Ledro, Garda, Monte Bondone und Monte Baldo verbindet. Mit insgesamt 216 km und 10.000 H\u00f6henmetern, die Enthusiasten von der Umgebung des Gardasees zu den Gipfeln des Tremalzo bringen.<br \/>\nDas sind jedoch l\u00e4ngst nicht alle M\u00f6glichkeiten f\u00fcr Outdoor-Aktivit\u00e4ten. Die Gegend birgt aufregende Trekking- und Nordic-Wanderwege. Die Ausfl\u00fcge haben unterschiedliche Schwierigkeitsgrade und sind sowohl f\u00fcr Familien als auch f\u00fcr Liebhaber aktiver Ferien geeignet.<br \/>\nFragen Sie uns bitte nach Mountainbike-Touren im Ledro-Tal, wir stehen Ihnen gern zur Seite.<\/p>\n<\/div><\/div><\/div><\/div><\/div><\/div><\/div><\/section><section class=\"l-section wpb_row height_medium\"><div class=\"l-section-h i-cf\"><div class=\"g-cols vc_row via_flex valign_bottom type_default stacking_default\"><div class=\"vc_col-sm-9 wpb_column vc_column_container\"><div class=\"vc_column-inner\"><div class=\"wpb_wrapper\"><div class=\"w-separator size_medium\"><\/div><div class=\"wpb_text_column\"><div class=\"wpb_wrapper\"><h1>Fu\u00dfwanderungen<\/h1>\n<\/div><\/div><div class=\"w-separator size_small\"><\/div><div class=\"wpb_text_column us_custom_432d3f53\"><div class=\"wpb_wrapper\"><p>Eine Wanderung zu Fu\u00df, um die Sch\u00f6nheiten der Gegend zu entdecken, ist immer eine gute Idee. Es gibt zahlreiche Wanderwege, f\u00fcr die Gro\u00dfen und die Kleinen, die leicht vom Villaggio Val Molini aus zu erreichen sind. Sehen Sie sich die Karten an.<\/p>\n<\/div><\/div><\/div><\/div><\/div><div class=\"vc_col-sm-3 wpb_column vc_column_container\"><div class=\"vc_column-inner\"><div class=\"wpb_wrapper\"><\/div><\/div><\/div><\/div><\/div><\/section><section class=\"l-section wpb_row height_small\"><div class=\"l-section-h i-cf\"><div class=\"g-cols vc_row via_flex valign_top type_default stacking_default\"><div class=\"vc_col-sm-12 wpb_column vc_column_container\"><div class=\"vc_column-inner\"><div class=\"wpb_wrapper\">[vc_raw_html]JTNDJTIxLS0lMjBTVEFSVCUyMHZ0biUyMHdpZGdldCUyMG91dGRvb3JhY3RpdmUlMjBWJTIwMS40JTIwaG9yaXpvbnRhbCUyMC0tJTNFJTBBJTNDJTIxLS0lMjBEZXNjcml6aW9uZSUyMFdpZGdldCUzQSUyMCUwQSUwQS0tJTNFJTBBJTNDc3R5bGUlM0UuaWZyYW1lb3V0ZG9vcmFjdGl2ZSUyMCU3QndpZHRoJTNBJTIwMTAwJTI1JTNCaGVpZ2h0JTNBJTIwNjAwcHglM0IlMjBib3JkZXIlM0ElMjAwJTdEJTNDJTJGc3R5bGUlM0UlMEElM0NzY3JpcHQlMjB0eXBlJTNEJTIydGV4dCUyRmphdmFzY3JpcHQlMjIlMjBzcmMlM0QlMjJodHRwcyUzQSUyRiUyRnMzLWV1LXdlc3QtMS5hbWF6b25hd3MuY29tJTJGczMuc3VnZ2VzdG8uZXUlMkZob29rcyUyRnZ0bi1ob29rJTJGZG9jcm9vdCUyRmxpYiUyRmlmcmFtZVJlc2l6ZXIubWluLmpzJTIyJTNFJTNDJTJGc2NyaXB0JTNFJTBBJTNDaWZyYW1lJTIwY2xhc3MlM0QlMjJpZnJhbWVvdXRkb29yYWN0aXZlJTIyJTIwZnJhbWVib3JkZXIlM0QlMjIwJTIyJTIwc3JjJTNEJTIyaHR0cHMlM0ElMkYlMkZzMy1ldS13ZXN0LTEuYW1hem9uYXdzLmNvbSUyRnMzLnN1Z2dlc3RvLmV1JTJGaG9va3MlMkZ2dG4taG9vayUyRmRvY3Jvb3QlMkZodG1sJTJGb3V0ZG9vci1pZnJhbWUtMDMtbWFwLmh0bWwlM0ZsYW5nJTNEZGUlMjZvdXRsaXN0JTNENTc1NzgxMjQlMkMyMzY2NTE0MyUyQzQyMjI1MDI1JTJDMjc1MTY2MzQlMkM5NDY1MzYwJTJDMjg3MjE0MjUlMkMyNzE1MTEyNiUyQzI3ODM5MzQ4JTJDMjM2NjY0MDMlMjIlMjBzY3JvbGxpbmclM0QlMjJubyUyMiUzRSUzQyUyRmlmcmFtZSUzRSUwQSUzQ3NjcmlwdCUzRWlGcmFtZVJlc2l6ZSUyOCU3QiUyMGxvZyUzQSUyMHRydWUlMjAlN0QlMjklM0MlMkZzY3JpcHQlM0UlMEElM0NzY3JpcHQlMjBzcmMlM0QlMjJodHRwcyUzQSUyRiUyRnMzLWV1LXdlc3QtMS5hbWF6b25hd3MuY29tJTJGczMuc3VnZ2VzdG8uZXUlMkZob29rcyUyRnZ0bi1ob29rJTJGZG9jcm9vdCUyRmpzJTJGd2lkZ2V0LW90cmFjay5qcyUyMiUzRSUzQyUyRnNjcmlwdCUzRSUwQSUzQyUyMS0tJTIwRU5EJTIwdnRuJTIwd2lkZ2V0JTIwMS40JTIwaG9yaXpvbnRhbCUyMCUyMC0tJTNF[\/vc_raw_html]<\/div><\/div><\/div><\/div><\/div><\/section><section class=\"l-section wpb_row height_medium\"><div class=\"l-section-h i-cf\"><div class=\"g-cols vc_row via_flex valign_bottom type_default stacking_default\"><div class=\"vc_col-sm-9 wpb_column vc_column_container\"><div class=\"vc_column-inner\"><div class=\"wpb_wrapper\"><div class=\"w-separator size_medium\"><\/div><div class=\"wpb_text_column\"><div class=\"wpb_wrapper\"><h1>MTB-Routen<\/h1>\n<\/div><\/div><div class=\"w-separator size_small\"><\/div><div class=\"wpb_text_column us_custom_432d3f53\"><div class=\"wpb_wrapper\"><p>Wir haben f\u00fcr Fahrradliebhaber die aufregendsten Routen des Ledrotals und seiner Umgebung ausgew\u00e4hlt. Bl\u00e4ttern Sie durch die Pr\u00e4sentationen, w\u00e4hlen Sie Ihren Favoriten, heizen Sie die Reifen auf und starten Sie ein neues Abenteuer.<\/p>\n<\/div><\/div><\/div><\/div><\/div><div class=\"vc_col-sm-3 wpb_column vc_column_container\"><div class=\"vc_column-inner\"><div class=\"wpb_wrapper\"><\/div><\/div><\/div><\/div><\/div><\/section><section class=\"l-section wpb_row height_small\"><div class=\"l-section-h i-cf\"><div class=\"g-cols vc_row via_flex valign_top type_default stacking_default\"><div class=\"vc_col-sm-12 wpb_column vc_column_container\"><div class=\"vc_column-inner\"><div class=\"wpb_wrapper\">[vc_raw_html]JTNDJTIxLS0lMjBTVEFSVCUyMHZ0biUyMHdpZGdldCUyMG91dGRvb3JhY3RpdmUlMjBWJTIwMS40JTIwaG9yaXpvbnRhbCUyMC0tJTNFJTBBJTNDJTIxLS0lMjBEZXNjcml6aW9uZSUyMFdpZGdldCUzQSUyMCUwQSUwQS0tJTNFJTBBJTNDc3R5bGUlM0UuaWZyYW1lb3V0ZG9vcmFjdGl2ZSUyMCU3QndpZHRoJTNBJTIwMTAwJTI1JTNCaGVpZ2h0JTNBJTIwNjAwcHglM0IlMjBib3JkZXIlM0ElMjAwJTdEJTNDJTJGc3R5bGUlM0UlMEElM0NzY3JpcHQlMjB0eXBlJTNEJTIydGV4dCUyRmphdmFzY3JpcHQlMjIlMjBzcmMlM0QlMjJodHRwcyUzQSUyRiUyRnMzLWV1LXdlc3QtMS5hbWF6b25hd3MuY29tJTJGczMuc3VnZ2VzdG8uZXUlMkZob29rcyUyRnZ0bi1ob29rJTJGZG9jcm9vdCUyRmxpYiUyRmlmcmFtZVJlc2l6ZXIubWluLmpzJTIyJTNFJTNDJTJGc2NyaXB0JTNFJTBBJTNDaWZyYW1lJTIwY2xhc3MlM0QlMjJpZnJhbWVvdXRkb29yYWN0aXZlJTIyJTIwZnJhbWVib3JkZXIlM0QlMjIwJTIyJTIwc3JjJTNEJTIyaHR0cHMlM0ElMkYlMkZzMy1ldS13ZXN0LTEuYW1hem9uYXdzLmNvbSUyRnMzLnN1Z2dlc3RvLmV1JTJGaG9va3MlMkZ2dG4taG9vayUyRmRvY3Jvb3QlMkZodG1sJTJGb3V0ZG9vci1pZnJhbWUtMDMtbWFwLmh0bWwlM0ZsYW5nJTNEZGUlMjZvdXRsaXN0JTNENzg3NjQ2NyUyQzIzNzgzOTEyJTJDNzAyNjIxNCUyQzI3MTUwNzc5JTJDMjM5MDcwODclMkM2MTM1NzMxJTJDMjcxODY5MDMlMkMyNzAzMjcwMyUyQzM3NTY2NjI1JTIyJTIwc2Nyb2xsaW5nJTNEJTIybm8lMjIlM0UlM0MlMkZpZnJhbWUlM0UlMEElM0NzY3JpcHQlM0VpRnJhbWVSZXNpemUlMjglN0IlMjBsb2clM0ElMjB0cnVlJTIwJTdEJTI5JTNDJTJGc2NyaXB0JTNFJTBBJTNDc2NyaXB0JTIwc3JjJTNEJTIyaHR0cHMlM0ElMkYlMkZzMy1ldS13ZXN0LTEuYW1hem9uYXdzLmNvbSUyRnMzLnN1Z2dlc3RvLmV1JTJGaG9va3MlMkZ2dG4taG9vayUyRmRvY3Jvb3QlMkZqcyUyRndpZGdldC1vdHJhY2suanMlMjIlM0UlM0MlMkZzY3JpcHQlM0UlMEElM0MlMjEtLSUyMEVORCUyMHZ0biUyMHdpZGdldCUyMDEuNCUyMGhvcml6b250YWwlMjAlMjAtLSUzRQ==[\/vc_raw_html]<\/div><\/div><\/div><\/div><\/div><\/section>\n","protected":false},"excerpt":{"rendered":"Sport in den bergenDAS LEDRO-TAL IST EIN FREILUFTGYM MOUNTAINBIKER HABEN VIEL SPASS Das Ledro-Tal ist das Paradies f\u00fcr Mountainbiker, da es \u00fcber 200 km markierte Wege auf Forst- und Waldwegen und alten Saumpfaden bietet, die sowohl f\u00fcr Anf\u00e4nger als auch f\u00fcr diejenigen geeignet sind, die es lieben, sich selbst herauszufordern. Es gibt einen Ringweg, der...","protected":false},"author":1,"featured_media":0,"parent":0,"menu_order":42,"comment_status":"closed","ping_status":"closed","template":"","meta":{"inline_featured_image":false,"footnotes":""},"class_list":["post-1761","page","type-page","status-publish","hentry"],"yoast_head":"<!-- This site is optimized with the Yoast SEO plugin v27.4 - https:\/\/yoast.com\/product\/yoast-seo-wordpress\/ -->\n<title>Mountainbike im Ledrotal | Villaggio Val Molini Bungalow und Apartment<\/title>\n<meta name=\"description\" content=\"Fahren Sie mit dem Mountainbike auf den herrlichen Wegen des Ledro-Tales und erreichen Sie den bekannten Gardasee und andere von der Natur her interessante Orte.\" \/>\n<meta name=\"robots\" content=\"index, follow, max-snippet:-1, max-image-preview:large, max-video-preview:-1\" \/>\n<link rel=\"canonical\" href=\"https:\/\/www.valleledro.it\/de\/sport-in-den-bergen\/\" \/>\n<meta property=\"og:locale\" content=\"de_DE\" \/>\n<meta property=\"og:type\" content=\"article\" \/>\n<meta property=\"og:title\" content=\"Mountainbike im Ledrotal | Villaggio Val Molini Bungalow und Apartment\" \/>\n<meta property=\"og:description\" content=\"Fahren Sie mit dem Mountainbike auf den herrlichen Wegen des Ledro-Tales und erreichen Sie den bekannten Gardasee und andere von der Natur her interessante Orte.\" \/>\n<meta property=\"og:url\" content=\"https:\/\/www.valleledro.it\/de\/sport-in-den-bergen\/\" \/>\n<meta property=\"og:site_name\" content=\"Val Molini Bungalow Ledro\" \/>\n<meta property=\"article:publisher\" content=\"https:\/\/www.facebook.com\/villaggio.valmolini\/\" \/>\n<meta property=\"article:modified_time\" content=\"2026-02-25T09:28:26+00:00\" \/>\n<meta name=\"twitter:card\" content=\"summary_large_image\" \/>\n<meta name=\"twitter:label1\" content=\"Gesch\u00e4tzte Lesezeit\" \/>\n\t<meta name=\"twitter:data1\" content=\"2\u00a0Minuten\" \/>\n<script type=\"application\/ld+json\" class=\"yoast-schema-graph\">{\"@context\":\"https:\\\/\\\/schema.org\",\"@graph\":[{\"@type\":\"WebPage\",\"@id\":\"https:\\\/\\\/www.valleledro.it\\\/de\\\/sport-in-den-bergen\\\/\",\"url\":\"https:\\\/\\\/www.valleledro.it\\\/de\\\/sport-in-den-bergen\\\/\",\"name\":\"Mountainbike im Ledrotal | Villaggio Val Molini Bungalow und Apartment\",\"isPartOf\":{\"@id\":\"https:\\\/\\\/www.valleledro.it\\\/#website\"},\"datePublished\":\"2020-02-26T12:38:00+00:00\",\"dateModified\":\"2026-02-25T09:28:26+00:00\",\"description\":\"Fahren Sie mit dem Mountainbike auf den herrlichen Wegen des Ledro-Tales und erreichen Sie den bekannten Gardasee und andere von der Natur her interessante Orte.\",\"breadcrumb\":{\"@id\":\"https:\\\/\\\/www.valleledro.it\\\/de\\\/sport-in-den-bergen\\\/#breadcrumb\"},\"inLanguage\":\"de\",\"potentialAction\":[{\"@type\":\"ReadAction\",\"target\":[\"https:\\\/\\\/www.valleledro.it\\\/de\\\/sport-in-den-bergen\\\/\"]}]},{\"@type\":\"BreadcrumbList\",\"@id\":\"https:\\\/\\\/www.valleledro.it\\\/de\\\/sport-in-den-bergen\\\/#breadcrumb\",\"itemListElement\":[{\"@type\":\"ListItem\",\"position\":1,\"name\":\"Home\",\"item\":\"https:\\\/\\\/www.valleledro.it\\\/de\\\/\"},{\"@type\":\"ListItem\",\"position\":2,\"name\":\"Sport in den bergen\"}]},{\"@type\":\"WebSite\",\"@id\":\"https:\\\/\\\/www.valleledro.it\\\/#website\",\"url\":\"https:\\\/\\\/www.valleledro.it\\\/\",\"name\":\"Val Molini Bungalow Ledro\",\"description\":\"Val Molini Bungalow Ledro\",\"potentialAction\":[{\"@type\":\"SearchAction\",\"target\":{\"@type\":\"EntryPoint\",\"urlTemplate\":\"https:\\\/\\\/www.valleledro.it\\\/?s={search_term_string}\"},\"query-input\":{\"@type\":\"PropertyValueSpecification\",\"valueRequired\":true,\"valueName\":\"search_term_string\"}}],\"inLanguage\":\"de\"}]}<\/script>\n<!-- \/ Yoast SEO plugin. -->","yoast_head_json":{"title":"Mountainbike im Ledrotal | Villaggio Val Molini Bungalow und Apartment","description":"Fahren Sie mit dem Mountainbike auf den herrlichen Wegen des Ledro-Tales und erreichen Sie den bekannten Gardasee und andere von der Natur her interessante Orte.","robots":{"index":"index","follow":"follow","max-snippet":"max-snippet:-1","max-image-preview":"max-image-preview:large","max-video-preview":"max-video-preview:-1"},"canonical":"https:\/\/www.valleledro.it\/de\/sport-in-den-bergen\/","og_locale":"de_DE","og_type":"article","og_title":"Mountainbike im Ledrotal | Villaggio Val Molini Bungalow und Apartment","og_description":"Fahren Sie mit dem Mountainbike auf den herrlichen Wegen des Ledro-Tales und erreichen Sie den bekannten Gardasee und andere von der Natur her interessante Orte.","og_url":"https:\/\/www.valleledro.it\/de\/sport-in-den-bergen\/","og_site_name":"Val Molini Bungalow Ledro","article_publisher":"https:\/\/www.facebook.com\/villaggio.valmolini\/","article_modified_time":"2026-02-25T09:28:26+00:00","twitter_card":"summary_large_image","twitter_misc":{"Gesch\u00e4tzte Lesezeit":"2\u00a0Minuten"},"schema":{"@context":"https:\/\/schema.org","@graph":[{"@type":"WebPage","@id":"https:\/\/www.valleledro.it\/de\/sport-in-den-bergen\/","url":"https:\/\/www.valleledro.it\/de\/sport-in-den-bergen\/","name":"Mountainbike im Ledrotal | Villaggio Val Molini Bungalow und Apartment","isPartOf":{"@id":"https:\/\/www.valleledro.it\/#website"},"datePublished":"2020-02-26T12:38:00+00:00","dateModified":"2026-02-25T09:28:26+00:00","description":"Fahren Sie mit dem Mountainbike auf den herrlichen Wegen des Ledro-Tales und erreichen Sie den bekannten Gardasee und andere von der Natur her interessante Orte.","breadcrumb":{"@id":"https:\/\/www.valleledro.it\/de\/sport-in-den-bergen\/#breadcrumb"},"inLanguage":"de","potentialAction":[{"@type":"ReadAction","target":["https:\/\/www.valleledro.it\/de\/sport-in-den-bergen\/"]}]},{"@type":"BreadcrumbList","@id":"https:\/\/www.valleledro.it\/de\/sport-in-den-bergen\/#breadcrumb","itemListElement":[{"@type":"ListItem","position":1,"name":"Home","item":"https:\/\/www.valleledro.it\/de\/"},{"@type":"ListItem","position":2,"name":"Sport in den bergen"}]},{"@type":"WebSite","@id":"https:\/\/www.valleledro.it\/#website","url":"https:\/\/www.valleledro.it\/","name":"Val Molini Bungalow Ledro","description":"Val Molini Bungalow Ledro","potentialAction":[{"@type":"SearchAction","target":{"@type":"EntryPoint","urlTemplate":"https:\/\/www.valleledro.it\/?s={search_term_string}"},"query-input":{"@type":"PropertyValueSpecification","valueRequired":true,"valueName":"search_term_string"}}],"inLanguage":"de"}]}},"publishpress_future_action":{"enabled":false,"date":"2026-04-24 02:38:58","action":"change-status","newStatus":"draft","terms":[],"taxonomy":"translation_priority","extraData":[]},"publishpress_future_workflow_manual_trigger":{"enabledWorkflows":[]},"_links":{"self":[{"href":"https:\/\/www.valleledro.it\/de\/wp-json\/wp\/v2\/pages\/1761","targetHints":{"allow":["GET"]}}],"collection":[{"href":"https:\/\/www.valleledro.it\/de\/wp-json\/wp\/v2\/pages"}],"about":[{"href":"https:\/\/www.valleledro.it\/de\/wp-json\/wp\/v2\/types\/page"}],"author":[{"embeddable":true,"href":"https:\/\/www.valleledro.it\/de\/wp-json\/wp\/v2\/users\/1"}],"replies":[{"embeddable":true,"href":"https:\/\/www.valleledro.it\/de\/wp-json\/wp\/v2\/comments?post=1761"}],"version-history":[{"count":18,"href":"https:\/\/www.valleledro.it\/de\/wp-json\/wp\/v2\/pages\/1761\/revisions"}],"predecessor-version":[{"id":5069,"href":"https:\/\/www.valleledro.it\/de\/wp-json\/wp\/v2\/pages\/1761\/revisions\/5069"}],"wp:attachment":[{"href":"https:\/\/www.valleledro.it\/de\/wp-json\/wp\/v2\/media?parent=1761"}],"curies":[{"name":"wp","href":"https:\/\/api.w.org\/{rel}","templated":true}]}}