{"id":1766,"date":"2020-01-23T16:46:51","date_gmt":"2020-01-23T15:46:51","guid":{"rendered":"https:\/\/www.valleledro.it\/?page_id=1766"},"modified":"2025-12-12T17:59:33","modified_gmt":"2025-12-12T16:59:33","slug":"urlaub-im-natuerlichen-rhythmus","status":"publish","type":"page","link":"https:\/\/www.valleledro.it\/de\/urlaub-im-natuerlichen-rhythmus\/","title":{"rendered":"Urlaub im nat\u00fcrlichen Rhythmus"},"content":{"rendered":"<section class=\"l-section wpb_row us_custom_755519e8 height_auto width_full\"><div class=\"l-section-h i-cf\"><div class=\"g-cols vc_row via_flex valign_middle type_default stacking_default\"><div class=\"vc_col-sm-12 wpb_column vc_column_container\"><div class=\"vc_column-inner\"><div class=\"wpb_wrapper\">[rev_slider_vc alias=&#8220;home&#8220;]<\/div><\/div><\/div><\/div><\/div><\/section><section class=\"l-section wpb_row height_huge\"><div class=\"l-section-h i-cf\"><div class=\"g-cols vc_row via_flex valign_top type_default stacking_default\"><div class=\"vc_col-sm-4 wpb_column vc_column_container farfalla\"><div class=\"vc_column-inner\"><div class=\"wpb_wrapper\"><div class=\"ult-spacer spacer-69ea7a55c954f\" data-id=\"69ea7a55c954f\" data-height=\"50\" data-height-mobile=\"20\" data-height-tab=\"20\" data-height-tab-portrait=\"20\" data-height-mobile-landscape=\"20\" style=\"clear:both;display:block;\"><\/div><div class=\"wpb_text_column titolo-farfalla\"><div class=\"wpb_wrapper\"><h1>Die magische Verbindung zwischen Natur und Entspannung<\/h1>\n<div class=\"BottomBar\">\n<div class=\"Icon \" title=\"Ascolta\"><\/div>\n<\/div>\n<\/div><\/div><\/div><\/div><\/div><div class=\"vc_col-sm-8 wpb_column vc_column_container\"><div class=\"vc_column-inner\"><div class=\"wpb_wrapper\"><div class=\"wpb_text_column giustifica\"><div class=\"wpb_wrapper\"><h2>Erleben Sie einen nachhaltigen Urlaub<\/h2>\n<\/div><\/div><div class=\"w-image i100 align_none\"><div class=\"w-image-h\"><img decoding=\"async\" width=\"1024\" height=\"1024\" src=\"https:\/\/www.valleledro.it\/wp-content\/uploads\/2018\/06\/riga-verde.svg\" class=\"attachment-large size-large\" alt=\"\" loading=\"lazy\" \/><\/div><\/div><div class=\"wpb_text_column giustifica\"><div class=\"wpb_wrapper\"><p>Ihre Wahrnehmung von Raum und Zeit wird nicht mehr dieselbe sein, nachdem Sie einen erholsamen Urlaub in v\u00f6lliger Harmonie mit der Natur im Val Molini verbracht haben. Lassen Sie Stress und Hektik hinter sich, lassen Sie sich von den poetischen Kl\u00e4ngen des Waldes wiegen und finden Sie ein pers\u00f6nliches Gleichgewicht, indem Sie Ihre Rhythmen mit denen der Umgebung abstimmen. Egal ob Sie Sportbegeisterte, unheilbare Romantiker, Liebhaber eines Familienurlaubs oder Alleinreisende sind, verbinden Sie sich mit unserer Wellness- und Entspannungsphilosophie und w\u00e4hlen Sie das Val Molini als Ihr bevorzugtes Reiseziel.<\/p>\n<\/div><\/div><div class=\"w-separator size_medium\"><\/div><div class=\"w-hwrapper valign_middle align_none\" style=\"--hwrapper-gap:1rem\"><div class=\"w-image us_custom_1662554d align_none\"><div class=\"w-image-h\"><img decoding=\"async\" src=\"https:\/\/www.valleledro.it\/wp-content\/uploads\/2024\/05\/Risorsa-1.svg\" class=\"attachment-full size-full\" alt=\"\" loading=\"lazy\" \/><\/div><\/div><h2 class=\"w-text\"><span class=\"w-text-h\"><span class=\"w-text-value\">Wie bringen wir unsere Liebe zur Natur und zur Umwelt zum Ausdruck?<\/span><\/span><\/h2><\/div><div class=\"w-separator size_medium\"><\/div><div class=\"wpb_text_column\"><div class=\"wpb_wrapper\"><p>Nachstehend finden Sie unsere 10+1 umweltvertr\u00e4glichen Ma\u00dfnahmen.<\/p>\n<p>Mit Bewusstsein und Verantwortung setzen wir uns daf\u00fcr ein, zusammen mit Ihnen \u2013 unseren G\u00e4sten \u2013 die Werte und die Sch\u00f6nheit dessen, was uns umgibt, zu bewahren.<\/p>\n<\/div><\/div><div class=\"w-tabs style_default switch_click accordion type_togglable has_scrolling remove_indents\" style=\"--sections-title-size:1.2rem\"><div class=\"w-tabs-sections titles-align_none icon_triangle cpos_left\"><div class=\"w-tabs-section\" id=\"yf4d\"><button class=\"w-tabs-section-header\" aria-controls=\"content-yf4d\" aria-expanded=\"false\"><h6 class=\"w-tabs-section-title\">VERBRAUCH MIT NIEDRIGEN UMWELTAUSWIRKUNGEN<\/h6><div class=\"w-tabs-section-control\"><\/div><\/button><div  class=\"w-tabs-section-content\" id=\"content-yf4d\"><div class=\"w-tabs-section-content-h i-cf\"><div class=\"wpb_text_column\"><div class=\"wpb_wrapper\"><ul>\n<li>Einsatz von erneuerbarer Energie aus Sonnenkraft \u00fcber die <strong><span style=\"color: #99cc00;\">Photovoltaik-Paneele<\/span><\/strong> f\u00fcr die Produktion von elektrischem Strom.<\/li>\n<li>Die <strong><span style=\"color: #99cc00;\">Gl\u00fchbirnen<\/span><\/strong> sind <strong><span style=\"color: #99cc00;\">Energiesparlampen<\/span><\/strong>. \u00dcberall dort, wo es m\u00f6glich ist, wurden LED-Leuchten bevorzugt.<\/li>\n<li>In den Badezimmern der Appartements und der Bungalows wurden <strong><span style=\"color: #99cc00;\">Wasserdurchflussbegrenzer<\/span><\/strong> und Toilettensp\u00fclungen mit zweifachem Modus eingebaut, um die Vergeudung der Ressource Wasser zu minimieren.<\/li>\n<li><strong><span style=\"color: #99cc00;\">M\u00fclltrennung<\/span><\/strong> bei den t\u00e4glichen Abf\u00e4llen: im Villaggio Val Molini gibt es eine Sammelinsel, wo man die Abf\u00e4lle richtig entsorgen kann. Jedes Appartement und jeder Bungalow ist mit recycelbaren Taschen ausgestattet, damit die G\u00e4ste w\u00e4hrend ihres Aufenthalts bequem den M\u00fcll trennen k\u00f6nnen.<\/li>\n<li><!--StartFragment --><span class=\"cf0\">Die <\/span><span style=\"color: #99cc00;\"><strong><span class=\"cf0\">Abdeckungen<\/span><span class=\"cf0\"> <\/span><span class=\"cf0\">beim<\/span><span class=\"cf0\"> Outdoor-Whirlpool <\/span><\/strong><\/span><span class=\"cf0\">der<\/span><span class=\"cf0\"> Deluxe- und Premium-Bungalows <\/span><span class=\"cf0\">erlauben<\/span><span class=\"cf0\"> es, die <\/span><span class=\"cf0\">W\u00e4rme<\/span><span class=\"cf0\"> <\/span><span class=\"cf0\">des<\/span><span class=\"cf0\"> <\/span><span class=\"cf0\">Wassers<\/span><span class=\"cf0\"> <\/span><span class=\"cf0\">besser<\/span><span class=\"cf0\"> <\/span><span class=\"cf0\">zu<\/span><span class=\"cf0\"> <\/span><span class=\"cf0\">speichern<\/span><span class=\"cf0\">, <\/span><span class=\"cf0\">w\u00e4hrend<\/span><span class=\"cf0\"> <\/span><span class=\"cf0\">sie<\/span><span class=\"cf0\"> <\/span><span class=\"cf0\">nicht<\/span><span class=\"cf0\"> <\/span><span class=\"cf0\">genutzt<\/span><span class=\"cf0\"> <\/span><span class=\"cf0\">werden<\/span><span class=\"cf0\">.<\/span><!--EndFragment --><\/li>\n<li>In den Bungalows wurden<strong><span style=\"color: #99cc00;\"> Elektroger\u00e4te<\/span> <\/strong>der<strong><span style=\"color: #99cc00;\"> Energieklasse A,<\/span><\/strong> also mit hoher Effizienz, eingebaut.<\/li>\n<\/ul>\n<\/div><\/div><\/div><\/div><\/div><div class=\"w-tabs-section\" id=\"r341\"><button class=\"w-tabs-section-header\" aria-controls=\"content-r341\" aria-expanded=\"false\"><h6 class=\"w-tabs-section-title\">W\u00c4HREND DES AUFENTHALTS<\/h6><div class=\"w-tabs-section-control\"><\/div><\/button><div  class=\"w-tabs-section-content\" id=\"content-r341\"><div class=\"w-tabs-section-content-h i-cf\"><div class=\"wpb_text_column\"><div class=\"wpb_wrapper\"><ul>\n<li>Die Einf\u00fchrung von <span style=\"color: #99cc00;\"><strong>Magnetkarten<\/strong><\/span> f\u00fcr das Zutrittsmanagement und die Verwaltung des Hausautomationssystems in einigen Appartements und Bungalows f\u00f6rdert die bewusste Nutzung von Energie.<\/li>\n<li><strong><span style=\"color: #99cc00;\">Verringerung<\/span><\/strong> der Ausstattung mit <strong><span style=\"color: #99cc00;\">Einwegartikeln aus Plastik<\/span><\/strong> in den Appartements und Bungalows zugunsten von nachhaltigen L\u00f6sungen.<\/li>\n<li>Ein<strong><span style=\"color: #99cc00;\"> zus\u00e4tzlicher Wechsel von Handt\u00fcchern und Bettw\u00e4sche<\/span><\/strong> w\u00e4hrend des Aufenthalts erfolgt auf Anfrage.<\/li>\n<li>Der Besitz der<strong><span style=\"color: #99cc00;\"> regionalen Vorteilskarte<\/span><\/strong> erlaubt es den G\u00e4sten, im Trentino kostenlos mit den \u00f6ffentlichen Verkehrsmitteln zu fahren.<\/li>\n<li>Die <strong><span style=\"color: #99cc00;\">Bungalows<\/span><\/strong> sind <strong><span style=\"color: #99cc00;\">thermisch isolierte<\/span><\/strong> Geb\u00e4ude aus Holz. Sie bewahren die gew\u00fcnschte Temperatur in der Saison mit minimalem Verlust.<\/li>\n<li>Das Team steht f\u00fcr Tipps zu den Routen, die man <strong><span style=\"color: #99cc00;\">zu Fu\u00df<\/span><\/strong> oder <strong><span style=\"color: #99cc00;\">mit dem Fahrrad<\/span><\/strong> bew\u00e4ltigen kann, um das Ledrotal zu entdecken, und zu den \u00d6kotourismus-Erfahrungen in der Region zur Verf\u00fcgung.<\/li>\n<\/ul>\n<\/div><\/div><\/div><\/div><\/div><div class=\"w-tabs-section\" id=\"n653\"><button class=\"w-tabs-section-header\" aria-controls=\"content-n653\" aria-expanded=\"false\"><h6 class=\"w-tabs-section-title\">IN DEN GEMEINSCHAFTSBEREICHEN<\/h6><div class=\"w-tabs-section-control\"><\/div><\/button><div  class=\"w-tabs-section-content\" id=\"content-n653\"><div class=\"w-tabs-section-content-h i-cf\"><div class=\"wpb_text_column\"><div class=\"wpb_wrapper\"><ul>\n<li>Einsatz von <strong><span style=\"color: #99cc00;\">Pellets<\/span> <\/strong>aus Verarbeitungsabf\u00e4llen als Rohstoff zum Heizen des Wassers in einigen der Appartements\/Bungalows und des Pools.<\/li>\n<li>Die Gr\u00fcnbereiche werden mit<strong><span style=\"color: #99cc00;\"> Ger\u00e4ten mit 0 CO2-Emissionen<\/span><\/strong> wie Motorsensen und Laubbl\u00e4sern mit Akku instand gehalten.<\/li>\n<li><strong><span style=\"color: #99cc00;\">Die Abdeckung des beheizten Pools<\/span><\/strong> mit den Planen w\u00e4hrend der Schlie\u00dfzeiten erlaubt es, den W\u00e4rmeverlust zu verringern.<\/li>\n<li>Das Team kann ein <strong><span style=\"color: #99cc00;\">Elektrofahrzeug<\/span><\/strong> f\u00fcr die Fahrten im Villaggio Val Molini nutzen.<\/li>\n<li>Im gro\u00dfen Gemeinschaftsgarten stehen den G\u00e4sten mehrere <strong><span style=\"color: #99cc00;\">Trinkwasser-Brunnen<\/span><\/strong> zur Verf\u00fcgung.<\/li>\n<\/ul>\n<\/div><\/div><\/div><\/div><\/div><\/div><\/div><\/div><\/div><\/div><\/div><\/div><\/section><section class=\"l-section wpb_row fascia-prato height_auto\"><div class=\"l-section-h i-cf\"><div class=\"g-cols vc_row via_flex valign_top type_default stacking_default\"><div class=\"vc_col-sm-12 wpb_column vc_column_container\"><div class=\"vc_column-inner\"><div class=\"wpb_wrapper\"><\/div><\/div><\/div><\/div><\/div><\/section>\n","protected":false},"excerpt":{"rendered":"[rev_slider_vc alias=\"home\"]Die magische Verbindung zwischen Natur und Entspannung Erleben Sie einen nachhaltigen Urlaub Ihre Wahrnehmung von Raum und Zeit wird nicht mehr dieselbe sein, nachdem Sie einen erholsamen Urlaub in v\u00f6lliger Harmonie mit der Natur im Val Molini verbracht haben. Lassen Sie Stress und Hektik hinter sich, lassen Sie sich von den poetischen Kl\u00e4ngen des...","protected":false},"author":1,"featured_media":0,"parent":0,"menu_order":44,"comment_status":"closed","ping_status":"closed","template":"","meta":{"inline_featured_image":false,"footnotes":""},"class_list":["post-1766","page","type-page","status-publish","hentry"],"yoast_head":"<!-- This site is optimized with the Yoast SEO plugin v27.4 - https:\/\/yoast.com\/product\/yoast-seo-wordpress\/ -->\n<title>vacanza di relax in Val Molini | Villaggio Val Molini bungalow &amp; apartment<\/title>\n<meta name=\"description\" content=\"ogni giorno \u00e8 il momento giusto per vivere una splendida vacanza di assoluto relax nel meraviglioso contesto naturalistico della Val Molini nella Valle di Ledro.\" \/>\n<meta name=\"robots\" content=\"index, follow, max-snippet:-1, max-image-preview:large, max-video-preview:-1\" \/>\n<link rel=\"canonical\" href=\"https:\/\/www.valleledro.it\/de\/urlaub-im-natuerlichen-rhythmus\/\" \/>\n<meta property=\"og:locale\" content=\"de_DE\" \/>\n<meta property=\"og:type\" content=\"article\" \/>\n<meta property=\"og:title\" content=\"vacanza di relax in Val Molini | Villaggio Val Molini bungalow &amp; apartment\" \/>\n<meta property=\"og:description\" content=\"ogni giorno \u00e8 il momento giusto per vivere una splendida vacanza di assoluto relax nel meraviglioso contesto naturalistico della Val Molini nella Valle di Ledro.\" \/>\n<meta property=\"og:url\" content=\"https:\/\/www.valleledro.it\/de\/urlaub-im-natuerlichen-rhythmus\/\" \/>\n<meta property=\"og:site_name\" content=\"Val Molini Bungalow Ledro\" \/>\n<meta property=\"article:publisher\" content=\"https:\/\/www.facebook.com\/villaggio.valmolini\/\" \/>\n<meta property=\"article:modified_time\" content=\"2025-12-12T16:59:33+00:00\" \/>\n<meta name=\"twitter:card\" content=\"summary_large_image\" \/>\n<meta name=\"twitter:label1\" content=\"Gesch\u00e4tzte Lesezeit\" \/>\n\t<meta name=\"twitter:data1\" content=\"3\u00a0Minuten\" \/>\n<script type=\"application\/ld+json\" class=\"yoast-schema-graph\">{\"@context\":\"https:\\\/\\\/schema.org\",\"@graph\":[{\"@type\":\"WebPage\",\"@id\":\"https:\\\/\\\/www.valleledro.it\\\/de\\\/urlaub-im-natuerlichen-rhythmus\\\/\",\"url\":\"https:\\\/\\\/www.valleledro.it\\\/de\\\/urlaub-im-natuerlichen-rhythmus\\\/\",\"name\":\"vacanza di relax in Val Molini | Villaggio Val Molini bungalow & apartment\",\"isPartOf\":{\"@id\":\"https:\\\/\\\/www.valleledro.it\\\/#website\"},\"datePublished\":\"2020-01-23T15:46:51+00:00\",\"dateModified\":\"2025-12-12T16:59:33+00:00\",\"description\":\"ogni giorno \u00e8 il momento giusto per vivere una splendida vacanza di assoluto relax nel meraviglioso contesto naturalistico della Val Molini nella Valle di Ledro.\",\"breadcrumb\":{\"@id\":\"https:\\\/\\\/www.valleledro.it\\\/de\\\/urlaub-im-natuerlichen-rhythmus\\\/#breadcrumb\"},\"inLanguage\":\"de\",\"potentialAction\":[{\"@type\":\"ReadAction\",\"target\":[\"https:\\\/\\\/www.valleledro.it\\\/de\\\/urlaub-im-natuerlichen-rhythmus\\\/\"]}]},{\"@type\":\"BreadcrumbList\",\"@id\":\"https:\\\/\\\/www.valleledro.it\\\/de\\\/urlaub-im-natuerlichen-rhythmus\\\/#breadcrumb\",\"itemListElement\":[{\"@type\":\"ListItem\",\"position\":1,\"name\":\"Home\",\"item\":\"https:\\\/\\\/www.valleledro.it\\\/de\\\/\"},{\"@type\":\"ListItem\",\"position\":2,\"name\":\"Urlaub im nat\u00fcrlichen Rhythmus\"}]},{\"@type\":\"WebSite\",\"@id\":\"https:\\\/\\\/www.valleledro.it\\\/#website\",\"url\":\"https:\\\/\\\/www.valleledro.it\\\/\",\"name\":\"Val Molini Bungalow Ledro\",\"description\":\"Val Molini Bungalow Ledro\",\"potentialAction\":[{\"@type\":\"SearchAction\",\"target\":{\"@type\":\"EntryPoint\",\"urlTemplate\":\"https:\\\/\\\/www.valleledro.it\\\/?s={search_term_string}\"},\"query-input\":{\"@type\":\"PropertyValueSpecification\",\"valueRequired\":true,\"valueName\":\"search_term_string\"}}],\"inLanguage\":\"de\"}]}<\/script>\n<!-- \/ Yoast SEO plugin. -->","yoast_head_json":{"title":"vacanza di relax in Val Molini | Villaggio Val Molini bungalow & apartment","description":"ogni giorno \u00e8 il momento giusto per vivere una splendida vacanza di assoluto relax nel meraviglioso contesto naturalistico della Val Molini nella Valle di Ledro.","robots":{"index":"index","follow":"follow","max-snippet":"max-snippet:-1","max-image-preview":"max-image-preview:large","max-video-preview":"max-video-preview:-1"},"canonical":"https:\/\/www.valleledro.it\/de\/urlaub-im-natuerlichen-rhythmus\/","og_locale":"de_DE","og_type":"article","og_title":"vacanza di relax in Val Molini | Villaggio Val Molini bungalow & apartment","og_description":"ogni giorno \u00e8 il momento giusto per vivere una splendida vacanza di assoluto relax nel meraviglioso contesto naturalistico della Val Molini nella Valle di Ledro.","og_url":"https:\/\/www.valleledro.it\/de\/urlaub-im-natuerlichen-rhythmus\/","og_site_name":"Val Molini Bungalow Ledro","article_publisher":"https:\/\/www.facebook.com\/villaggio.valmolini\/","article_modified_time":"2025-12-12T16:59:33+00:00","twitter_card":"summary_large_image","twitter_misc":{"Gesch\u00e4tzte Lesezeit":"3\u00a0Minuten"},"schema":{"@context":"https:\/\/schema.org","@graph":[{"@type":"WebPage","@id":"https:\/\/www.valleledro.it\/de\/urlaub-im-natuerlichen-rhythmus\/","url":"https:\/\/www.valleledro.it\/de\/urlaub-im-natuerlichen-rhythmus\/","name":"vacanza di relax in Val Molini | Villaggio Val Molini bungalow & apartment","isPartOf":{"@id":"https:\/\/www.valleledro.it\/#website"},"datePublished":"2020-01-23T15:46:51+00:00","dateModified":"2025-12-12T16:59:33+00:00","description":"ogni giorno \u00e8 il momento giusto per vivere una splendida vacanza di assoluto relax nel meraviglioso contesto naturalistico della Val Molini nella Valle di Ledro.","breadcrumb":{"@id":"https:\/\/www.valleledro.it\/de\/urlaub-im-natuerlichen-rhythmus\/#breadcrumb"},"inLanguage":"de","potentialAction":[{"@type":"ReadAction","target":["https:\/\/www.valleledro.it\/de\/urlaub-im-natuerlichen-rhythmus\/"]}]},{"@type":"BreadcrumbList","@id":"https:\/\/www.valleledro.it\/de\/urlaub-im-natuerlichen-rhythmus\/#breadcrumb","itemListElement":[{"@type":"ListItem","position":1,"name":"Home","item":"https:\/\/www.valleledro.it\/de\/"},{"@type":"ListItem","position":2,"name":"Urlaub im nat\u00fcrlichen Rhythmus"}]},{"@type":"WebSite","@id":"https:\/\/www.valleledro.it\/#website","url":"https:\/\/www.valleledro.it\/","name":"Val Molini Bungalow Ledro","description":"Val Molini Bungalow Ledro","potentialAction":[{"@type":"SearchAction","target":{"@type":"EntryPoint","urlTemplate":"https:\/\/www.valleledro.it\/?s={search_term_string}"},"query-input":{"@type":"PropertyValueSpecification","valueRequired":true,"valueName":"search_term_string"}}],"inLanguage":"de"}]}},"publishpress_future_action":{"enabled":false,"date":"2026-04-30 22:00:21","action":"change-status","newStatus":"draft","terms":[],"taxonomy":"translation_priority","extraData":[]},"publishpress_future_workflow_manual_trigger":{"enabledWorkflows":[]},"_links":{"self":[{"href":"https:\/\/www.valleledro.it\/de\/wp-json\/wp\/v2\/pages\/1766","targetHints":{"allow":["GET"]}}],"collection":[{"href":"https:\/\/www.valleledro.it\/de\/wp-json\/wp\/v2\/pages"}],"about":[{"href":"https:\/\/www.valleledro.it\/de\/wp-json\/wp\/v2\/types\/page"}],"author":[{"embeddable":true,"href":"https:\/\/www.valleledro.it\/de\/wp-json\/wp\/v2\/users\/1"}],"replies":[{"embeddable":true,"href":"https:\/\/www.valleledro.it\/de\/wp-json\/wp\/v2\/comments?post=1766"}],"version-history":[{"count":7,"href":"https:\/\/www.valleledro.it\/de\/wp-json\/wp\/v2\/pages\/1766\/revisions"}],"predecessor-version":[{"id":4775,"href":"https:\/\/www.valleledro.it\/de\/wp-json\/wp\/v2\/pages\/1766\/revisions\/4775"}],"wp:attachment":[{"href":"https:\/\/www.valleledro.it\/de\/wp-json\/wp\/v2\/media?parent=1766"}],"curies":[{"name":"wp","href":"https:\/\/api.w.org\/{rel}","templated":true}]}}