{"id":1769,"date":"2020-02-26T13:47:51","date_gmt":"2020-02-26T12:47:51","guid":{"rendered":"https:\/\/www.valleledro.it\/?page_id=1769"},"modified":"2025-12-21T11:28:53","modified_gmt":"2025-12-21T10:28:53","slug":"unsere-leistungen","status":"publish","type":"page","link":"https:\/\/www.valleledro.it\/de\/unsere-leistungen\/","title":{"rendered":"Unsere leistungen"},"content":{"rendered":"<section class=\"l-section wpb_row height_medium\"><div class=\"l-section-h i-cf\"><div class=\"g-cols vc_row via_flex valign_top type_default stacking_default\"><div class=\"vc_col-sm-12 wpb_column vc_column_container\"><div class=\"vc_column-inner\"><div class=\"wpb_wrapper\"><div class=\"w-image i100 align_center\"><div class=\"w-image-h\"><img decoding=\"async\" src=\"https:\/\/www.valleledro.it\/wp-content\/uploads\/2018\/05\/farfalla-sx.svg\" class=\"attachment-full size-full\" alt=\"\" loading=\"lazy\" \/><\/div><\/div><div class=\"wpb_text_column\"><div class=\"wpb_wrapper\"><h1 style=\"text-align: center;\">WIR <span class=\"grosso verde\">GLAUBEN<\/span> AN DIE GASTLICHKEIT<\/h1>\n<h2 style=\"text-align: center;\">IHRE ZUFRIEDENHEIT IST UNSERE BELOHNUNG<\/h2>\n<\/div><\/div><\/div><\/div><\/div><\/div><\/div><\/section><section class=\"l-section wpb_row height_small\"><div class=\"l-section-h i-cf\"><div class=\"g-cols vc_row via_flex valign_top type_default stacking_default\"><div class=\"vc_col-sm-2 wpb_column vc_column_container\"><div class=\"vc_column-inner\"><div class=\"wpb_wrapper\"><\/div><\/div><\/div><div class=\"vc_col-sm-8 wpb_column vc_column_container\"><div class=\"vc_column-inner\"><div class=\"wpb_wrapper\"><div class=\"wpb_text_column giustifica\"><div class=\"wpb_wrapper\"><p>Wir freuen uns, Ihnen mehrere Wohnl\u00f6sungen in einer gro\u00dfen, von W\u00e4ldern und Bergen bewachten Gr\u00fcnfl\u00e4che anbieten zu k\u00f6nnen. Die neun Apartments befinden sich in zwei separaten Landh\u00e4usern: <a href=\"https:\/\/www.valleledro.it\/de\/casa-molini\/\"><strong>Casa Molini<\/strong><\/a> und <a href=\"https:\/\/www.valleledro.it\/de\/casa-cadria\/\"><strong>Casa Cadria<\/strong><\/a>. Die sieben <strong><a href=\"https:\/\/www.valleledro.it\/de\/bungalow-ledro\/\">Bungalows<\/a><\/strong> wurden komplett renoviert und nach einem neuen Konzept von Ferienhaus und Lifestyle gestaltet.<br \/>\nBleiben Sie mit unserer Liste der Leistungen \u00fcber Neuigkeiten auf dem Laufenden.<\/p>\n<\/div><\/div><\/div><\/div><\/div><div class=\"vc_col-sm-2 wpb_column vc_column_container\"><div class=\"vc_column-inner\"><div class=\"wpb_wrapper\"><\/div><\/div><\/div><\/div><\/div><\/section><section class=\"l-section wpb_row height_medium\"><div class=\"l-section-h i-cf\"><div class=\"g-cols vc_row via_flex valign_top type_default stacking_default\"><div class=\"vc_col-sm-12 wpb_column vc_column_container\"><div class=\"vc_column-inner\"><div class=\"wpb_wrapper\"><div class=\"w-separator size_small with_line width_default thick_1 style_solid color_primary align_center\"><div class=\"w-separator-h\"><\/div><\/div><\/div><\/div><\/div><\/div><\/div><\/section><section class=\"l-section wpb_row us_custom_4276fc00 fascia-prato height_auto\"><div class=\"l-section-h i-cf\"><div class=\"g-cols vc_row via_flex valign_top type_default stacking_default\"><div class=\"vc_col-sm-6 wpb_column vc_column_container\"><div class=\"vc_column-inner\"><div class=\"wpb_wrapper\"><div class=\"wpb_text_column giustifica\"><div class=\"wpb_wrapper\"><h3>UNSERE LEISTUNGEN<\/h3>\n<p>Folgende Leistungen sind immer im Preis enthalten:<\/p>\n<ul>\n<li>Bettw\u00e4sche und Handt\u00fccher f\u00fcr jeden Bewohner.<\/li>\n<li>Nebenkosten (Strom, Gas, Wasser).<\/li>\n<li><strong><span id=\"&#091;0,6&#093;\" class=\"word\">Freier<\/span> <span id=\"&#091;7,13&#093;\" class=\"word\">Zugang<\/span> <span id=\"&#091;14,17&#093;\" class=\"word\">zum<\/span> <span id=\"&#091;18,27&#093;\" class=\"word\">Au\u00dfenpool<\/span> <span id=\"&#091;28,31&#093;\" class=\"word\">mit<\/span> <span id=\"&#091;32,46&#093;\" class=\"word\">Sonnenterrasse<\/span><\/strong> <span id=\"&#091;47,50&#093;\" class=\"word\">mit<\/span> <span id=\"&#091;51,63&#093;\" class=\"word\">Liegest\u00fchlen<\/span> <span id=\"&#091;64,67&#093;\" class=\"word\">und<\/span> <span id=\"&#091;68,82&#093;\" class=\"word\">Sonnenschirmen<\/span> <span id=\"&#091;83,86&#093;\" class=\"word\">von<\/span> <span id=\"&#091;87,92&#093;\" class=\"word\">09:00<\/span> <span id=\"&#091;93,96&#093;\" class=\"word\">bis<\/span> <span id=\"&#091;97,102&#093;\" class=\"word\">20:00<\/span> <span id=\"&#091;103,106&#093;\" class=\"word\">Uhr<\/span>.<br \/>\n<span id=\"&#091;108,111&#093;\" class=\"word\">Die<\/span> <span id=\"&#091;112,123&#093;\" class=\"word\">Tauchsaison<\/span> <span id=\"&#091;124,127&#093;\" class=\"word\">ist<\/span> <span id=\"&#091;128,134&#093;\" class=\"word\">l\u00e4nger<\/span>. <span id=\"&#091;136,139&#093;\" class=\"word\">Der<\/span>\u00a0<span id=\"&#091;149,153&#093;\" class=\"word\">Pool<\/span> <span id=\"&#091;154,157&#093;\" class=\"word\">ist<\/span> <span id=\"&#091;158,161&#093;\" class=\"word\">vom 16. Mai bis zum 26. September 2026 zur Verf\u00fcgung.<\/span><\/li>\n<li>Endreinigung der gesamten Einheit mit bestimmten Produkten und gem\u00e4\u00df den in den Protokollen vorgesehenen Modalit\u00e4ten.<\/li>\n<li><strong>Garda Guest Card<\/strong>: Die Vorteilskarte des Gebiets, mit der Sie kostenlos Museen, Schl\u00f6sser und Naturparks besuchen und sich mit \u00f6ffentlichen Verkehrsmitteln in der Region frei bewegen k\u00f6nnen.<\/li>\n<li><strong>Kostenlose WLAN<\/strong>-Verbindung in allen Einheiten und gemeinschaftlichen Bereichen;<\/li>\n<li>Reservierter Parkplatz f\u00fcr Auto\/Motorrad in der N\u00e4he der Wohnung;<\/li>\n<li>Kinderbett und Hochstuhl: kostenlos. Wir bitten Sie, dies vor Ihrer Ankunft zu bestellen.<\/li>\n<li><strong>\u00d6ffnungszeiten der Rezeption<\/strong>: t\u00e4glich von 9.00 bis 11.00 und von 17.00 bis 19.00 Uhr.<\/li>\n<li>Wir freuen uns, eine wichtige <strong>Neuigkeit<\/strong> vorzustellen: unsere <strong>Zusammenarbeit mit dem A. Foletto Museum<\/strong>. G\u00e4ste des Villaggio Val Molini, die den Ausstellungsbereich mit Zeugnisse der Unternehmensgeschichte besuchen, erhalten ein exklusives Geschenk. Aber das ist noch nicht alles. Diese Zusammenarbeit erm\u00f6glicht es uns, Ihre Aufenthaltserlebnisse mit personalisierten, originellen Aktivit\u00e4ten in Workshops, Gruppen und exklusiv zu bereichern. Entdecken Sie mehr, indem Sie <strong><a href=\"https:\/\/www.valleledro.it\/de\/angebote\/\">hier<\/a><\/strong> klicken.<\/li>\n<li><span data-slate-leaf=\"true\" class=\"lookup-word\"><span data-slate-string=\"true\">Wir<\/span><\/span><span data-slate-leaf=\"true\"> <\/span><span data-slate-leaf=\"true\" class=\"lookup-word\"><span data-slate-string=\"true\">bieten<\/span><\/span><span data-slate-leaf=\"true\"> <\/span><span data-slate-leaf=\"true\" class=\"lookup-word\"><span data-slate-string=\"true\">Ihnen<\/span><\/span><span data-slate-leaf=\"true\"> <\/span><span data-slate-leaf=\"true\" class=\"lookup-word\"><span data-slate-string=\"true\">ein<\/span><\/span><span data-slate-leaf=\"true\"> <\/span><span data-slate-leaf=\"true\" class=\"lookup-word\"><span data-slate-string=\"true\">einzigartiges<\/span><\/span><span data-slate-leaf=\"true\"> <\/span><span data-slate-leaf=\"true\" class=\"lookup-word\"><span data-slate-string=\"true\">Erlebnis<\/span><\/span><span data-slate-leaf=\"true\">. <\/span><span data-slate-leaf=\"true\" class=\"lookup-word\"><span data-slate-string=\"true\">Wir<\/span><\/span><span data-slate-leaf=\"true\"> <\/span><span data-slate-leaf=\"true\" class=\"lookup-word\"><span data-slate-string=\"true\">arbeiten<\/span><\/span><span data-slate-leaf=\"true\"> <\/span><span data-slate-leaf=\"true\" class=\"lookup-word\"><span data-slate-string=\"true\">mit<\/span><\/span><span data-slate-leaf=\"true\"> <\/span><span data-slate-leaf=\"true\" class=\"lookup-word\"><span data-slate-string=\"true\">einer<\/span><\/span><span data-slate-leaf=\"true\"> <\/span><span data-slate-leaf=\"true\" class=\"lookup-word\"><span data-slate-string=\"true\">mittleren<\/span><\/span><span data-slate-leaf=\"true\"> <\/span><strong><span data-slate-leaf=\"true\" class=\"lookup-word\">Bergbegleiterin<\/span><\/strong><span data-slate-leaf=\"true\"> <\/span><span data-slate-leaf=\"true\" class=\"lookup-word\"><span data-slate-string=\"true\">zusammen<\/span><\/span><span data-slate-leaf=\"true\">, <\/span><span data-slate-leaf=\"true\" class=\"lookup-word\"><span data-slate-string=\"true\">die<\/span><\/span><span data-slate-leaf=\"true\"> <\/span><span data-slate-leaf=\"true\" class=\"lookup-word\"><span data-slate-string=\"true\">Ihnen<\/span><\/span><span data-slate-leaf=\"true\"> <\/span><span data-slate-leaf=\"true\" class=\"lookup-word\"><span data-slate-string=\"true\">auf<\/span><\/span><span data-slate-leaf=\"true\"> <\/span><span data-slate-leaf=\"true\" class=\"lookup-word\"><span data-slate-string=\"true\">Anfrage<\/span><\/span><span data-slate-leaf=\"true\"> <\/span><span data-slate-leaf=\"true\" class=\"lookup-word\"><span data-slate-string=\"true\">und<\/span><\/span><span data-slate-leaf=\"true\"> <\/span><span data-slate-leaf=\"true\" class=\"lookup-word\"><span data-slate-string=\"true\">gegen<\/span><\/span><span data-slate-leaf=\"true\"> <\/span><span data-slate-leaf=\"true\" class=\"lookup-word\"><span data-slate-string=\"true\">Bezahlung<\/span><\/span><span data-slate-leaf=\"true\"> <\/span><span data-slate-leaf=\"true\" class=\"lookup-word\"><span data-slate-string=\"true\">zur<\/span><\/span><span data-slate-leaf=\"true\"> <\/span><span data-slate-leaf=\"true\" class=\"lookup-word\"><span data-slate-string=\"true\">Verf\u00fcgung<\/span><\/span><span data-slate-leaf=\"true\"> <\/span><span data-slate-leaf=\"true\" class=\"lookup-word\"><span data-slate-string=\"true\">steht<\/span><\/span><span data-slate-leaf=\"true\">, <\/span><span data-slate-leaf=\"true\" class=\"lookup-word\"><span data-slate-string=\"true\">um<\/span><\/span><span data-slate-leaf=\"true\"> <\/span><span data-slate-leaf=\"true\" class=\"lookup-word\"><span data-slate-string=\"true\">Sie<\/span><\/span><span data-slate-leaf=\"true\"> <\/span><span data-slate-leaf=\"true\" class=\"lookup-word\"><span data-slate-string=\"true\">zu<\/span><\/span><span data-slate-leaf=\"true\"> <\/span><span data-slate-leaf=\"true\" class=\"lookup-word\"><span data-slate-string=\"true\">den<\/span><\/span><span data-slate-leaf=\"true\"> <\/span><span data-slate-leaf=\"true\" class=\"lookup-word\"><span data-slate-string=\"true\">Wundern<\/span><\/span><span data-slate-leaf=\"true\"> <\/span><span data-slate-leaf=\"true\" class=\"lookup-word\"><span data-slate-string=\"true\">des<\/span><\/span><span data-slate-leaf=\"true\"> <\/span><span data-slate-leaf=\"true\" class=\"lookup-word\"><span data-slate-string=\"true\">Ledrotals<\/span><\/span><span data-slate-leaf=\"true\"> <\/span><span data-slate-leaf=\"true\" class=\"lookup-word\"><span data-slate-string=\"true\">zu<\/span><\/span><span data-slate-leaf=\"true\"> <\/span><span data-slate-leaf=\"true\" class=\"lookup-word\"><span data-slate-string=\"true\">f\u00fchren<\/span><\/span><span data-slate-leaf=\"true\">. <\/span><span data-slate-leaf=\"true\" class=\"lookup-word\"><span data-slate-string=\"true\">Die<\/span><\/span><span data-slate-leaf=\"true\"> <\/span><span data-slate-leaf=\"true\" class=\"lookup-word\"><span data-slate-string=\"true\">angebotenen<\/span><\/span><span data-slate-leaf=\"true\"> <\/span><strong><span data-slate-leaf=\"true\" class=\"lookup-word\">Wanderungen<\/span><\/strong><span data-slate-leaf=\"true\"> <\/span><span data-slate-leaf=\"true\" class=\"lookup-word\"><span data-slate-string=\"true\">haben<\/span><\/span><span data-slate-leaf=\"true\"> <\/span><span data-slate-leaf=\"true\" class=\"lookup-word\"><span data-slate-string=\"true\">mehrere<\/span><\/span><span data-slate-leaf=\"true\"> <\/span><span data-slate-leaf=\"true\" class=\"lookup-word\"><span data-slate-string=\"true\">Schwierigkeitsgrade<\/span><\/span><span data-slate-leaf=\"true\">, <\/span><span data-slate-leaf=\"true\" class=\"lookup-word\"><span data-slate-string=\"true\">so<\/span><\/span><span data-slate-leaf=\"true\"> <\/span><span data-slate-leaf=\"true\" class=\"lookup-word\"><span data-slate-string=\"true\">dass<\/span><\/span><span data-slate-leaf=\"true\"> <\/span><span data-slate-leaf=\"true\" class=\"lookup-word\"><span data-slate-string=\"true\">jeder<\/span><\/span><span data-slate-leaf=\"true\"> <\/span><span data-slate-leaf=\"true\" class=\"lookup-word\"><span data-slate-string=\"true\">Wanderfreund<\/span><\/span><span data-slate-leaf=\"true\"> <\/span><span data-slate-leaf=\"true\" class=\"lookup-word\"><span data-slate-string=\"true\">herrliche<\/span><\/span><span data-slate-leaf=\"true\"> <\/span><span data-slate-leaf=\"true\" class=\"lookup-word\"><span data-slate-string=\"true\">Tage<\/span><\/span><span data-slate-leaf=\"true\"> <\/span><span data-slate-leaf=\"true\" class=\"lookup-word\"><span data-slate-string=\"true\">an<\/span><\/span><span data-slate-leaf=\"true\"> <\/span><span data-slate-leaf=\"true\" class=\"lookup-word\"><span data-slate-string=\"true\">der<\/span><\/span><span data-slate-leaf=\"true\"> <\/span><span data-slate-leaf=\"true\" class=\"lookup-word\"><span data-slate-string=\"true\">frischen<\/span><\/span><span data-slate-leaf=\"true\"> <\/span><span data-slate-leaf=\"true\" class=\"lookup-word\"><span data-slate-string=\"true\">Luft<\/span><\/span><span data-slate-leaf=\"true\"> <\/span><span data-slate-leaf=\"true\" class=\"lookup-word\"><span data-slate-string=\"true\">erleben<\/span><\/span><span data-slate-leaf=\"true\"> <\/span><span data-slate-leaf=\"true\" class=\"lookup-word\"><span data-slate-string=\"true\">kann<\/span><\/span><span data-slate-leaf=\"true\">. <\/span><span data-slate-leaf=\"true\" class=\"lookup-word\"><span data-slate-string=\"true\">Einige<\/span><\/span><span data-slate-leaf=\"true\"> <\/span><span data-slate-leaf=\"true\" class=\"lookup-word\"><span data-slate-string=\"true\">Beispiele<\/span><\/span><span data-slate-leaf=\"true\"> <\/span><span data-slate-leaf=\"true\" class=\"lookup-word\"><span data-slate-string=\"true\">f\u00fcr<\/span><\/span><span data-slate-leaf=\"true\"> <\/span><span data-slate-leaf=\"true\" class=\"lookup-word\">besondere<\/span><strong> <span data-slate-leaf=\"true\" class=\"lookup-word\" data-slate-fragment=\"JTVCJTdCJTIydHlwZSUyMiUzQSUyMnBhcmFncmFwaCUyMiUyQyUyMmNoaWxkcmVuJTIyJTNBJTVCJTdCJTIydGV4dCUyMiUzQSUyMldpciUyMGJpZXRlbiUyMElobmVuJTIwZWluJTIwZWluemlnYXJ0aWdlcyUyMEVybGVibmlzLiUyMFdpciUyMGFyYmVpdGVuJTIwbWl0JTIwZWluZXIlMjBtaXR0bGVyZW4lMjBCZXJnYmVnbGVpdGVyaW4lMjB6dXNhbW1lbiUyQyUyMGRpZSUyMElobmVuJTIwYXVmJTIwQW5mcmFnZSUyMHVuZCUyMGdlZ2VuJTIwQmV6YWhsdW5nJTIwenVyJTIwVmVyZiVDMyVCQ2d1bmclMjBzdGVodCUyQyUyMHVtJTIwU2llJTIwenUlMjBkZW4lMjBXdW5kZXJuJTIwZGVzJTIwTGVkcm90YWxzJTIwenUlMjBmJUMzJUJDaHJlbi4lMjBEaWUlMjBhbmdlYm90ZW5lbiUyMFdhbmRlcnVuZ2VuJTIwaGFiZW4lMjBtZWhyZXJlJTIwU2Nod2llcmlna2VpdHNncmFkZSUyQyUyMHNvJTIwZGFzcyUyMGplZGVyJTIwV2FuZGVyZnJldW5kJTIwaGVycmxpY2hlJTIwVGFnZSUyMGFuJTIwZGVyJTIwZnJpc2NoZW4lMjBMdWZ0JTIwZXJsZWJlbiUyMGthbm4uJTIwRWluaWdlJTIwQmVpc3BpZWxlJTIwZiVDMyVCQ3IlMjBiZXNvbmRlcmUlMjBFcmxlYm5pc3NlJTIyJTdEJTVEJTdEJTVE\"><a href=\"https:\/\/www.valleledro.it\/wp-content\/uploads\/2025\/04\/Ein-Spaziergang-im-Takt-deines-Schrittes.pdf\">Erlebnisse<\/a>.\u00a0<\/span><\/strong><\/li>\n<\/ul>\n<\/div><\/div><\/div><\/div><\/div><div class=\"vc_col-sm-6 wpb_column vc_column_container\"><div class=\"vc_column-inner\"><div class=\"wpb_wrapper\"><div class=\"wpb_text_column giustifica\"><div class=\"wpb_wrapper\"><h3>KOSTENPFLICHTIGE LEISTUNGEN<\/h3>\n<ul>\n<li>Wechsel der Bettw\u00e4sche und Handt\u00fccher w\u00e4hrend des Aufenthaltes: 15 \u20ac pro Person.<br \/>\nWir respektieren die Protokolle. Wir wenden die Desinfektions- und W\u00e4schemanagementprozesse an.<\/li>\n<li><strong>Morgens frisch gebackenes Brot<\/strong> von einer \u00f6rtlichen B\u00e4ckerei: auf Anfrage und gegen Geb\u00fchr. (Im Herbst und Winter ist der Service am Sonntag nicht verf\u00fcgbar)<\/li>\n<li><strong>Wellnessbereich<\/strong>: Zugang zum Wellnessbereich in einer alten Scheune mit Sauna, zwei Duschen mit Farbtherapie und Entspannungsbereich mit Kr\u00e4uterteeecke. Wir \u00fcbergeben Ihnen die Saunat\u00fccher, schalten die Musik ein und &#8230; w\u00fcnschen gute Entspannung! 15 \u20ac pro h\/Person.<\/li>\n<li>Freier Zugang zum <strong>Waschraum<\/strong> (rund um die Uhr ge\u00f6ffnet). Die Jetons kosten 5 \u20ac und beinhalten Wasch-, Desinfektionsmittel und Weichsp\u00fcler. Die Jetons erhalten Sie an der Rezeption.<\/li>\n<li>Zustellbett zur Standardausstattung der Bungalows und Apartments: 15 \u20ac pro Nacht und Person.<br \/>\nDas Reinigen und Aufstellen von Zusatzbetten entspricht den Hygiene- und Sicherheitsma\u00dfnahmen.<\/li>\n<\/ul>\n<\/div><\/div><\/div><\/div><\/div><\/div><\/div><\/section>\n","protected":false},"excerpt":{"rendered":"WIR GLAUBEN AN DIE GASTLICHKEIT IHRE ZUFRIEDENHEIT IST UNSERE BELOHNUNG Wir freuen uns, Ihnen mehrere Wohnl\u00f6sungen in einer gro\u00dfen, von W\u00e4ldern und Bergen bewachten Gr\u00fcnfl\u00e4che anbieten zu k\u00f6nnen. Die neun Apartments befinden sich in zwei separaten Landh\u00e4usern: Casa Molini und Casa Cadria. Die sieben Bungalows wurden komplett renoviert und nach einem neuen Konzept von Ferienhaus...","protected":false},"author":1,"featured_media":0,"parent":0,"menu_order":45,"comment_status":"closed","ping_status":"closed","template":"","meta":{"inline_featured_image":false,"footnotes":""},"class_list":["post-1769","page","type-page","status-publish","hentry"],"yoast_head":"<!-- This site is optimized with the Yoast SEO plugin v27.4 - https:\/\/yoast.com\/product\/yoast-seo-wordpress\/ -->\n<title>Unsere leistungen - Val Molini Bungalow Ledro<\/title>\n<meta name=\"robots\" content=\"index, follow, max-snippet:-1, max-image-preview:large, max-video-preview:-1\" \/>\n<link rel=\"canonical\" href=\"https:\/\/www.valleledro.it\/de\/unsere-leistungen\/\" \/>\n<meta property=\"og:locale\" content=\"de_DE\" \/>\n<meta property=\"og:type\" content=\"article\" \/>\n<meta property=\"og:title\" content=\"Unsere leistungen - Val Molini Bungalow Ledro\" \/>\n<meta property=\"og:url\" content=\"https:\/\/www.valleledro.it\/de\/unsere-leistungen\/\" \/>\n<meta property=\"og:site_name\" content=\"Val Molini Bungalow Ledro\" \/>\n<meta property=\"article:publisher\" content=\"https:\/\/www.facebook.com\/villaggio.valmolini\/\" \/>\n<meta property=\"article:modified_time\" content=\"2025-12-21T10:28:53+00:00\" \/>\n<meta name=\"twitter:card\" content=\"summary_large_image\" \/>\n<meta name=\"twitter:label1\" content=\"Gesch\u00e4tzte Lesezeit\" \/>\n\t<meta name=\"twitter:data1\" content=\"3\u00a0Minuten\" \/>\n<script type=\"application\/ld+json\" class=\"yoast-schema-graph\">{\"@context\":\"https:\\\/\\\/schema.org\",\"@graph\":[{\"@type\":\"WebPage\",\"@id\":\"https:\\\/\\\/www.valleledro.it\\\/de\\\/unsere-leistungen\\\/\",\"url\":\"https:\\\/\\\/www.valleledro.it\\\/de\\\/unsere-leistungen\\\/\",\"name\":\"Unsere leistungen - Val Molini Bungalow Ledro\",\"isPartOf\":{\"@id\":\"https:\\\/\\\/www.valleledro.it\\\/#website\"},\"datePublished\":\"2020-02-26T12:47:51+00:00\",\"dateModified\":\"2025-12-21T10:28:53+00:00\",\"breadcrumb\":{\"@id\":\"https:\\\/\\\/www.valleledro.it\\\/de\\\/unsere-leistungen\\\/#breadcrumb\"},\"inLanguage\":\"de\",\"potentialAction\":[{\"@type\":\"ReadAction\",\"target\":[\"https:\\\/\\\/www.valleledro.it\\\/de\\\/unsere-leistungen\\\/\"]}]},{\"@type\":\"BreadcrumbList\",\"@id\":\"https:\\\/\\\/www.valleledro.it\\\/de\\\/unsere-leistungen\\\/#breadcrumb\",\"itemListElement\":[{\"@type\":\"ListItem\",\"position\":1,\"name\":\"Home\",\"item\":\"https:\\\/\\\/www.valleledro.it\\\/de\\\/\"},{\"@type\":\"ListItem\",\"position\":2,\"name\":\"Unsere leistungen\"}]},{\"@type\":\"WebSite\",\"@id\":\"https:\\\/\\\/www.valleledro.it\\\/#website\",\"url\":\"https:\\\/\\\/www.valleledro.it\\\/\",\"name\":\"Val Molini Bungalow Ledro\",\"description\":\"Val Molini Bungalow Ledro\",\"potentialAction\":[{\"@type\":\"SearchAction\",\"target\":{\"@type\":\"EntryPoint\",\"urlTemplate\":\"https:\\\/\\\/www.valleledro.it\\\/?s={search_term_string}\"},\"query-input\":{\"@type\":\"PropertyValueSpecification\",\"valueRequired\":true,\"valueName\":\"search_term_string\"}}],\"inLanguage\":\"de\"}]}<\/script>\n<!-- \/ Yoast SEO plugin. -->","yoast_head_json":{"title":"Unsere leistungen - Val Molini Bungalow Ledro","robots":{"index":"index","follow":"follow","max-snippet":"max-snippet:-1","max-image-preview":"max-image-preview:large","max-video-preview":"max-video-preview:-1"},"canonical":"https:\/\/www.valleledro.it\/de\/unsere-leistungen\/","og_locale":"de_DE","og_type":"article","og_title":"Unsere leistungen - Val Molini Bungalow Ledro","og_url":"https:\/\/www.valleledro.it\/de\/unsere-leistungen\/","og_site_name":"Val Molini Bungalow Ledro","article_publisher":"https:\/\/www.facebook.com\/villaggio.valmolini\/","article_modified_time":"2025-12-21T10:28:53+00:00","twitter_card":"summary_large_image","twitter_misc":{"Gesch\u00e4tzte Lesezeit":"3\u00a0Minuten"},"schema":{"@context":"https:\/\/schema.org","@graph":[{"@type":"WebPage","@id":"https:\/\/www.valleledro.it\/de\/unsere-leistungen\/","url":"https:\/\/www.valleledro.it\/de\/unsere-leistungen\/","name":"Unsere leistungen - Val Molini Bungalow Ledro","isPartOf":{"@id":"https:\/\/www.valleledro.it\/#website"},"datePublished":"2020-02-26T12:47:51+00:00","dateModified":"2025-12-21T10:28:53+00:00","breadcrumb":{"@id":"https:\/\/www.valleledro.it\/de\/unsere-leistungen\/#breadcrumb"},"inLanguage":"de","potentialAction":[{"@type":"ReadAction","target":["https:\/\/www.valleledro.it\/de\/unsere-leistungen\/"]}]},{"@type":"BreadcrumbList","@id":"https:\/\/www.valleledro.it\/de\/unsere-leistungen\/#breadcrumb","itemListElement":[{"@type":"ListItem","position":1,"name":"Home","item":"https:\/\/www.valleledro.it\/de\/"},{"@type":"ListItem","position":2,"name":"Unsere leistungen"}]},{"@type":"WebSite","@id":"https:\/\/www.valleledro.it\/#website","url":"https:\/\/www.valleledro.it\/","name":"Val Molini Bungalow Ledro","description":"Val Molini Bungalow Ledro","potentialAction":[{"@type":"SearchAction","target":{"@type":"EntryPoint","urlTemplate":"https:\/\/www.valleledro.it\/?s={search_term_string}"},"query-input":{"@type":"PropertyValueSpecification","valueRequired":true,"valueName":"search_term_string"}}],"inLanguage":"de"}]}},"publishpress_future_action":{"enabled":false,"date":"2026-04-30 21:59:40","action":"change-status","newStatus":"draft","terms":[],"taxonomy":"translation_priority","extraData":[]},"publishpress_future_workflow_manual_trigger":{"enabledWorkflows":[]},"_links":{"self":[{"href":"https:\/\/www.valleledro.it\/de\/wp-json\/wp\/v2\/pages\/1769","targetHints":{"allow":["GET"]}}],"collection":[{"href":"https:\/\/www.valleledro.it\/de\/wp-json\/wp\/v2\/pages"}],"about":[{"href":"https:\/\/www.valleledro.it\/de\/wp-json\/wp\/v2\/types\/page"}],"author":[{"embeddable":true,"href":"https:\/\/www.valleledro.it\/de\/wp-json\/wp\/v2\/users\/1"}],"replies":[{"embeddable":true,"href":"https:\/\/www.valleledro.it\/de\/wp-json\/wp\/v2\/comments?post=1769"}],"version-history":[{"count":19,"href":"https:\/\/www.valleledro.it\/de\/wp-json\/wp\/v2\/pages\/1769\/revisions"}],"predecessor-version":[{"id":4819,"href":"https:\/\/www.valleledro.it\/de\/wp-json\/wp\/v2\/pages\/1769\/revisions\/4819"}],"wp:attachment":[{"href":"https:\/\/www.valleledro.it\/de\/wp-json\/wp\/v2\/media?parent=1769"}],"curies":[{"name":"wp","href":"https:\/\/api.w.org\/{rel}","templated":true}]}}