{"id":1780,"date":"2020-02-26T13:59:35","date_gmt":"2020-02-26T12:59:35","guid":{"rendered":"https:\/\/www.valleledro.it\/?page_id=1780"},"modified":"2020-02-26T13:59:35","modified_gmt":"2020-02-26T12:59:35","slug":"die-pfahlbauten","status":"publish","type":"page","link":"https:\/\/www.valleledro.it\/de\/lage\/die-pfahlbauten\/","title":{"rendered":"Die Pfahlbauten"},"content":{"rendered":"<section class=\"l-section wpb_row us_custom_755519e8 height_huge color_primary with_img\"><div class=\"l-section-img\" role=\"img\" aria-label=\"Bild\" data-img-width=\"1920\" data-img-height=\"1278\" style=\"background-image: url(https:\/\/www.valleledro.it\/wp-content\/uploads\/2020\/01\/15_Museo_delle_Palafitte\u00a92013RobertoVuilleumier.jpg);\"><\/div><div class=\"l-section-overlay\" style=\"background:rgba(26,26,26,0.25)\"><\/div><div class=\"l-section-h i-cf\"><div class=\"g-cols vc_row via_flex valign_middle type_default stacking_default\"><div class=\"vc_col-sm-12 wpb_column vc_column_container\"><div class=\"vc_column-inner\"><div class=\"wpb_wrapper\"><div class=\"w-separator size_huge\"><\/div><div class=\"w-separator size_medium with_line width_50 thick_1 style_solid color_text align_center with_text with_content\"><div class=\"w-separator-h\"><h6 class=\"w-separator-text\"><span>DIE PFAHLBAUTEN<\/span><\/h6><\/div><\/div><div class=\"wpb_text_column us_custom_5dcd410f has_text_color\"><div class=\"wpb_wrapper\"><p style=\"text-align: center;\">IN MOLINA DI LEDRO<\/p>\n<\/div><\/div><div class=\"w-separator size_huge\"><\/div><\/div><\/div><\/div><\/div><\/div><\/section><section class=\"l-section wpb_row fascia-prato height_huge\"><div class=\"l-section-h i-cf\"><div class=\"g-cols vc_row via_flex valign_top type_default stacking_default\"><div class=\"vc_col-sm-4 wpb_column vc_column_container farfalla\"><div class=\"vc_column-inner\"><div class=\"wpb_wrapper\"><div class=\"ult-spacer spacer-69ea777374d52\" data-id=\"69ea777374d52\" data-height=\"50\" data-height-mobile=\"20\" data-height-tab=\"20\" data-height-tab-portrait=\"20\" data-height-mobile-landscape=\"20\" style=\"clear:both;display:block;\"><\/div><div class=\"wpb_text_column titolo-farfalla\"><div class=\"wpb_wrapper\"><h1>AUF DER LISTE DER DINGE, DIE IM LEDRO-TAL ZU TUN SIND<\/h1>\n<\/div><\/div><\/div><\/div><\/div><div class=\"vc_col-sm-8 wpb_column vc_column_container\"><div class=\"vc_column-inner\"><div class=\"wpb_wrapper\"><div class=\"wpb_text_column giustifica\"><div class=\"wpb_wrapper\"><h2>STEHT EIN BESUCH DER PFAHLBAUSIEDLUNG<\/h2>\n<\/div><\/div><div class=\"w-image i100 align_none\"><div class=\"w-image-h\"><img decoding=\"async\" width=\"1024\" height=\"1024\" src=\"https:\/\/www.valleledro.it\/wp-content\/uploads\/2018\/06\/riga-verde.svg\" class=\"attachment-large size-large\" alt=\"\" loading=\"lazy\" \/><\/div><\/div><div class=\"wpb_text_column giustifica\"><div class=\"wpb_wrapper\"><p>Das Pfahlbau-Museum entstand in den 70er Jahren in der Stadt Molinaam Ufer des Ledro-Sees und beherbergt die Funde des angrenzenden arch\u00e4ologischen Gebiets. Es wurde im Jahr 2011 in das UNESCO-Welterbe aufgenommen. Wenn Sie w\u00e4hrend der weniger sonnigen Tage nach Aktivit\u00e4ten im Ledro-Tal suchen, ist der Besuch des Museums Pflichtveranstaltung. Sie k\u00f6nnen Alltagsgegenst\u00e4nde aus der Bronzezeit bewundern, die damaligen Gebr\u00e4uche und Gebaren der Menschen in dieser Zeit kennenlernen und durch die Teilnahme an den verschiedenen Workshops mehr \u00fcber bestimmte Themen erfahren.<\/p>\n<\/div><\/div><\/div><\/div><\/div><\/div><\/div><\/section>\n","protected":false},"excerpt":{"rendered":"DIE PFAHLBAUTENIN MOLINA DI LEDRO AUF DER LISTE DER DINGE, DIE IM LEDRO-TAL ZU TUN SIND STEHT EIN BESUCH DER PFAHLBAUSIEDLUNG Das Pfahlbau-Museum entstand in den 70er Jahren in der Stadt Molinaam Ufer des Ledro-Sees und beherbergt die Funde des angrenzenden arch\u00e4ologischen Gebiets. Es wurde im Jahr 2011 in das UNESCO-Welterbe aufgenommen. Wenn Sie w\u00e4hrend...","protected":false},"author":1,"featured_media":0,"parent":523,"menu_order":0,"comment_status":"closed","ping_status":"closed","template":"","meta":{"inline_featured_image":false,"footnotes":""},"class_list":["post-1780","page","type-page","status-publish","hentry"],"yoast_head":"<!-- This site is optimized with the Yoast SEO plugin v27.4 - https:\/\/yoast.com\/product\/yoast-seo-wordpress\/ -->\n<title>Was gibt es im Ledro-Tal zu tun | Val Molini Bungalow und Apartment<\/title>\n<meta name=\"description\" content=\"Wenn Sie sich fragen, was Sie im Ledro-Tal unternehmen k\u00f6nnen, dann kennen Sie wahrscheinlich das Pfahlbau-Museum nicht, in dem die historischen Zeugnisse der Bronzezeit aufbewahrt werden.\" \/>\n<meta name=\"robots\" content=\"index, follow, max-snippet:-1, max-image-preview:large, max-video-preview:-1\" \/>\n<link rel=\"canonical\" href=\"https:\/\/www.valleledro.it\/de\/lage\/die-pfahlbauten\/\" \/>\n<meta property=\"og:locale\" content=\"de_DE\" \/>\n<meta property=\"og:type\" content=\"article\" \/>\n<meta property=\"og:title\" content=\"Was gibt es im Ledro-Tal zu tun | Val Molini Bungalow und Apartment\" \/>\n<meta property=\"og:description\" content=\"Wenn Sie sich fragen, was Sie im Ledro-Tal unternehmen k\u00f6nnen, dann kennen Sie wahrscheinlich das Pfahlbau-Museum nicht, in dem die historischen Zeugnisse der Bronzezeit aufbewahrt werden.\" \/>\n<meta property=\"og:url\" content=\"https:\/\/www.valleledro.it\/de\/lage\/die-pfahlbauten\/\" \/>\n<meta property=\"og:site_name\" content=\"Val Molini Bungalow Ledro\" \/>\n<meta property=\"article:publisher\" content=\"https:\/\/www.facebook.com\/villaggio.valmolini\/\" \/>\n<meta name=\"twitter:card\" content=\"summary_large_image\" \/>\n<meta name=\"twitter:label1\" content=\"Gesch\u00e4tzte Lesezeit\" \/>\n\t<meta name=\"twitter:data1\" content=\"1\u00a0Minute\" \/>\n<script type=\"application\/ld+json\" class=\"yoast-schema-graph\">{\"@context\":\"https:\\\/\\\/schema.org\",\"@graph\":[{\"@type\":\"WebPage\",\"@id\":\"https:\\\/\\\/www.valleledro.it\\\/de\\\/lage\\\/die-pfahlbauten\\\/\",\"url\":\"https:\\\/\\\/www.valleledro.it\\\/de\\\/lage\\\/die-pfahlbauten\\\/\",\"name\":\"Was gibt es im Ledro-Tal zu tun | Val Molini Bungalow und Apartment\",\"isPartOf\":{\"@id\":\"https:\\\/\\\/www.valleledro.it\\\/#website\"},\"datePublished\":\"2020-02-26T12:59:35+00:00\",\"description\":\"Wenn Sie sich fragen, was Sie im Ledro-Tal unternehmen k\u00f6nnen, dann kennen Sie wahrscheinlich das Pfahlbau-Museum nicht, in dem die historischen Zeugnisse der Bronzezeit aufbewahrt werden.\",\"breadcrumb\":{\"@id\":\"https:\\\/\\\/www.valleledro.it\\\/de\\\/lage\\\/die-pfahlbauten\\\/#breadcrumb\"},\"inLanguage\":\"de\",\"potentialAction\":[{\"@type\":\"ReadAction\",\"target\":[\"https:\\\/\\\/www.valleledro.it\\\/de\\\/lage\\\/die-pfahlbauten\\\/\"]}]},{\"@type\":\"BreadcrumbList\",\"@id\":\"https:\\\/\\\/www.valleledro.it\\\/de\\\/lage\\\/die-pfahlbauten\\\/#breadcrumb\",\"itemListElement\":[{\"@type\":\"ListItem\",\"position\":1,\"name\":\"Home\",\"item\":\"https:\\\/\\\/www.valleledro.it\\\/de\\\/\"},{\"@type\":\"ListItem\",\"position\":2,\"name\":\"Lage\",\"item\":\"https:\\\/\\\/www.valleledro.it\\\/de\\\/lage\\\/\"},{\"@type\":\"ListItem\",\"position\":3,\"name\":\"Die Pfahlbauten\"}]},{\"@type\":\"WebSite\",\"@id\":\"https:\\\/\\\/www.valleledro.it\\\/#website\",\"url\":\"https:\\\/\\\/www.valleledro.it\\\/\",\"name\":\"Val Molini Bungalow Ledro\",\"description\":\"Val Molini Bungalow Ledro\",\"potentialAction\":[{\"@type\":\"SearchAction\",\"target\":{\"@type\":\"EntryPoint\",\"urlTemplate\":\"https:\\\/\\\/www.valleledro.it\\\/?s={search_term_string}\"},\"query-input\":{\"@type\":\"PropertyValueSpecification\",\"valueRequired\":true,\"valueName\":\"search_term_string\"}}],\"inLanguage\":\"de\"}]}<\/script>\n<!-- \/ Yoast SEO plugin. -->","yoast_head_json":{"title":"Was gibt es im Ledro-Tal zu tun | Val Molini Bungalow und Apartment","description":"Wenn Sie sich fragen, was Sie im Ledro-Tal unternehmen k\u00f6nnen, dann kennen Sie wahrscheinlich das Pfahlbau-Museum nicht, in dem die historischen Zeugnisse der Bronzezeit aufbewahrt werden.","robots":{"index":"index","follow":"follow","max-snippet":"max-snippet:-1","max-image-preview":"max-image-preview:large","max-video-preview":"max-video-preview:-1"},"canonical":"https:\/\/www.valleledro.it\/de\/lage\/die-pfahlbauten\/","og_locale":"de_DE","og_type":"article","og_title":"Was gibt es im Ledro-Tal zu tun | Val Molini Bungalow und Apartment","og_description":"Wenn Sie sich fragen, was Sie im Ledro-Tal unternehmen k\u00f6nnen, dann kennen Sie wahrscheinlich das Pfahlbau-Museum nicht, in dem die historischen Zeugnisse der Bronzezeit aufbewahrt werden.","og_url":"https:\/\/www.valleledro.it\/de\/lage\/die-pfahlbauten\/","og_site_name":"Val Molini Bungalow Ledro","article_publisher":"https:\/\/www.facebook.com\/villaggio.valmolini\/","twitter_card":"summary_large_image","twitter_misc":{"Gesch\u00e4tzte Lesezeit":"1\u00a0Minute"},"schema":{"@context":"https:\/\/schema.org","@graph":[{"@type":"WebPage","@id":"https:\/\/www.valleledro.it\/de\/lage\/die-pfahlbauten\/","url":"https:\/\/www.valleledro.it\/de\/lage\/die-pfahlbauten\/","name":"Was gibt es im Ledro-Tal zu tun | Val Molini Bungalow und Apartment","isPartOf":{"@id":"https:\/\/www.valleledro.it\/#website"},"datePublished":"2020-02-26T12:59:35+00:00","description":"Wenn Sie sich fragen, was Sie im Ledro-Tal unternehmen k\u00f6nnen, dann kennen Sie wahrscheinlich das Pfahlbau-Museum nicht, in dem die historischen Zeugnisse der Bronzezeit aufbewahrt werden.","breadcrumb":{"@id":"https:\/\/www.valleledro.it\/de\/lage\/die-pfahlbauten\/#breadcrumb"},"inLanguage":"de","potentialAction":[{"@type":"ReadAction","target":["https:\/\/www.valleledro.it\/de\/lage\/die-pfahlbauten\/"]}]},{"@type":"BreadcrumbList","@id":"https:\/\/www.valleledro.it\/de\/lage\/die-pfahlbauten\/#breadcrumb","itemListElement":[{"@type":"ListItem","position":1,"name":"Home","item":"https:\/\/www.valleledro.it\/de\/"},{"@type":"ListItem","position":2,"name":"Lage","item":"https:\/\/www.valleledro.it\/de\/lage\/"},{"@type":"ListItem","position":3,"name":"Die Pfahlbauten"}]},{"@type":"WebSite","@id":"https:\/\/www.valleledro.it\/#website","url":"https:\/\/www.valleledro.it\/","name":"Val Molini Bungalow Ledro","description":"Val Molini Bungalow Ledro","potentialAction":[{"@type":"SearchAction","target":{"@type":"EntryPoint","urlTemplate":"https:\/\/www.valleledro.it\/?s={search_term_string}"},"query-input":{"@type":"PropertyValueSpecification","valueRequired":true,"valueName":"search_term_string"}}],"inLanguage":"de"}]}},"publishpress_future_action":{"enabled":false,"date":"2026-04-30 21:48:03","action":"change-status","newStatus":"draft","terms":[],"taxonomy":"translation_priority","extraData":[]},"publishpress_future_workflow_manual_trigger":{"enabledWorkflows":[]},"_links":{"self":[{"href":"https:\/\/www.valleledro.it\/de\/wp-json\/wp\/v2\/pages\/1780","targetHints":{"allow":["GET"]}}],"collection":[{"href":"https:\/\/www.valleledro.it\/de\/wp-json\/wp\/v2\/pages"}],"about":[{"href":"https:\/\/www.valleledro.it\/de\/wp-json\/wp\/v2\/types\/page"}],"author":[{"embeddable":true,"href":"https:\/\/www.valleledro.it\/de\/wp-json\/wp\/v2\/users\/1"}],"replies":[{"embeddable":true,"href":"https:\/\/www.valleledro.it\/de\/wp-json\/wp\/v2\/comments?post=1780"}],"version-history":[{"count":0,"href":"https:\/\/www.valleledro.it\/de\/wp-json\/wp\/v2\/pages\/1780\/revisions"}],"up":[{"embeddable":true,"href":"https:\/\/www.valleledro.it\/de\/wp-json\/wp\/v2\/pages\/523"}],"wp:attachment":[{"href":"https:\/\/www.valleledro.it\/de\/wp-json\/wp\/v2\/media?parent=1780"}],"curies":[{"name":"wp","href":"https:\/\/api.w.org\/{rel}","templated":true}]}}