{"id":1785,"date":"2020-02-26T14:05:36","date_gmt":"2020-02-26T13:05:36","guid":{"rendered":"https:\/\/www.valleledro.it\/?page_id=1785"},"modified":"2020-02-26T14:05:36","modified_gmt":"2020-02-26T13:05:36","slug":"ledro-see","status":"publish","type":"page","link":"https:\/\/www.valleledro.it\/de\/lage\/ledro-see\/","title":{"rendered":"Ledro See"},"content":{"rendered":"<section class=\"l-section wpb_row us_custom_755519e8 height_huge color_primary with_img\"><div class=\"l-section-img\" role=\"img\" aria-label=\"Bild\" data-img-width=\"1920\" data-img-height=\"1281\" style=\"background-image: url(https:\/\/www.valleledro.it\/wp-content\/uploads\/2020\/01\/2377_ValleLedro_autunno\u00a92015RobertoVuilleumier.jpg);\"><\/div><div class=\"l-section-overlay\" style=\"background:rgba(26,26,26,0.25)\"><\/div><div class=\"l-section-h i-cf\"><div class=\"g-cols vc_row via_flex valign_middle type_default stacking_default\"><div class=\"vc_col-sm-12 wpb_column vc_column_container\"><div class=\"vc_column-inner\"><div class=\"wpb_wrapper\"><div class=\"w-separator size_huge\"><\/div><div class=\"w-separator size_medium with_line width_50 thick_1 style_solid color_text align_center with_text with_content\"><div class=\"w-separator-h\"><h6 class=\"w-separator-text\"><span>LEDRO SEE<\/span><\/h6><\/div><\/div><div class=\"wpb_text_column us_custom_5dcd410f has_text_color\"><div class=\"wpb_wrapper\"><p style=\"text-align: center;\">Die t\u00fcrkisene Perle<\/p>\n<\/div><\/div><div class=\"w-separator size_huge\"><\/div><\/div><\/div><\/div><\/div><\/div><\/section><section class=\"l-section wpb_row fascia-prato height_huge\"><div class=\"l-section-h i-cf\"><div class=\"g-cols vc_row via_flex valign_top type_default stacking_default\"><div class=\"vc_col-sm-4 wpb_column vc_column_container farfalla\"><div class=\"vc_column-inner\"><div class=\"wpb_wrapper\"><div class=\"ult-spacer spacer-69ea77e4ea64d\" data-id=\"69ea77e4ea64d\" data-height=\"50\" data-height-mobile=\"20\" data-height-tab=\"20\" data-height-tab-portrait=\"20\" data-height-mobile-landscape=\"20\" style=\"clear:both;display:block;\"><\/div><div class=\"wpb_text_column titolo-farfalla\"><div class=\"wpb_wrapper\"><h1>DIE T\u00dcRKISENE PERLE DES TALS<\/h1>\n<\/div><\/div><\/div><\/div><\/div><div class=\"vc_col-sm-8 wpb_column vc_column_container\"><div class=\"vc_column-inner\"><div class=\"wpb_wrapper\"><div class=\"wpb_text_column giustifica\"><div class=\"wpb_wrapper\"><h2>IN DER UMARMUNG DER BERGE<\/h2>\n<\/div><\/div><div class=\"w-image i100 align_none\"><div class=\"w-image-h\"><img decoding=\"async\" width=\"1024\" height=\"1024\" src=\"https:\/\/www.valleledro.it\/wp-content\/uploads\/2018\/06\/riga-verde.svg\" class=\"attachment-large size-large\" alt=\"\" loading=\"lazy\" \/><\/div><\/div><div class=\"wpb_text_column giustifica\"><div class=\"wpb_wrapper\"><p>Durch eine Endmor\u00e4ne entstand der pr\u00e4chtige Ledro-See auf 655 Metern \u00fcber dem Meeresspiegel. Es ist ein Badesee mit vier ausgestatteten Str\u00e4nden, an denen Sie sich sonnen, wo Sie den ganzen Tag im Freien verbringen und Wassersport betreiben k\u00f6nnen. Die Entdeckung der bedeutenden Pfahlbausiedlung im Jahr 1929 hat die Geschichte des Sees gepr\u00e4gt, da seit 2011 das gesamte von der Entdeckung betroffene Gebiet zum UNESCO-Weltkulturerbe geh\u00f6rt.<br \/>\nDie Seerundfahrt ist eine einfache Rundtour. Wanderer erreichen ausgehend von Molina di Ledro auf unbefestigten Wegen, asphaltierten Stra\u00dfen und entlang wundersch\u00f6ner Aussichten wieder Molina di Ledro.<\/p>\n<\/div><\/div><\/div><\/div><\/div><\/div><\/div><\/section>\n","protected":false},"excerpt":{"rendered":"LEDRO SEEDie t\u00fcrkisene Perle DIE T\u00dcRKISENE PERLE DES TALS IN DER UMARMUNG DER BERGE Durch eine Endmor\u00e4ne entstand der pr\u00e4chtige Ledro-See auf 655 Metern \u00fcber dem Meeresspiegel. Es ist ein Badesee mit vier ausgestatteten Str\u00e4nden, an denen Sie sich sonnen, wo Sie den ganzen Tag im Freien verbringen und Wassersport betreiben k\u00f6nnen. Die Entdeckung der...","protected":false},"author":1,"featured_media":0,"parent":523,"menu_order":0,"comment_status":"closed","ping_status":"closed","template":"","meta":{"inline_featured_image":false,"footnotes":""},"class_list":["post-1785","page","type-page","status-publish","hentry"],"yoast_head":"<!-- This site is optimized with the Yoast SEO plugin v27.4 - https:\/\/yoast.com\/product\/yoast-seo-wordpress\/ -->\n<title>Ledro See - Val Molini Bungalow Ledro<\/title>\n<meta name=\"robots\" content=\"index, follow, max-snippet:-1, max-image-preview:large, max-video-preview:-1\" \/>\n<link rel=\"canonical\" href=\"https:\/\/www.valleledro.it\/de\/lage\/ledro-see\/\" \/>\n<meta property=\"og:locale\" content=\"de_DE\" \/>\n<meta property=\"og:type\" content=\"article\" \/>\n<meta property=\"og:title\" content=\"Ledro See - Val Molini Bungalow Ledro\" \/>\n<meta property=\"og:url\" content=\"https:\/\/www.valleledro.it\/de\/lage\/ledro-see\/\" \/>\n<meta property=\"og:site_name\" content=\"Val Molini Bungalow Ledro\" \/>\n<meta property=\"article:publisher\" content=\"https:\/\/www.facebook.com\/villaggio.valmolini\/\" \/>\n<meta name=\"twitter:card\" content=\"summary_large_image\" \/>\n<meta name=\"twitter:label1\" content=\"Gesch\u00e4tzte Lesezeit\" \/>\n\t<meta name=\"twitter:data1\" content=\"1\u00a0Minute\" \/>\n<script type=\"application\/ld+json\" class=\"yoast-schema-graph\">{\"@context\":\"https:\\\/\\\/schema.org\",\"@graph\":[{\"@type\":\"WebPage\",\"@id\":\"https:\\\/\\\/www.valleledro.it\\\/de\\\/lage\\\/ledro-see\\\/\",\"url\":\"https:\\\/\\\/www.valleledro.it\\\/de\\\/lage\\\/ledro-see\\\/\",\"name\":\"Ledro See - Val Molini Bungalow Ledro\",\"isPartOf\":{\"@id\":\"https:\\\/\\\/www.valleledro.it\\\/#website\"},\"datePublished\":\"2020-02-26T13:05:36+00:00\",\"breadcrumb\":{\"@id\":\"https:\\\/\\\/www.valleledro.it\\\/de\\\/lage\\\/ledro-see\\\/#breadcrumb\"},\"inLanguage\":\"de\",\"potentialAction\":[{\"@type\":\"ReadAction\",\"target\":[\"https:\\\/\\\/www.valleledro.it\\\/de\\\/lage\\\/ledro-see\\\/\"]}]},{\"@type\":\"BreadcrumbList\",\"@id\":\"https:\\\/\\\/www.valleledro.it\\\/de\\\/lage\\\/ledro-see\\\/#breadcrumb\",\"itemListElement\":[{\"@type\":\"ListItem\",\"position\":1,\"name\":\"Home\",\"item\":\"https:\\\/\\\/www.valleledro.it\\\/de\\\/\"},{\"@type\":\"ListItem\",\"position\":2,\"name\":\"Lage\",\"item\":\"https:\\\/\\\/www.valleledro.it\\\/de\\\/lage\\\/\"},{\"@type\":\"ListItem\",\"position\":3,\"name\":\"Ledro See\"}]},{\"@type\":\"WebSite\",\"@id\":\"https:\\\/\\\/www.valleledro.it\\\/#website\",\"url\":\"https:\\\/\\\/www.valleledro.it\\\/\",\"name\":\"Val Molini Bungalow Ledro\",\"description\":\"Val Molini Bungalow Ledro\",\"potentialAction\":[{\"@type\":\"SearchAction\",\"target\":{\"@type\":\"EntryPoint\",\"urlTemplate\":\"https:\\\/\\\/www.valleledro.it\\\/?s={search_term_string}\"},\"query-input\":{\"@type\":\"PropertyValueSpecification\",\"valueRequired\":true,\"valueName\":\"search_term_string\"}}],\"inLanguage\":\"de\"}]}<\/script>\n<!-- \/ Yoast SEO plugin. -->","yoast_head_json":{"title":"Ledro See - Val Molini Bungalow Ledro","robots":{"index":"index","follow":"follow","max-snippet":"max-snippet:-1","max-image-preview":"max-image-preview:large","max-video-preview":"max-video-preview:-1"},"canonical":"https:\/\/www.valleledro.it\/de\/lage\/ledro-see\/","og_locale":"de_DE","og_type":"article","og_title":"Ledro See - Val Molini Bungalow Ledro","og_url":"https:\/\/www.valleledro.it\/de\/lage\/ledro-see\/","og_site_name":"Val Molini Bungalow Ledro","article_publisher":"https:\/\/www.facebook.com\/villaggio.valmolini\/","twitter_card":"summary_large_image","twitter_misc":{"Gesch\u00e4tzte Lesezeit":"1\u00a0Minute"},"schema":{"@context":"https:\/\/schema.org","@graph":[{"@type":"WebPage","@id":"https:\/\/www.valleledro.it\/de\/lage\/ledro-see\/","url":"https:\/\/www.valleledro.it\/de\/lage\/ledro-see\/","name":"Ledro See - Val Molini Bungalow Ledro","isPartOf":{"@id":"https:\/\/www.valleledro.it\/#website"},"datePublished":"2020-02-26T13:05:36+00:00","breadcrumb":{"@id":"https:\/\/www.valleledro.it\/de\/lage\/ledro-see\/#breadcrumb"},"inLanguage":"de","potentialAction":[{"@type":"ReadAction","target":["https:\/\/www.valleledro.it\/de\/lage\/ledro-see\/"]}]},{"@type":"BreadcrumbList","@id":"https:\/\/www.valleledro.it\/de\/lage\/ledro-see\/#breadcrumb","itemListElement":[{"@type":"ListItem","position":1,"name":"Home","item":"https:\/\/www.valleledro.it\/de\/"},{"@type":"ListItem","position":2,"name":"Lage","item":"https:\/\/www.valleledro.it\/de\/lage\/"},{"@type":"ListItem","position":3,"name":"Ledro See"}]},{"@type":"WebSite","@id":"https:\/\/www.valleledro.it\/#website","url":"https:\/\/www.valleledro.it\/","name":"Val Molini Bungalow Ledro","description":"Val Molini Bungalow Ledro","potentialAction":[{"@type":"SearchAction","target":{"@type":"EntryPoint","urlTemplate":"https:\/\/www.valleledro.it\/?s={search_term_string}"},"query-input":{"@type":"PropertyValueSpecification","valueRequired":true,"valueName":"search_term_string"}}],"inLanguage":"de"}]}},"publishpress_future_action":{"enabled":false,"date":"2026-04-30 21:49:56","action":"change-status","newStatus":"draft","terms":[],"taxonomy":"translation_priority","extraData":[]},"publishpress_future_workflow_manual_trigger":{"enabledWorkflows":[]},"_links":{"self":[{"href":"https:\/\/www.valleledro.it\/de\/wp-json\/wp\/v2\/pages\/1785","targetHints":{"allow":["GET"]}}],"collection":[{"href":"https:\/\/www.valleledro.it\/de\/wp-json\/wp\/v2\/pages"}],"about":[{"href":"https:\/\/www.valleledro.it\/de\/wp-json\/wp\/v2\/types\/page"}],"author":[{"embeddable":true,"href":"https:\/\/www.valleledro.it\/de\/wp-json\/wp\/v2\/users\/1"}],"replies":[{"embeddable":true,"href":"https:\/\/www.valleledro.it\/de\/wp-json\/wp\/v2\/comments?post=1785"}],"version-history":[{"count":0,"href":"https:\/\/www.valleledro.it\/de\/wp-json\/wp\/v2\/pages\/1785\/revisions"}],"up":[{"embeddable":true,"href":"https:\/\/www.valleledro.it\/de\/wp-json\/wp\/v2\/pages\/523"}],"wp:attachment":[{"href":"https:\/\/www.valleledro.it\/de\/wp-json\/wp\/v2\/media?parent=1785"}],"curies":[{"name":"wp","href":"https:\/\/api.w.org\/{rel}","templated":true}]}}