{"id":523,"date":"2018-07-23T09:48:04","date_gmt":"2018-07-23T07:48:04","guid":{"rendered":"https:\/\/www.valleledro.it\/?page_id=523"},"modified":"2022-06-04T14:46:53","modified_gmt":"2022-06-04T12:46:53","slug":"lage","status":"publish","type":"page","link":"https:\/\/www.valleledro.it\/de\/lage\/","title":{"rendered":"Lage"},"content":{"rendered":"<section class=\"l-section wpb_row height_large\"><div class=\"l-section-h i-cf\"><div class=\"g-cols vc_row via_flex valign_bottom type_default stacking_default\"><div class=\"vc_col-sm-2 wpb_column vc_column_container\"><div class=\"vc_column-inner\"><div class=\"wpb_wrapper\"><div class=\"ult-spacer spacer-69ea7bf7408c7\" data-id=\"69ea7bf7408c7\" data-height=\"10\" data-height-mobile=\"10\" data-height-tab=\"10\" data-height-tab-portrait=\"10\" data-height-mobile-landscape=\"10\" style=\"clear:both;display:block;\"><\/div><\/div><\/div><\/div><div class=\"vc_col-sm-8 wpb_column vc_column_container\"><div class=\"vc_column-inner\"><div class=\"wpb_wrapper\"><div class=\"w-image i100 align_center\"><div class=\"w-image-h\"><img decoding=\"async\" width=\"1024\" height=\"1024\" src=\"https:\/\/www.valleledro.it\/wp-content\/uploads\/2018\/05\/farfalla-sx.svg\" class=\"attachment-large size-large\" alt=\"\" loading=\"lazy\" \/><\/div><\/div><div class=\"wpb_text_column\"><div class=\"wpb_wrapper\"><h1 style=\"text-align: center;\"><span class=\"grosso verde\">LAGE<\/span> UND GEBIET<\/h1>\n<\/div><\/div><div class=\"wpb_text_column us_custom_af6a9b6a giustifica\"><div class=\"wpb_wrapper\"><p>Das Villaggio Val Molini liegt ca. 4 km von den Str\u00e4nden des Ledrosees und wenige Autominuten vom Gardasee (ca. 15 km) entfernt, der auf der H\u00f6he von Riva del Garda und vom kleinen See von Tenno erreicht werden kann.<br \/>\nNutzen Sie mit der Trentino-Guest-Card die M\u00f6glichkeit der kostenlosen \u00f6ffentlichen Verkehrsmittel, um die nahe gelegene Seeorte zu besuchen.<\/p>\n<\/div><\/div><\/div><\/div><\/div><div class=\"vc_col-sm-2 wpb_column vc_column_container\"><div class=\"vc_column-inner\"><div class=\"wpb_wrapper\"><div class=\"ult-spacer spacer-69ea7bf7418a5\" data-id=\"69ea7bf7418a5\" data-height=\"10\" data-height-mobile=\"10\" data-height-tab=\"10\" data-height-tab-portrait=\"10\" data-height-mobile-landscape=\"10\" style=\"clear:both;display:block;\"><\/div><\/div><\/div><\/div><\/div><\/div><\/section><section class=\"l-section wpb_row height_medium\"><div class=\"l-section-h i-cf\"><div class=\"g-cols vc_row via_flex valign_top type_default stacking_default\"><div class=\"vc_col-sm-6 wpb_column vc_column_container\"><div class=\"vc_column-inner\"><div class=\"wpb_wrapper\"><div class=\"w-image i100 align_none\"><div class=\"w-image-h\"><img decoding=\"async\" width=\"1024\" height=\"1024\" src=\"https:\/\/www.valleledro.it\/wp-content\/uploads\/2018\/06\/riga-verde.svg\" class=\"attachment-large size-large\" alt=\"\" loading=\"lazy\" \/><\/div><\/div><div class=\"wpb_text_column giustifica\"><div class=\"wpb_wrapper\"><h2><span class=\"grosso verde\">15 Minuten entfernt<\/span><\/h2>\n<p><strong>Museum der Pfahlbauten am Ledrosee<\/strong><br \/>\nAm Ufer des Ledrosees, der aus der Bronzezeit stammt und gerade zum UNESCO-Weltkulturerbe erkl\u00e4rt wurde.<br \/>\nDas Museum der Pfahlbauten des Ledrosees, eine thematische Abteilung des Tridentinischen Museums der Naturwissenschaften, wurde in den 1970er Jahren gegr\u00fcndet, um eine Auswahl von Funden aus dem angrenzenden arch\u00e4ologischen Gebiet zu ver\u00f6ffentlichen. Vor dem Hintergrund der \u00dcberreste des antiken Pfahlbaudorfes werden Gegenst\u00e4nde des Alltagslebens aus 4000 Jahren gezeigt, um das Leben in der Bronzezeit verst\u00e4ndlich zu machen.<\/p>\n<\/div><\/div><\/div><\/div><\/div><div class=\"vc_col-sm-6 wpb_column vc_column_container\"><div class=\"vc_column-inner\"><div class=\"wpb_wrapper\"><div class=\"w-image i100 align_none\"><div class=\"w-image-h\"><img decoding=\"async\" width=\"1024\" height=\"1024\" src=\"https:\/\/www.valleledro.it\/wp-content\/uploads\/2018\/06\/riga-verde.svg\" class=\"attachment-large size-large\" alt=\"\" loading=\"lazy\" \/><\/div><\/div><div class=\"wpb_text_column giustifica\"><div class=\"wpb_wrapper\"><h2><span class=\"grosso verde\">EINE KURZE RADTOUR VOM VILLAGE ENTFERNT<\/span><\/h2>\n<p><strong>Mountainbiketouren<\/strong><br \/>\nDas Ledrotal ist ein wahres Paradies f\u00fcr Mountainbike-Liebhaber mit \u00fcber 200 km markierten Wegen auf Waldwegen, Pfaden und alten Saumpfaden, die geeignet sind f\u00fcr Mountainbikeanf\u00e4nger oder f\u00fcr diejenigen, die einen echten Adrenalinkick erleben m\u00f6chten.<\/p>\n<p><strong>Mountain &amp; Garda Bike.<\/strong><br \/>\nEin neuer Mountainbikepfad, der die Gebiete Ledro, Garda, Monte Bondone und Monte Baldo verbindet.\u00a0Gut 216 km und 10.000 H\u00f6henunterschied, vom Gardasee bis nach Tremalzo.<\/p>\n<\/div><\/div><\/div><\/div><\/div><\/div><\/div><\/section><section class=\"l-section wpb_row height_medium color_alternate\"><div class=\"l-section-h i-cf\"><div class=\"g-cols vc_row via_flex valign_middle type_default stacking_default\"><div class=\"vc_col-sm-8 wpb_column vc_column_container\"><div class=\"vc_column-inner\"><div class=\"wpb_wrapper\"><div class=\"w-map provider_google us_custom_cfdf64d4\" id=\"us_map_1\"><div class=\"w-map-inner\"><div class=\"w-map-json\" onclick='return {&quot;address&quot;:&quot;45.900059 10.704651&quot;,&quot;disableDragging&quot;:0,&quot;disableZoom&quot;:1,&quot;hideControls&quot;:0,&quot;zoom&quot;:11,&quot;markers&quot;:[{&quot;address&quot;:&quot;45.900059 10.704651&quot;,&quot;html&quot;:&quot;&lt;h6&gt;VILLAGGIO VAL MOLINI&lt;\\\/h6&gt;&quot;,&quot;infowindow&quot;:&quot;1&quot;}],&quot;maptype&quot;:&quot;ROADMAP&quot;}'><\/div><div class=\"w-map-style-json\" onclick='return [\n    {\n        \"featureType\": \"administrative\",\n        \"elementType\": \"all\",\n        \"stylers\": [\n            {\n                \"saturation\": \"-100\"\n            }\n        ]\n    },\n    {\n        \"featureType\": \"administrative.province\",\n        \"elementType\": \"all\",\n        \"stylers\": [\n            {\n                \"visibility\": \"off\"\n            }\n        ]\n    },\n    {\n        \"featureType\": \"landscape\",\n        \"elementType\": \"all\",\n        \"stylers\": [\n            {\n                \"saturation\": -100\n            },\n            {\n                \"lightness\": 65\n            },\n            {\n                \"visibility\": \"on\"\n            }\n        ]\n    },\n    {\n        \"featureType\": \"poi\",\n        \"elementType\": \"all\",\n        \"stylers\": [\n            {\n                \"saturation\": -100\n            },\n            {\n                \"lightness\": \"50\"\n            },\n            {\n                \"visibility\": \"simplified\"\n            }\n        ]\n    },\n    {\n        \"featureType\": \"road\",\n        \"elementType\": \"all\",\n        \"stylers\": [\n            {\n                \"saturation\": \"-100\"\n            }\n        ]\n    },\n    {\n        \"featureType\": \"road.highway\",\n        \"elementType\": \"all\",\n        \"stylers\": [\n            {\n                \"visibility\": \"simplified\"\n            }\n        ]\n    },\n    {\n        \"featureType\": \"road.arterial\",\n        \"elementType\": \"all\",\n        \"stylers\": [\n            {\n                \"lightness\": \"30\"\n            }\n        ]\n    },\n    {\n        \"featureType\": \"road.local\",\n        \"elementType\": \"all\",\n        \"stylers\": [\n            {\n                \"lightness\": \"40\"\n            }\n        ]\n    },\n    {\n        \"featureType\": \"transit\",\n        \"elementType\": \"all\",\n        \"stylers\": [\n            {\n                \"saturation\": -100\n            },\n            {\n                \"visibility\": \"simplified\"\n            }\n        ]\n    },\n    {\n        \"featureType\": \"water\",\n        \"elementType\": \"geometry\",\n        \"stylers\": [\n            {\n                \"hue\": \"#ffff00\"\n            },\n            {\n                \"lightness\": -25\n            },\n            {\n                \"saturation\": -97\n            }\n        ]\n    },\n    {\n        \"featureType\": \"water\",\n        \"elementType\": \"labels\",\n        \"stylers\": [\n            {\n                \"lightness\": -25\n            },\n            {\n                \"saturation\": -100\n            }\n        ]\n    }\n]'><\/div><\/div><\/div><\/div><\/div><\/div><div class=\"vc_col-sm-4 wpb_column vc_column_container\"><div class=\"vc_column-inner\"><div class=\"wpb_wrapper\"><div class=\"wpb_text_column\"><div class=\"wpb_wrapper\"><h2><span class=\"grosso verde\">ENTFERNUNGEN<\/span><\/h2>\n<p>Das Val Molini Village befindet sich in Bezzecca.<\/p>\n<ul>\n<li>Ledrosee 4 Km<\/li>\n<li>Riva del Garda 15 Km<\/li>\n<li>Tennosee 20 Km<\/li>\n<li>Limone 33 Km<\/li>\n<li>Idrosee 30 Km<\/li>\n<li>Vittoriale Gardone 60 Km<\/li>\n<li>Madonna di Campiglio 70 Km<\/li>\n<\/ul>\n<\/div><\/div><\/div><\/div><\/div><\/div><\/div><\/section><section class=\"l-section wpb_row fascia-prato height_medium\"><div class=\"l-section-h i-cf\"><div class=\"g-cols vc_row via_flex valign_middle type_boxes stacking_default\"><div class=\"vc_col-sm-6 wpb_column vc_column_container\"><div class=\"vc_column-inner\"><div class=\"wpb_wrapper\"><div class=\"wpb_text_column\"><div class=\"wpb_wrapper\"><h1 style=\"text-align: left;\"><span class=\"grosso verde\">GARDA GUEST CARD<\/span><\/h1>\n<\/div><\/div><div class=\"wpb_text_column us_custom_af6a9b6a giustifica\"><div class=\"wpb_wrapper\"><p>Die Garda Guest Card ist die lokale Vorteilskarte. Wir geben es jedem Gast. Es gibt Ihnen die M\u00f6glichkeit, kostenlos mit den \u00f6ffentlichen Verkehrsmitteln im Trentino zu fahren und Museen, Schl\u00f6sser und andere Orte von historischem und kulturellem Interesse zu Sonderpreisen zu besuchen. Dar\u00fcber hinaus k\u00f6nnen Sie an Essens- und Weinverkostungen teilnehmen und einige exklusive Outdoor-Aktivit\u00e4ten zu erm\u00e4\u00dfigten Preisen ausprobieren.<\/p>\n<\/div><\/div><\/div><\/div><\/div><div class=\"vc_col-sm-6 wpb_column vc_column_container\"><div class=\"vc_column-inner us_custom_1dfdc494\"><div class=\"wpb_wrapper\"><div class=\"w-image align_none\"><div class=\"w-image-h\"><img decoding=\"async\" width=\"600\" height=\"398\" src=\"https:\/\/www.valleledro.it\/wp-content\/uploads\/2022\/05\/2021_garda_card.jpg\" class=\"attachment-full size-full\" alt=\"\" loading=\"lazy\" srcset=\"https:\/\/www.valleledro.it\/wp-content\/uploads\/2022\/05\/2021_garda_card.jpg 600w, https:\/\/www.valleledro.it\/wp-content\/uploads\/2022\/05\/2021_garda_card-300x199.jpg 300w\" sizes=\"auto, (max-width: 600px) 100vw, 600px\" \/><\/div><\/div><\/div><\/div><\/div><\/div><\/div><\/section>\n","protected":false},"excerpt":{"rendered":"LAGE UND GEBIET Das Villaggio Val Molini liegt ca. 4 km von den Str\u00e4nden des Ledrosees und wenige Autominuten vom Gardasee (ca. 15 km) entfernt, der auf der H\u00f6he von Riva del Garda und vom kleinen See von Tenno erreicht werden kann. Nutzen Sie mit der Trentino-Guest-Card die M\u00f6glichkeit der kostenlosen \u00f6ffentlichen Verkehrsmittel, um die...","protected":false},"author":1,"featured_media":0,"parent":0,"menu_order":72,"comment_status":"closed","ping_status":"closed","template":"","meta":{"inline_featured_image":false,"footnotes":""},"class_list":["post-523","page","type-page","status-publish","hentry"],"yoast_head":"<!-- This site is optimized with the Yoast SEO plugin v27.4 - https:\/\/yoast.com\/product\/yoast-seo-wordpress\/ -->\n<title>Lage - Val Molini Bungalow Ledro<\/title>\n<meta name=\"robots\" content=\"index, follow, max-snippet:-1, max-image-preview:large, max-video-preview:-1\" \/>\n<link rel=\"canonical\" href=\"https:\/\/www.valleledro.it\/de\/lage\/\" \/>\n<meta property=\"og:locale\" content=\"de_DE\" \/>\n<meta property=\"og:type\" content=\"article\" \/>\n<meta property=\"og:title\" content=\"Lage - Val Molini Bungalow Ledro\" \/>\n<meta property=\"og:url\" content=\"https:\/\/www.valleledro.it\/de\/lage\/\" \/>\n<meta property=\"og:site_name\" content=\"Val Molini Bungalow Ledro\" \/>\n<meta property=\"article:publisher\" content=\"https:\/\/www.facebook.com\/villaggio.valmolini\/\" \/>\n<meta property=\"article:modified_time\" content=\"2022-06-04T12:46:53+00:00\" \/>\n<meta name=\"twitter:card\" content=\"summary_large_image\" \/>\n<meta name=\"twitter:label1\" content=\"Gesch\u00e4tzte Lesezeit\" \/>\n\t<meta name=\"twitter:data1\" content=\"2\u00a0Minuten\" \/>\n<script type=\"application\/ld+json\" class=\"yoast-schema-graph\">{\"@context\":\"https:\\\/\\\/schema.org\",\"@graph\":[{\"@type\":\"WebPage\",\"@id\":\"https:\\\/\\\/www.valleledro.it\\\/de\\\/lage\\\/\",\"url\":\"https:\\\/\\\/www.valleledro.it\\\/de\\\/lage\\\/\",\"name\":\"Lage - Val Molini Bungalow Ledro\",\"isPartOf\":{\"@id\":\"https:\\\/\\\/www.valleledro.it\\\/#website\"},\"datePublished\":\"2018-07-23T07:48:04+00:00\",\"dateModified\":\"2022-06-04T12:46:53+00:00\",\"breadcrumb\":{\"@id\":\"https:\\\/\\\/www.valleledro.it\\\/de\\\/lage\\\/#breadcrumb\"},\"inLanguage\":\"de\",\"potentialAction\":[{\"@type\":\"ReadAction\",\"target\":[\"https:\\\/\\\/www.valleledro.it\\\/de\\\/lage\\\/\"]}]},{\"@type\":\"BreadcrumbList\",\"@id\":\"https:\\\/\\\/www.valleledro.it\\\/de\\\/lage\\\/#breadcrumb\",\"itemListElement\":[{\"@type\":\"ListItem\",\"position\":1,\"name\":\"Home\",\"item\":\"https:\\\/\\\/www.valleledro.it\\\/de\\\/\"},{\"@type\":\"ListItem\",\"position\":2,\"name\":\"Lage\"}]},{\"@type\":\"WebSite\",\"@id\":\"https:\\\/\\\/www.valleledro.it\\\/#website\",\"url\":\"https:\\\/\\\/www.valleledro.it\\\/\",\"name\":\"Val Molini Bungalow Ledro\",\"description\":\"Val Molini Bungalow Ledro\",\"potentialAction\":[{\"@type\":\"SearchAction\",\"target\":{\"@type\":\"EntryPoint\",\"urlTemplate\":\"https:\\\/\\\/www.valleledro.it\\\/?s={search_term_string}\"},\"query-input\":{\"@type\":\"PropertyValueSpecification\",\"valueRequired\":true,\"valueName\":\"search_term_string\"}}],\"inLanguage\":\"de\"}]}<\/script>\n<!-- \/ Yoast SEO plugin. -->","yoast_head_json":{"title":"Lage - Val Molini Bungalow Ledro","robots":{"index":"index","follow":"follow","max-snippet":"max-snippet:-1","max-image-preview":"max-image-preview:large","max-video-preview":"max-video-preview:-1"},"canonical":"https:\/\/www.valleledro.it\/de\/lage\/","og_locale":"de_DE","og_type":"article","og_title":"Lage - Val Molini Bungalow Ledro","og_url":"https:\/\/www.valleledro.it\/de\/lage\/","og_site_name":"Val Molini Bungalow Ledro","article_publisher":"https:\/\/www.facebook.com\/villaggio.valmolini\/","article_modified_time":"2022-06-04T12:46:53+00:00","twitter_card":"summary_large_image","twitter_misc":{"Gesch\u00e4tzte Lesezeit":"2\u00a0Minuten"},"schema":{"@context":"https:\/\/schema.org","@graph":[{"@type":"WebPage","@id":"https:\/\/www.valleledro.it\/de\/lage\/","url":"https:\/\/www.valleledro.it\/de\/lage\/","name":"Lage - Val Molini Bungalow Ledro","isPartOf":{"@id":"https:\/\/www.valleledro.it\/#website"},"datePublished":"2018-07-23T07:48:04+00:00","dateModified":"2022-06-04T12:46:53+00:00","breadcrumb":{"@id":"https:\/\/www.valleledro.it\/de\/lage\/#breadcrumb"},"inLanguage":"de","potentialAction":[{"@type":"ReadAction","target":["https:\/\/www.valleledro.it\/de\/lage\/"]}]},{"@type":"BreadcrumbList","@id":"https:\/\/www.valleledro.it\/de\/lage\/#breadcrumb","itemListElement":[{"@type":"ListItem","position":1,"name":"Home","item":"https:\/\/www.valleledro.it\/de\/"},{"@type":"ListItem","position":2,"name":"Lage"}]},{"@type":"WebSite","@id":"https:\/\/www.valleledro.it\/#website","url":"https:\/\/www.valleledro.it\/","name":"Val Molini Bungalow Ledro","description":"Val Molini Bungalow Ledro","potentialAction":[{"@type":"SearchAction","target":{"@type":"EntryPoint","urlTemplate":"https:\/\/www.valleledro.it\/?s={search_term_string}"},"query-input":{"@type":"PropertyValueSpecification","valueRequired":true,"valueName":"search_term_string"}}],"inLanguage":"de"}]}},"publishpress_future_action":{"enabled":false,"date":"2026-04-30 22:07:19","action":"change-status","newStatus":"draft","terms":[],"taxonomy":"translation_priority","extraData":[]},"publishpress_future_workflow_manual_trigger":{"enabledWorkflows":[]},"_links":{"self":[{"href":"https:\/\/www.valleledro.it\/de\/wp-json\/wp\/v2\/pages\/523","targetHints":{"allow":["GET"]}}],"collection":[{"href":"https:\/\/www.valleledro.it\/de\/wp-json\/wp\/v2\/pages"}],"about":[{"href":"https:\/\/www.valleledro.it\/de\/wp-json\/wp\/v2\/types\/page"}],"author":[{"embeddable":true,"href":"https:\/\/www.valleledro.it\/de\/wp-json\/wp\/v2\/users\/1"}],"replies":[{"embeddable":true,"href":"https:\/\/www.valleledro.it\/de\/wp-json\/wp\/v2\/comments?post=523"}],"version-history":[{"count":3,"href":"https:\/\/www.valleledro.it\/de\/wp-json\/wp\/v2\/pages\/523\/revisions"}],"predecessor-version":[{"id":3160,"href":"https:\/\/www.valleledro.it\/de\/wp-json\/wp\/v2\/pages\/523\/revisions\/3160"}],"wp:attachment":[{"href":"https:\/\/www.valleledro.it\/de\/wp-json\/wp\/v2\/media?parent=523"}],"curies":[{"name":"wp","href":"https:\/\/api.w.org\/{rel}","templated":true}]}}