{"id":576,"date":"2018-07-23T11:21:25","date_gmt":"2018-07-23T09:21:25","guid":{"rendered":"https:\/\/www.valleledro.it\/?page_id=576"},"modified":"2026-01-13T16:11:42","modified_gmt":"2026-01-13T15:11:42","slug":"schwimmbad","status":"publish","type":"page","link":"https:\/\/www.valleledro.it\/de\/schwimmbad\/","title":{"rendered":"Schwimmbad"},"content":{"rendered":"<section class=\"l-section wpb_row us_custom_755519e8 height_auto width_full\"><div class=\"l-section-h i-cf\"><div class=\"g-cols vc_row via_flex valign_middle type_default stacking_default\"><div class=\"vc_col-sm-12 wpb_column vc_column_container\"><div class=\"vc_column-inner\"><div class=\"wpb_wrapper\">[rev_slider_vc alias=&#8220;piscina&#8220;]<\/div><\/div><\/div><\/div><\/div><\/section><section class=\"l-section wpb_row height_huge\"><div class=\"l-section-h i-cf\"><div class=\"g-cols vc_row via_flex valign_top type_default stacking_default\"><div class=\"vc_col-sm-4 wpb_column vc_column_container farfalla\"><div class=\"vc_column-inner\"><div class=\"wpb_wrapper\"><div class=\"ult-spacer spacer-69ea8e3708fc8\" data-id=\"69ea8e3708fc8\" data-height=\"50\" data-height-mobile=\"20\" data-height-tab=\"20\" data-height-tab-portrait=\"20\" data-height-mobile-landscape=\"20\" style=\"clear:both;display:block;\"><\/div><div class=\"wpb_text_column titolo-farfalla\"><div class=\"wpb_wrapper\"><h1><span class=\"grosso verde\"> WELLNESS ALS MITTELPUNKT DES URLAUBS <\/span><\/h1>\n<\/div><\/div><\/div><\/div><\/div><div class=\"vc_col-sm-8 wpb_column vc_column_container\"><div class=\"vc_column-inner\"><div class=\"wpb_wrapper\"><div class=\"wpb_text_column\"><div class=\"wpb_wrapper\"><h4>DER LEDRO-SEE IST DAS PERFEKTE SZENARIO<\/h4>\n<\/div><\/div><div class=\"w-image i100 align_none\"><div class=\"w-image-h\"><img decoding=\"async\" width=\"1024\" height=\"1024\" src=\"https:\/\/www.valleledro.it\/wp-content\/uploads\/2018\/06\/riga-verde.svg\" class=\"attachment-large size-large\" alt=\"\" loading=\"lazy\" \/><\/div><\/div><div class=\"wpb_text_column giustifica\"><div class=\"wpb_wrapper\"><p>Schlie\u00dfen Sie die Augen und entspannen Sie sich. Atmen Sie die saubere Luft und genie\u00dfen Sie den Geschmack von s\u00fc\u00dfem Nichtstun gewogen von der umgebenden Stille. Hier beginnt das nat\u00fcrliche Wohlbefinden. Erfrischen Sie sich an den hei\u00dfesten Urlaubstagen am Ledro-See mit einem Sprung in den wundersch\u00f6nen Au\u00dfenpool (15 x 8 m), der von 09:00 bis 20:00 Uhr om 16. Mai bis zum 26. September 2026 von allen G\u00e4sten kostenfrei genutzt werden kann.<br \/>\nVerabschieden Sie sich vom Verkehrsl\u00e4rm und entspannen Sie sich auf den Sonnenliegen im Solarium und im gr\u00fcnen Garten. Was kann es Sch\u00f6neres geben\u2026 Gar nichts<br \/>\nLiebhaber von Wellnessurlauben k\u00f6nnen im <strong><a href=\"https:\/\/www.valleledro.it\/de\/spa\/\">Wellnessbereich<\/a><\/strong> abwechselnd Saunag\u00e4nge und Ausfl\u00fcge und sportliche Aktivit\u00e4ten auf dem Ledro-See genie\u00dfen.<\/p>\n<\/div><\/div><\/div><\/div><\/div><\/div><\/div><\/section><section class=\"l-section wpb_row height_auto width_full\"><div class=\"l-section-h i-cf\"><div class=\"g-cols vc_row via_flex valign_middle type_boxes stacking_default\"><div class=\"vc_col-sm-8 wpb_column vc_column_container has_bg_color\"><div class=\"vc_column-inner us_custom_49871ab1\"><div class=\"wpb_wrapper\"><div class=\"ult-spacer spacer-69ea8e370ab57\" data-id=\"69ea8e370ab57\" data-height=\"300\" data-height-mobile=\"300\" data-height-tab=\"300\" data-height-tab-portrait=\"300\" data-height-mobile-landscape=\"300\" style=\"clear:both;display:block;\"><\/div><\/div><\/div><\/div><div class=\"vc_col-sm-4 wpb_column vc_column_container txt-70 has_bg_color\"><div class=\"vc_column-inner us_custom_6797a8bb\"><div class=\"wpb_wrapper\"><div class=\"ult-spacer spacer-69ea8e370acf3\" data-id=\"69ea8e370acf3\" data-height=\"100\" data-height-mobile=\"50\" data-height-tab=\"50\" data-height-tab-portrait=\"50\" data-height-mobile-landscape=\"50\" style=\"clear:both;display:block;\"><\/div><div class=\"wpb_text_column\"><div class=\"wpb_wrapper\"><h2><span class=\"grosso giallo\">DER SPA\u00df IST GARANTIERT!<\/span><br \/>\nF\u00dcR ALLE G\u00c4STE<\/h2>\n<\/div><\/div><div class=\"w-image i100 align_none\"><div class=\"w-image-h\"><img decoding=\"async\" width=\"1024\" height=\"1024\" src=\"https:\/\/www.valleledro.it\/wp-content\/uploads\/2018\/06\/riga-verde.svg\" class=\"attachment-large size-large\" alt=\"\" loading=\"lazy\" \/><\/div><\/div><div class=\"wpb_text_column us_custom_72fc42ef giustifica\"><div class=\"wpb_wrapper\"><p>L\u00e4cheln und Spiele im Wasser.<br \/>\nDer Au\u00dfenpool, der von Mitte Mai bis Ende September zur Verf\u00fcgung steht, hat eine starke emotionale und emotionale Wirkung. G\u00f6nnen Sie sich Momente der Entspannung.<\/p>\n<\/div><\/div><div class=\"ult-spacer spacer-69ea8e370b234\" data-id=\"69ea8e370b234\" data-height=\"100\" data-height-mobile=\"50\" data-height-tab=\"50\" data-height-tab-portrait=\"50\" data-height-mobile-landscape=\"50\" style=\"clear:both;display:block;\"><\/div><\/div><\/div><\/div><\/div><\/div><\/section><section class=\"l-section wpb_row us_custom_129c5185 height_auto width_full\" id=\"inverti\"><div class=\"l-section-h i-cf\"><div class=\"g-cols vc_row via_flex valign_middle type_boxes stacking_default\"><div class=\"vc_col-sm-4 wpb_column vc_column_container has_bg_color\"><div class=\"vc_column-inner us_custom_6797a8bb\"><div class=\"wpb_wrapper\"><div class=\"w-image i100 align_none\"><div class=\"w-image-h\"><img decoding=\"async\" width=\"1024\" height=\"1024\" src=\"https:\/\/www.valleledro.it\/wp-content\/uploads\/2018\/05\/farfalla-sx.svg\" class=\"attachment-large size-large\" alt=\"\" loading=\"lazy\" \/><\/div><\/div><div class=\"wpb_text_column\"><div class=\"wpb_wrapper\"><h2><span class=\"grosso blu\">EXKLUSIVE SONNENB\u00c4DER<\/span><br \/>\nAM SCHWIMMBECKENRAND<\/h2>\n<\/div><\/div><div class=\"w-image i100 align_none\"><div class=\"w-image-h\"><img decoding=\"async\" width=\"1024\" height=\"1024\" src=\"https:\/\/www.valleledro.it\/wp-content\/uploads\/2018\/06\/riga-verde.svg\" class=\"attachment-large size-large\" alt=\"\" loading=\"lazy\" \/><\/div><\/div><div class=\"wpb_text_column us_custom_72fc42ef giustifica\"><div class=\"wpb_wrapper\"><p>Ausgestattet mit Sonnenliegen, <span id=\"&#091;13,24&#093;\" class=\"word\">Liegest\u00fchle<\/span> <span id=\"&#091;25,28&#093;\" class=\"word\">und<\/span> <span id=\"&#091;29,42&#093;\" class=\"word\">Sonnenschirme<\/span>, <span id=\"&#091;44,47&#093;\" class=\"word\">der<\/span> <span id=\"&#091;48,52&#093;\" class=\"word\">Pool<\/span> <span id=\"&#091;53,56&#093;\" class=\"word\">ist<\/span> <span id=\"&#091;57,60&#093;\" class=\"word\">den<\/span> <span id=\"&#091;61,67&#093;\" class=\"word\">ganzen<\/span> <span id=\"&#091;68,71&#093;\" class=\"word\">Tag<\/span> <span id=\"&#091;72,74&#093;\" class=\"word\">in<\/span> <span id=\"&#091;75,78&#093;\" class=\"word\">der<\/span> <span id=\"&#091;79,91&#093;\" class=\"word\">\u00d6ffnungszeit<\/span> <span id=\"&#091;92,95&#093;\" class=\"word\">von<\/span> <span id=\"&#091;96,101&#093;\" class=\"word\">09:00<\/span> <span id=\"&#091;102,105&#093;\" class=\"word\">bis<\/span> <span id=\"&#091;106,111&#093;\" class=\"word\">20:00<\/span> <span id=\"&#091;112,115&#093;\" class=\"word\">Uhr<\/span> <span id=\"&#091;116,123&#093;\" class=\"word\">nutzbar<\/span>. Es bleibt bis zum Sonnenuntergang angenehm sonnig.<\/p>\n<\/div><\/div><div class=\"ult-spacer spacer-69ea8e370c419\" data-id=\"69ea8e370c419\" data-height=\"100\" data-height-mobile=\"50\" data-height-tab=\"50\" data-height-tab-portrait=\"50\" data-height-mobile-landscape=\"50\" style=\"clear:both;display:block;\"><\/div><\/div><\/div><\/div><div class=\"vc_col-sm-8 wpb_column vc_column_container has_bg_color\"><div class=\"vc_column-inner us_custom_e300f96d\"><div class=\"wpb_wrapper\"><div class=\"ult-spacer spacer-69ea8e370c6f5\" data-id=\"69ea8e370c6f5\" data-height=\"300\" data-height-mobile=\"300\" data-height-tab=\"300\" data-height-tab-portrait=\"300\" data-height-mobile-landscape=\"300\" style=\"clear:both;display:block;\"><\/div><\/div><\/div><\/div><\/div><\/div><\/section><section class=\"l-section wpb_row us_custom_2fe92ac7 fascia-prato height_medium width_full with_img\"><div class=\"l-section-img\" role=\"img\" aria-label=\"Spa Lago di Ledro\" data-img-width=\"1920\" data-img-height=\"1280\" style=\"background-image: url(https:\/\/www.valleledro.it\/wp-content\/uploads\/2018\/06\/valmolini-7373.jpg);background-repeat: no-repeat;\"><\/div><div class=\"l-section-h i-cf\"><div class=\"g-cols vc_row via_flex valign_middle type_default stacking_default\"><div class=\"vc_col-sm-12 wpb_column vc_column_container\"><div class=\"vc_column-inner us_custom_05d0f0bd\"><div class=\"wpb_wrapper\"><div class=\"wpb_text_column bianco\"><div class=\"wpb_wrapper\"><h2 style=\"text-align: center;\"><span class=\"grosso grande\">RELAX<\/span><br \/>\nDAS NEUE WELLNESSCENTER<\/h2>\n<\/div><\/div><div class=\"w-btn-wrapper align_center\"><a class=\"w-btn us-btn-style_9 icon_atright\" href=\"https:\/\/www.valleledro.it\/de\/wellnessbereich\/\"><span class=\"w-btn-label\">DETAILS<\/span><i class=\"fas fa-angle-right\"><\/i><\/a><\/div><\/div><\/div><\/div><\/div><\/div><\/section><!-- Row Backgrounds --><div class=\"upb_color\" data-bg-override=\"0\" data-bg-color=\"\" data-fadeout=\"\" data-fadeout-percentage=\"30\" data-parallax-content=\"\" data-parallax-content-sense=\"30\" data-row-effect-mobile-disable=\"true\" data-img-parallax-mobile-disable=\"true\" data-rtl=\"false\"  data-custom-vc-row=\"\"  data-vc=\"8.7.2\"  data-is_old_vc=\"\"  data-theme-support=\"\"   data-overlay=\"false\" data-overlay-color=\"\" data-overlay-pattern=\"\" data-overlay-pattern-opacity=\"\" data-overlay-pattern-size=\"\"    ><\/div>\n","protected":false},"excerpt":{"rendered":"[rev_slider_vc alias=\"piscina\"] WELLNESS ALS MITTELPUNKT DES URLAUBS DER LEDRO-SEE IST DAS PERFEKTE SZENARIO Schlie\u00dfen Sie die Augen und entspannen Sie sich. Atmen Sie die saubere Luft und genie\u00dfen Sie den Geschmack von s\u00fc\u00dfem Nichtstun gewogen von der umgebenden Stille. Hier beginnt das nat\u00fcrliche Wohlbefinden. Erfrischen Sie sich an den hei\u00dfesten Urlaubstagen am Ledro-See mit einem...","protected":false},"author":1,"featured_media":0,"parent":0,"menu_order":75,"comment_status":"closed","ping_status":"closed","template":"","meta":{"inline_featured_image":false,"footnotes":""},"class_list":["post-576","page","type-page","status-publish","hentry"],"yoast_head":"<!-- This site is optimized with the Yoast SEO plugin v27.4 - https:\/\/yoast.com\/product\/yoast-seo-wordpress\/ -->\n<title>Wellnessurlaub Ledro-See | Val Molini Bungalow und Apartment<\/title>\n<meta name=\"description\" content=\"Das Val Molini ist das ideale Ziel f\u00fcr Ihren Wellnessurlaub im Trentino. Der Pool ist ein kostenloser Service f\u00fcr G\u00e4ste der Bungalows und Apartments.\" \/>\n<meta name=\"robots\" content=\"index, follow, max-snippet:-1, max-image-preview:large, max-video-preview:-1\" \/>\n<link rel=\"canonical\" href=\"https:\/\/www.valleledro.it\/de\/schwimmbad\/\" \/>\n<meta property=\"og:locale\" content=\"de_DE\" \/>\n<meta property=\"og:type\" content=\"article\" \/>\n<meta property=\"og:title\" content=\"Wellnessurlaub Ledro-See | Val Molini Bungalow und Apartment\" \/>\n<meta property=\"og:description\" content=\"Das Val Molini ist das ideale Ziel f\u00fcr Ihren Wellnessurlaub im Trentino. Der Pool ist ein kostenloser Service f\u00fcr G\u00e4ste der Bungalows und Apartments.\" \/>\n<meta property=\"og:url\" content=\"https:\/\/www.valleledro.it\/de\/schwimmbad\/\" \/>\n<meta property=\"og:site_name\" content=\"Val Molini Bungalow Ledro\" \/>\n<meta property=\"article:publisher\" content=\"https:\/\/www.facebook.com\/villaggio.valmolini\/\" \/>\n<meta property=\"article:modified_time\" content=\"2026-01-13T15:11:42+00:00\" \/>\n<meta name=\"twitter:card\" content=\"summary_large_image\" \/>\n<meta name=\"twitter:label1\" content=\"Gesch\u00e4tzte Lesezeit\" \/>\n\t<meta name=\"twitter:data1\" content=\"2\u00a0Minuten\" \/>\n<script type=\"application\/ld+json\" class=\"yoast-schema-graph\">{\"@context\":\"https:\\\/\\\/schema.org\",\"@graph\":[{\"@type\":\"WebPage\",\"@id\":\"https:\\\/\\\/www.valleledro.it\\\/de\\\/schwimmbad\\\/\",\"url\":\"https:\\\/\\\/www.valleledro.it\\\/de\\\/schwimmbad\\\/\",\"name\":\"Wellnessurlaub Ledro-See | Val Molini Bungalow und Apartment\",\"isPartOf\":{\"@id\":\"https:\\\/\\\/www.valleledro.it\\\/#website\"},\"datePublished\":\"2018-07-23T09:21:25+00:00\",\"dateModified\":\"2026-01-13T15:11:42+00:00\",\"description\":\"Das Val Molini ist das ideale Ziel f\u00fcr Ihren Wellnessurlaub im Trentino. Der Pool ist ein kostenloser Service f\u00fcr G\u00e4ste der Bungalows und Apartments.\",\"breadcrumb\":{\"@id\":\"https:\\\/\\\/www.valleledro.it\\\/de\\\/schwimmbad\\\/#breadcrumb\"},\"inLanguage\":\"de\",\"potentialAction\":[{\"@type\":\"ReadAction\",\"target\":[\"https:\\\/\\\/www.valleledro.it\\\/de\\\/schwimmbad\\\/\"]}]},{\"@type\":\"BreadcrumbList\",\"@id\":\"https:\\\/\\\/www.valleledro.it\\\/de\\\/schwimmbad\\\/#breadcrumb\",\"itemListElement\":[{\"@type\":\"ListItem\",\"position\":1,\"name\":\"Home\",\"item\":\"https:\\\/\\\/www.valleledro.it\\\/de\\\/\"},{\"@type\":\"ListItem\",\"position\":2,\"name\":\"Schwimmbad\"}]},{\"@type\":\"WebSite\",\"@id\":\"https:\\\/\\\/www.valleledro.it\\\/#website\",\"url\":\"https:\\\/\\\/www.valleledro.it\\\/\",\"name\":\"Val Molini Bungalow Ledro\",\"description\":\"Val Molini Bungalow Ledro\",\"potentialAction\":[{\"@type\":\"SearchAction\",\"target\":{\"@type\":\"EntryPoint\",\"urlTemplate\":\"https:\\\/\\\/www.valleledro.it\\\/?s={search_term_string}\"},\"query-input\":{\"@type\":\"PropertyValueSpecification\",\"valueRequired\":true,\"valueName\":\"search_term_string\"}}],\"inLanguage\":\"de\"}]}<\/script>\n<!-- \/ Yoast SEO plugin. -->","yoast_head_json":{"title":"Wellnessurlaub Ledro-See | Val Molini Bungalow und Apartment","description":"Das Val Molini ist das ideale Ziel f\u00fcr Ihren Wellnessurlaub im Trentino. Der Pool ist ein kostenloser Service f\u00fcr G\u00e4ste der Bungalows und Apartments.","robots":{"index":"index","follow":"follow","max-snippet":"max-snippet:-1","max-image-preview":"max-image-preview:large","max-video-preview":"max-video-preview:-1"},"canonical":"https:\/\/www.valleledro.it\/de\/schwimmbad\/","og_locale":"de_DE","og_type":"article","og_title":"Wellnessurlaub Ledro-See | Val Molini Bungalow und Apartment","og_description":"Das Val Molini ist das ideale Ziel f\u00fcr Ihren Wellnessurlaub im Trentino. Der Pool ist ein kostenloser Service f\u00fcr G\u00e4ste der Bungalows und Apartments.","og_url":"https:\/\/www.valleledro.it\/de\/schwimmbad\/","og_site_name":"Val Molini Bungalow Ledro","article_publisher":"https:\/\/www.facebook.com\/villaggio.valmolini\/","article_modified_time":"2026-01-13T15:11:42+00:00","twitter_card":"summary_large_image","twitter_misc":{"Gesch\u00e4tzte Lesezeit":"2\u00a0Minuten"},"schema":{"@context":"https:\/\/schema.org","@graph":[{"@type":"WebPage","@id":"https:\/\/www.valleledro.it\/de\/schwimmbad\/","url":"https:\/\/www.valleledro.it\/de\/schwimmbad\/","name":"Wellnessurlaub Ledro-See | Val Molini Bungalow und Apartment","isPartOf":{"@id":"https:\/\/www.valleledro.it\/#website"},"datePublished":"2018-07-23T09:21:25+00:00","dateModified":"2026-01-13T15:11:42+00:00","description":"Das Val Molini ist das ideale Ziel f\u00fcr Ihren Wellnessurlaub im Trentino. Der Pool ist ein kostenloser Service f\u00fcr G\u00e4ste der Bungalows und Apartments.","breadcrumb":{"@id":"https:\/\/www.valleledro.it\/de\/schwimmbad\/#breadcrumb"},"inLanguage":"de","potentialAction":[{"@type":"ReadAction","target":["https:\/\/www.valleledro.it\/de\/schwimmbad\/"]}]},{"@type":"BreadcrumbList","@id":"https:\/\/www.valleledro.it\/de\/schwimmbad\/#breadcrumb","itemListElement":[{"@type":"ListItem","position":1,"name":"Home","item":"https:\/\/www.valleledro.it\/de\/"},{"@type":"ListItem","position":2,"name":"Schwimmbad"}]},{"@type":"WebSite","@id":"https:\/\/www.valleledro.it\/#website","url":"https:\/\/www.valleledro.it\/","name":"Val Molini Bungalow Ledro","description":"Val Molini Bungalow Ledro","potentialAction":[{"@type":"SearchAction","target":{"@type":"EntryPoint","urlTemplate":"https:\/\/www.valleledro.it\/?s={search_term_string}"},"query-input":{"@type":"PropertyValueSpecification","valueRequired":true,"valueName":"search_term_string"}}],"inLanguage":"de"}]}},"publishpress_future_action":{"enabled":false,"date":"2026-04-30 23:25:11","action":"change-status","newStatus":"draft","terms":[],"taxonomy":"translation_priority","extraData":[]},"publishpress_future_workflow_manual_trigger":{"enabledWorkflows":[]},"_links":{"self":[{"href":"https:\/\/www.valleledro.it\/de\/wp-json\/wp\/v2\/pages\/576","targetHints":{"allow":["GET"]}}],"collection":[{"href":"https:\/\/www.valleledro.it\/de\/wp-json\/wp\/v2\/pages"}],"about":[{"href":"https:\/\/www.valleledro.it\/de\/wp-json\/wp\/v2\/types\/page"}],"author":[{"embeddable":true,"href":"https:\/\/www.valleledro.it\/de\/wp-json\/wp\/v2\/users\/1"}],"replies":[{"embeddable":true,"href":"https:\/\/www.valleledro.it\/de\/wp-json\/wp\/v2\/comments?post=576"}],"version-history":[{"count":15,"href":"https:\/\/www.valleledro.it\/de\/wp-json\/wp\/v2\/pages\/576\/revisions"}],"predecessor-version":[{"id":4969,"href":"https:\/\/www.valleledro.it\/de\/wp-json\/wp\/v2\/pages\/576\/revisions\/4969"}],"wp:attachment":[{"href":"https:\/\/www.valleledro.it\/de\/wp-json\/wp\/v2\/media?parent=576"}],"curies":[{"name":"wp","href":"https:\/\/api.w.org\/{rel}","templated":true}]}}