{"id":580,"date":"2018-06-21T20:01:56","date_gmt":"2018-06-21T18:01:56","guid":{"rendered":"https:\/\/www.valleledro.it\/?page_id=580"},"modified":"2025-12-13T10:03:55","modified_gmt":"2025-12-13T09:03:55","slug":"wellnessbereich","status":"publish","type":"page","link":"https:\/\/www.valleledro.it\/de\/wellnessbereich\/","title":{"rendered":"Wellnessbereich"},"content":{"rendered":"<section class=\"l-section wpb_row us_custom_755519e8 height_auto width_full\"><div class=\"l-section-h i-cf\"><div class=\"g-cols vc_row via_flex valign_middle type_default stacking_default\"><div class=\"vc_col-sm-12 wpb_column vc_column_container\"><div class=\"vc_column-inner\"><div class=\"wpb_wrapper\">[rev_slider_vc alias=&#8220;benessere&#8220;]<\/div><\/div><\/div><\/div><\/div><\/section><section class=\"l-section wpb_row height_huge\"><div class=\"l-section-h i-cf\"><div class=\"g-cols vc_row via_flex valign_middle type_default stacking_default\"><div class=\"vc_col-sm-4 wpb_column vc_column_container farfalla\"><div class=\"vc_column-inner\"><div class=\"wpb_wrapper\"><div class=\"wpb_text_column titolo-farfalla\"><div class=\"wpb_wrapper\"><h1><span class=\"grosso verde\">SAUNA IN EINER ALTEN SCHEUNE<\/span><\/h1>\n<\/div><\/div><\/div><\/div><\/div><div class=\"vc_col-sm-8 wpb_column vc_column_container\"><div class=\"vc_column-inner\"><div class=\"wpb_wrapper\"><div class=\"wpb_text_column giustifica\"><div class=\"wpb_wrapper\"><h2>DER CHARME DER APARTMENTS AM LEDRO-SEE<\/h2>\n<\/div><\/div><div class=\"w-image i50 align_none\"><div class=\"w-image-h\"><img decoding=\"async\" src=\"https:\/\/www.valleledro.it\/wp-content\/uploads\/2018\/06\/riga-verde.svg\" class=\"attachment-full size-full\" alt=\"\" loading=\"lazy\" \/><\/div><\/div><div class=\"wpb_text_column giustifica\"><div class=\"wpb_wrapper\"><p>Regenerieren Sie K\u00f6rper und Geist in unserem Wellnessbereich, der 2018 fertiggestellt wurde. Die Umgebung und die Einrichtung dienen Ihrer Entspannung. Es gibt zwei Farbtherapie-Duschen, einen Ruhebereich mit Kr\u00e4uterteeecke und eine finnische Sauna. Der Bereich kann von G\u00e4sten der <a href=\"https:\/\/www.valleledro.it\/de\/casa-molini\/\"><strong>Apartments<\/strong><\/a> und <a href=\"https:\/\/www.valleledro.it\/de\/bungalow\/\"><strong>Bungalows<\/strong> <\/a>gebucht werden, die nach einem Tag am Ledro-See den Stecker ziehen m\u00f6chten.<br \/>\nDie Einzigartigkeit des Wellnessbereich liegt in seiner Geschichte. Die Bereiche wurden im Erdgeschoss eines Bauernhauses im f\u00fcr die Gegend typischen alten Stall eingerichtet und hei\u00dfen Sie in einer unbestreitbar suggestiven Atmosph\u00e4re willkommen.<br \/>\nNutzen Sie die Saunag\u00e4nge, kehren Sie mit erleuchtetem Gesicht in Ihr Apartment zur\u00fcck und erinnern Sie sich mit einem L\u00e4cheln an den Urlaub am Ledro-See.<\/p>\n<\/div><\/div><\/div><\/div><\/div><\/div><\/div><\/section><section class=\"l-section wpb_row height_auto width_full\"><div class=\"l-section-h i-cf\"><div class=\"g-cols vc_row via_flex valign_middle type_default stacking_default\"><div class=\"vc_col-sm-12 wpb_column vc_column_container\"><div class=\"vc_column-inner\"><div class=\"wpb_wrapper\"><div class=\"w-grid us_grid us_custom_cb330156 type_grid layout_gallery_default cols_3 preload_style_spinner\" id=\"us_grid_1\" style=\"--columns:3;--gap:4px;\" data-filterable=\"true\"><style>@media (max-width:479px){#us_grid_1{--columns:2!important}}.layout_gallery_default .w-grid-item-h{}<\/style><div class=\"w-grid-list\">\t<article class=\"w-grid-item size_1x1 post-808 attachment type-attachment status-inherit hentry\" data-id=\"808\">\r\n\t\t<div class=\"w-grid-item-h\">\r\n\t\t\t\t\t\t\t<a ref=\"magnificPopupGrid\" href=\"https:\/\/www.valleledro.it\/wp-content\/uploads\/2018\/06\/valmolini-7384.jpg\" class=\"w-grid-item-anchor\" aria-label=\"Spa Lago di Ledro\"><\/a>\r\n\t\t\t\t\t\t<div class=\"w-post-elm post_image usg_post_image_1 stretched\"><img loading=\"lazy\" decoding=\"async\" width=\"600\" height=\"400\" src=\"https:\/\/www.valleledro.it\/wp-content\/uploads\/2018\/06\/valmolini-7384-600x400.jpg\" class=\"attachment-us_600_400_crop size-us_600_400_crop\" alt=\"Spa Lago di Ledro\" \/><\/div>\t\t<\/div>\r\n\t\t\t<\/article>\r\n\t<article class=\"w-grid-item size_1x1 post-804 attachment type-attachment status-inherit hentry\" data-id=\"804\">\r\n\t\t<div class=\"w-grid-item-h\">\r\n\t\t\t\t\t\t\t<a ref=\"magnificPopupGrid\" href=\"https:\/\/www.valleledro.it\/wp-content\/uploads\/2018\/06\/valmolini-7379.jpg\" class=\"w-grid-item-anchor\" aria-label=\"Spa Lago di Ledro\"><\/a>\r\n\t\t\t\t\t\t<div class=\"w-post-elm post_image usg_post_image_1 stretched\"><img loading=\"lazy\" decoding=\"async\" width=\"600\" height=\"400\" src=\"https:\/\/www.valleledro.it\/wp-content\/uploads\/2018\/06\/valmolini-7379-600x400.jpg\" class=\"attachment-us_600_400_crop size-us_600_400_crop\" alt=\"Spa Lago di Ledro\" srcset=\"https:\/\/www.valleledro.it\/wp-content\/uploads\/2018\/06\/valmolini-7379-600x400.jpg 600w, https:\/\/www.valleledro.it\/wp-content\/uploads\/2018\/06\/valmolini-7379-300x200.jpg 300w, https:\/\/www.valleledro.it\/wp-content\/uploads\/2018\/06\/valmolini-7379-1024x683.jpg 1024w, https:\/\/www.valleledro.it\/wp-content\/uploads\/2018\/06\/valmolini-7379-768x512.jpg 768w, https:\/\/www.valleledro.it\/wp-content\/uploads\/2018\/06\/valmolini-7379.jpg 1920w\" sizes=\"auto, (max-width: 600px) 100vw, 600px\" \/><\/div>\t\t<\/div>\r\n\t\t\t<\/article>\r\n\t<article class=\"w-grid-item size_1x1 post-802 attachment type-attachment status-inherit hentry\" data-id=\"802\">\r\n\t\t<div class=\"w-grid-item-h\">\r\n\t\t\t\t\t\t\t<a ref=\"magnificPopupGrid\" href=\"https:\/\/www.valleledro.it\/wp-content\/uploads\/2018\/06\/valmolini-7378.jpg\" class=\"w-grid-item-anchor\" aria-label=\"Spa Lago di Ledro\"><\/a>\r\n\t\t\t\t\t\t<div class=\"w-post-elm post_image usg_post_image_1 stretched\"><img loading=\"lazy\" decoding=\"async\" width=\"600\" height=\"400\" src=\"https:\/\/www.valleledro.it\/wp-content\/uploads\/2018\/06\/valmolini-7378-600x400.jpg\" class=\"attachment-us_600_400_crop size-us_600_400_crop\" alt=\"Spa Lago di Ledro\" srcset=\"https:\/\/www.valleledro.it\/wp-content\/uploads\/2018\/06\/valmolini-7378-600x400.jpg 600w, https:\/\/www.valleledro.it\/wp-content\/uploads\/2018\/06\/valmolini-7378-300x200.jpg 300w, https:\/\/www.valleledro.it\/wp-content\/uploads\/2018\/06\/valmolini-7378-1024x683.jpg 1024w, https:\/\/www.valleledro.it\/wp-content\/uploads\/2018\/06\/valmolini-7378-768x512.jpg 768w, https:\/\/www.valleledro.it\/wp-content\/uploads\/2018\/06\/valmolini-7378.jpg 1920w\" sizes=\"auto, (max-width: 600px) 100vw, 600px\" \/><\/div>\t\t<\/div>\r\n\t\t\t<\/article>\r\n\t<article class=\"w-grid-item size_1x1 post-798 attachment type-attachment status-inherit hentry\" data-id=\"798\">\r\n\t\t<div class=\"w-grid-item-h\">\r\n\t\t\t\t\t\t\t<a ref=\"magnificPopupGrid\" href=\"https:\/\/www.valleledro.it\/wp-content\/uploads\/2018\/06\/valmolini-7374.jpg\" class=\"w-grid-item-anchor\" aria-label=\"Spa Lago di Ledro\"><\/a>\r\n\t\t\t\t\t\t<div class=\"w-post-elm post_image usg_post_image_1 stretched\"><img loading=\"lazy\" decoding=\"async\" width=\"600\" height=\"400\" src=\"https:\/\/www.valleledro.it\/wp-content\/uploads\/2018\/06\/valmolini-7374-600x400.jpg\" class=\"attachment-us_600_400_crop size-us_600_400_crop\" alt=\"Spa Lago di Ledro\" srcset=\"https:\/\/www.valleledro.it\/wp-content\/uploads\/2018\/06\/valmolini-7374-600x400.jpg 600w, https:\/\/www.valleledro.it\/wp-content\/uploads\/2018\/06\/valmolini-7374-300x200.jpg 300w, https:\/\/www.valleledro.it\/wp-content\/uploads\/2018\/06\/valmolini-7374-1024x683.jpg 1024w, https:\/\/www.valleledro.it\/wp-content\/uploads\/2018\/06\/valmolini-7374-768x512.jpg 768w, https:\/\/www.valleledro.it\/wp-content\/uploads\/2018\/06\/valmolini-7374.jpg 1920w\" sizes=\"auto, (max-width: 600px) 100vw, 600px\" \/><\/div>\t\t<\/div>\r\n\t\t\t<\/article>\r\n\t<article class=\"w-grid-item size_1x1 post-4522 attachment type-attachment status-inherit hentry\" data-id=\"4522\">\r\n\t\t<div class=\"w-grid-item-h\">\r\n\t\t\t\t\t\t\t<a ref=\"magnificPopupGrid\" href=\"https:\/\/www.valleledro.it\/wp-content\/uploads\/2025\/05\/OND03435-scaled.jpg\" class=\"w-grid-item-anchor\" aria-label=\"OND03435\"><\/a>\r\n\t\t\t\t\t\t<div class=\"w-post-elm post_image usg_post_image_1 stretched\"><img loading=\"lazy\" decoding=\"async\" width=\"1\" height=\"1\" src=\"https:\/\/www.valleledro.it\/wp-content\/uploads\/2025\/05\/OND03435-scaled.jpg\" class=\"attachment-us_600_400_crop size-us_600_400_crop\" alt=\"\" \/><\/div>\t\t<\/div>\r\n\t\t\t<\/article>\r\n\t<article class=\"w-grid-item size_1x1 post-4513 attachment type-attachment status-inherit hentry\" data-id=\"4513\">\r\n\t\t<div class=\"w-grid-item-h\">\r\n\t\t\t\t\t\t\t<a ref=\"magnificPopupGrid\" href=\"https:\/\/www.valleledro.it\/wp-content\/uploads\/2025\/05\/OND03398.jpg\" class=\"w-grid-item-anchor\" aria-label=\"OND03398\"><\/a>\r\n\t\t\t\t\t\t<div class=\"w-post-elm post_image usg_post_image_1 stretched\"><img loading=\"lazy\" decoding=\"async\" width=\"1\" height=\"1\" src=\"https:\/\/www.valleledro.it\/wp-content\/uploads\/2025\/05\/OND03398.jpg\" class=\"attachment-us_600_400_crop size-us_600_400_crop\" alt=\"\" \/><\/div>\t\t<\/div>\r\n\t\t\t<\/article>\r\n<\/div>\t<div class=\"w-grid-preloader\">\r\n\t\t<div class=\"g-preloader type_4\">\r\n\t\t\t<div><\/div>\r\n\t\t<\/div>\r\n\t<\/div>\r\n\t\t<div class=\"w-grid-json hidden\" onclick='return {&quot;action&quot;:&quot;us_ajax_grid&quot;,&quot;infinite_scroll&quot;:0,&quot;max_num_pages&quot;:1,&quot;pagination&quot;:&quot;none&quot;,&quot;template_vars&quot;:{&quot;columns&quot;:&quot;3&quot;,&quot;exclude_items&quot;:&quot;none&quot;,&quot;img_size&quot;:&quot;us_600_400_crop&quot;,&quot;ignore_items_size&quot;:0,&quot;items_layout&quot;:&quot;gallery_default&quot;,&quot;items_offset&quot;:&quot;1&quot;,&quot;load_animation&quot;:&quot;none&quot;,&quot;overriding_link&quot;:&quot;%7B%22type%22%3A%22popup_image%22%7D&quot;,&quot;post_id&quot;:0,&quot;query_args&quot;:{&quot;post_type&quot;:[&quot;attachment&quot;],&quot;post__in&quot;:[&quot;323&quot;,&quot;321&quot;,&quot;320&quot;,&quot;318&quot;,&quot;4522&quot;,&quot;4513&quot;],&quot;post_status&quot;:&quot;inherit&quot;,&quot;post_mime_type&quot;:&quot;image&quot;,&quot;posts_per_page&quot;:999},&quot;orderby_query_args&quot;:{&quot;orderby&quot;:{&quot;post__in&quot;:&quot;ASC&quot;},&quot;order&quot;:&quot;ASC&quot;},&quot;type&quot;:&quot;grid&quot;,&quot;us_grid_post_type&quot;:&quot;attachment&quot;,&quot;us_grid_ajax_index&quot;:1,&quot;us_grid_filter_query_string&quot;:null,&quot;us_grid_index&quot;:1,&quot;page_args&quot;:[],&quot;lang&quot;:&quot;de&quot;}}'><\/div>\r\n\t<\/div><\/div><\/div><\/div><\/div><\/div><\/section>\n","protected":false},"excerpt":{"rendered":"","protected":false},"author":1,"featured_media":0,"parent":0,"menu_order":64,"comment_status":"closed","ping_status":"closed","template":"","meta":{"inline_featured_image":false,"footnotes":""},"class_list":["post-580","page","type-page","status-publish","hentry"],"yoast_head":"<!-- This site is optimized with the Yoast SEO plugin v27.4 - https:\/\/yoast.com\/product\/yoast-seo-wordpress\/ -->\n<title>Spa-Apartments am Ledro-See | Villaggio Val Molini Bungalow und Apartment<\/title>\n<meta name=\"description\" content=\"Entspannen Sie w\u00e4hrend Ihres Aufenthalts in gem\u00fctlichen Apartments und Bungalows in der N\u00e4he des Ledrosees in einem originalen Spa mit Sauna und Realx-Bereich mit Kr\u00e4uterteeecke.\" \/>\n<meta name=\"robots\" content=\"index, follow, max-snippet:-1, max-image-preview:large, max-video-preview:-1\" \/>\n<link rel=\"canonical\" href=\"https:\/\/www.valleledro.it\/de\/wellnessbereich\/\" \/>\n<meta property=\"og:locale\" content=\"de_DE\" \/>\n<meta property=\"og:type\" content=\"article\" \/>\n<meta property=\"og:title\" content=\"Spa-Apartments am Ledro-See | Villaggio Val Molini Bungalow und Apartment\" \/>\n<meta property=\"og:description\" content=\"Entspannen Sie w\u00e4hrend Ihres Aufenthalts in gem\u00fctlichen Apartments und Bungalows in der N\u00e4he des Ledrosees in einem originalen Spa mit Sauna und Realx-Bereich mit Kr\u00e4uterteeecke.\" \/>\n<meta property=\"og:url\" content=\"https:\/\/www.valleledro.it\/de\/wellnessbereich\/\" \/>\n<meta property=\"og:site_name\" content=\"Val Molini Bungalow Ledro\" \/>\n<meta property=\"article:publisher\" content=\"https:\/\/www.facebook.com\/villaggio.valmolini\/\" \/>\n<meta property=\"article:modified_time\" content=\"2025-12-13T09:03:55+00:00\" \/>\n<meta name=\"twitter:card\" content=\"summary_large_image\" \/>\n<meta name=\"twitter:label1\" content=\"Gesch\u00e4tzte Lesezeit\" \/>\n\t<meta name=\"twitter:data1\" content=\"1\u00a0Minute\" \/>\n<script type=\"application\/ld+json\" class=\"yoast-schema-graph\">{\"@context\":\"https:\\\/\\\/schema.org\",\"@graph\":[{\"@type\":\"WebPage\",\"@id\":\"https:\\\/\\\/www.valleledro.it\\\/de\\\/wellnessbereich\\\/\",\"url\":\"https:\\\/\\\/www.valleledro.it\\\/de\\\/wellnessbereich\\\/\",\"name\":\"Spa-Apartments am Ledro-See | Villaggio Val Molini Bungalow und Apartment\",\"isPartOf\":{\"@id\":\"https:\\\/\\\/www.valleledro.it\\\/#website\"},\"datePublished\":\"2018-06-21T18:01:56+00:00\",\"dateModified\":\"2025-12-13T09:03:55+00:00\",\"description\":\"Entspannen Sie w\u00e4hrend Ihres Aufenthalts in gem\u00fctlichen Apartments und Bungalows in der N\u00e4he des Ledrosees in einem originalen Spa mit Sauna und Realx-Bereich mit Kr\u00e4uterteeecke.\",\"breadcrumb\":{\"@id\":\"https:\\\/\\\/www.valleledro.it\\\/de\\\/wellnessbereich\\\/#breadcrumb\"},\"inLanguage\":\"de\",\"potentialAction\":[{\"@type\":\"ReadAction\",\"target\":[\"https:\\\/\\\/www.valleledro.it\\\/de\\\/wellnessbereich\\\/\"]}]},{\"@type\":\"BreadcrumbList\",\"@id\":\"https:\\\/\\\/www.valleledro.it\\\/de\\\/wellnessbereich\\\/#breadcrumb\",\"itemListElement\":[{\"@type\":\"ListItem\",\"position\":1,\"name\":\"Home\",\"item\":\"https:\\\/\\\/www.valleledro.it\\\/de\\\/\"},{\"@type\":\"ListItem\",\"position\":2,\"name\":\"Wellnessbereich\"}]},{\"@type\":\"WebSite\",\"@id\":\"https:\\\/\\\/www.valleledro.it\\\/#website\",\"url\":\"https:\\\/\\\/www.valleledro.it\\\/\",\"name\":\"Val Molini Bungalow Ledro\",\"description\":\"Val Molini Bungalow Ledro\",\"potentialAction\":[{\"@type\":\"SearchAction\",\"target\":{\"@type\":\"EntryPoint\",\"urlTemplate\":\"https:\\\/\\\/www.valleledro.it\\\/?s={search_term_string}\"},\"query-input\":{\"@type\":\"PropertyValueSpecification\",\"valueRequired\":true,\"valueName\":\"search_term_string\"}}],\"inLanguage\":\"de\"}]}<\/script>\n<!-- \/ Yoast SEO plugin. -->","yoast_head_json":{"title":"Spa-Apartments am Ledro-See | Villaggio Val Molini Bungalow und Apartment","description":"Entspannen Sie w\u00e4hrend Ihres Aufenthalts in gem\u00fctlichen Apartments und Bungalows in der N\u00e4he des Ledrosees in einem originalen Spa mit Sauna und Realx-Bereich mit Kr\u00e4uterteeecke.","robots":{"index":"index","follow":"follow","max-snippet":"max-snippet:-1","max-image-preview":"max-image-preview:large","max-video-preview":"max-video-preview:-1"},"canonical":"https:\/\/www.valleledro.it\/de\/wellnessbereich\/","og_locale":"de_DE","og_type":"article","og_title":"Spa-Apartments am Ledro-See | Villaggio Val Molini Bungalow und Apartment","og_description":"Entspannen Sie w\u00e4hrend Ihres Aufenthalts in gem\u00fctlichen Apartments und Bungalows in der N\u00e4he des Ledrosees in einem originalen Spa mit Sauna und Realx-Bereich mit Kr\u00e4uterteeecke.","og_url":"https:\/\/www.valleledro.it\/de\/wellnessbereich\/","og_site_name":"Val Molini Bungalow Ledro","article_publisher":"https:\/\/www.facebook.com\/villaggio.valmolini\/","article_modified_time":"2025-12-13T09:03:55+00:00","twitter_card":"summary_large_image","twitter_misc":{"Gesch\u00e4tzte Lesezeit":"1\u00a0Minute"},"schema":{"@context":"https:\/\/schema.org","@graph":[{"@type":"WebPage","@id":"https:\/\/www.valleledro.it\/de\/wellnessbereich\/","url":"https:\/\/www.valleledro.it\/de\/wellnessbereich\/","name":"Spa-Apartments am Ledro-See | Villaggio Val Molini Bungalow und Apartment","isPartOf":{"@id":"https:\/\/www.valleledro.it\/#website"},"datePublished":"2018-06-21T18:01:56+00:00","dateModified":"2025-12-13T09:03:55+00:00","description":"Entspannen Sie w\u00e4hrend Ihres Aufenthalts in gem\u00fctlichen Apartments und Bungalows in der N\u00e4he des Ledrosees in einem originalen Spa mit Sauna und Realx-Bereich mit Kr\u00e4uterteeecke.","breadcrumb":{"@id":"https:\/\/www.valleledro.it\/de\/wellnessbereich\/#breadcrumb"},"inLanguage":"de","potentialAction":[{"@type":"ReadAction","target":["https:\/\/www.valleledro.it\/de\/wellnessbereich\/"]}]},{"@type":"BreadcrumbList","@id":"https:\/\/www.valleledro.it\/de\/wellnessbereich\/#breadcrumb","itemListElement":[{"@type":"ListItem","position":1,"name":"Home","item":"https:\/\/www.valleledro.it\/de\/"},{"@type":"ListItem","position":2,"name":"Wellnessbereich"}]},{"@type":"WebSite","@id":"https:\/\/www.valleledro.it\/#website","url":"https:\/\/www.valleledro.it\/","name":"Val Molini Bungalow Ledro","description":"Val Molini Bungalow Ledro","potentialAction":[{"@type":"SearchAction","target":{"@type":"EntryPoint","urlTemplate":"https:\/\/www.valleledro.it\/?s={search_term_string}"},"query-input":{"@type":"PropertyValueSpecification","valueRequired":true,"valueName":"search_term_string"}}],"inLanguage":"de"}]}},"publishpress_future_action":{"enabled":false,"date":"2026-04-30 21:59:03","action":"change-status","newStatus":"draft","terms":[],"taxonomy":"translation_priority","extraData":[]},"publishpress_future_workflow_manual_trigger":{"enabledWorkflows":[]},"_links":{"self":[{"href":"https:\/\/www.valleledro.it\/de\/wp-json\/wp\/v2\/pages\/580","targetHints":{"allow":["GET"]}}],"collection":[{"href":"https:\/\/www.valleledro.it\/de\/wp-json\/wp\/v2\/pages"}],"about":[{"href":"https:\/\/www.valleledro.it\/de\/wp-json\/wp\/v2\/types\/page"}],"author":[{"embeddable":true,"href":"https:\/\/www.valleledro.it\/de\/wp-json\/wp\/v2\/users\/1"}],"replies":[{"embeddable":true,"href":"https:\/\/www.valleledro.it\/de\/wp-json\/wp\/v2\/comments?post=580"}],"version-history":[{"count":4,"href":"https:\/\/www.valleledro.it\/de\/wp-json\/wp\/v2\/pages\/580\/revisions"}],"predecessor-version":[{"id":4797,"href":"https:\/\/www.valleledro.it\/de\/wp-json\/wp\/v2\/pages\/580\/revisions\/4797"}],"wp:attachment":[{"href":"https:\/\/www.valleledro.it\/de\/wp-json\/wp\/v2\/media?parent=580"}],"curies":[{"name":"wp","href":"https:\/\/api.w.org\/{rel}","templated":true}]}}