{"id":592,"date":"2018-07-23T11:46:14","date_gmt":"2018-07-23T09:46:14","guid":{"rendered":"https:\/\/www.valleledro.it\/?page_id=592"},"modified":"2019-12-19T16:26:03","modified_gmt":"2019-12-19T15:26:03","slug":"apartment-haus-molini","status":"publish","type":"page","link":"https:\/\/www.valleledro.it\/de\/apartment-haus-molini\/","title":{"rendered":"Apartment Haus Molini"},"content":{"rendered":"<section class=\"l-section wpb_row us_custom_755519e8 height_auto width_full\"><div class=\"l-section-h i-cf\"><div class=\"g-cols vc_row via_flex valign_middle type_default stacking_default\"><div class=\"vc_col-sm-12 wpb_column vc_column_container\"><div class=\"vc_column-inner\"><div class=\"wpb_wrapper\">[rev_slider_vc alias=&#8220;hause-molini&#8220;]<\/div><\/div><\/div><\/div><\/div><\/section><section class=\"l-section wpb_row height_huge\"><div class=\"l-section-h i-cf\"><div class=\"g-cols vc_row via_flex valign_top type_default stacking_default\"><div class=\"vc_col-sm-4 wpb_column vc_column_container farfalla\"><div class=\"vc_column-inner\"><div class=\"wpb_wrapper\"><div class=\"ult-spacer spacer-69f62fc56854d\" data-id=\"69f62fc56854d\" data-height=\"50\" data-height-mobile=\"20\" data-height-tab=\"20\" data-height-tab-portrait=\"20\" data-height-mobile-landscape=\"20\" style=\"clear:both;display:block;\"><\/div><div class=\"wpb_text_column titolo-farfalla\"><div class=\"wpb_wrapper\"><h1><span class=\"grosso verde\">Haus MOLINI<\/span><br \/>\nApartments im Ledro-Tal<\/h1>\n<\/div><\/div><\/div><\/div><\/div><div class=\"vc_col-sm-8 wpb_column vc_column_container\"><div class=\"vc_column-inner\"><div class=\"wpb_wrapper\"><div class=\"wpb_text_column giustifica\"><div class=\"wpb_wrapper\"><p>K\u00fcrzlich renoviertes Bauernhaus, ganzj\u00e4hrig ge\u00f6ffnet, bestehend aus drei Apartments, eines im Erdgeschoss und zwei im ersten Stock.<br \/>\nDie M\u00f6bel sind sch\u00f6n und gem\u00fctlich und jedes Zimmer besteht aus dem Schlafbereich, wo es zwei im Trentiner Stil eingerichtete Schlafzimmer mit Parkettboden gibt.\u00a0Der gro\u00dfe und helle Wohnbereich umfasst eine Sitzecke, ein Bad mit gro\u00dfer Glasdusche und eine Holzk\u00fcche mit Geschirrsp\u00fcler, Induktionskochfeld und Mikrowelle.<br \/>\nJede Wohnung verf\u00fcgt \u00fcber einen Balkon und einen privaten Parkplatz.<\/p>\n<h3><span class=\"grosso verde\">IM PREIS ENTHALTENE<\/span> SERVICELEISTUNGEN<\/h3>\n<ul>\n<li>Zugang zum Schwimmbad von 9 bis 20 Uhr;<\/li>\n<li>Nutzung der W\u00e4scherei mit einer m\u00fcnzbetriebenen Waschmaschine;<\/li>\n<li>kostenlose WLAN-Verbindung;<\/li>\n<li>Kostenlose Trentino-G\u00e4stekarte;<\/li>\n<li>Auto-\/ Motorradstellplatz nahe der Unterkunft.<\/li>\n<\/ul>\n<\/div><\/div><div class=\"wpb_text_column\"><div class=\"wpb_wrapper\">\n<\/div><\/div><div class=\"wpb_text_column\"><div class=\"wpb_wrapper\"><p>Der Preis beinhaltet Steuern und Verbrauch wie Strom, Gas, Wasser und Endreinigung.<br \/>\n* Bettw\u00e4sche und Handt\u00fccher inklusive.<\/p>\n<\/div><\/div><div class=\"w-btn-wrapper align_none\"><a class=\"w-btn us-btn-style_8 icon_atleft\" target=\" _blank\" rel=\"nofollow\" href=\"http:\/\/web4.deskline.net\/valleledro\/de\/accommodation\/detail\/TRN\/ba615227-9900-4eff-b052-5cdb0f66e320\/val-molini\"><i class=\"fal fa-calendar-alt\"><\/i><span class=\"w-btn-label\">Jetzt Buchen<\/span><\/a><\/div><\/div><\/div><\/div><\/div><\/div><\/section><section class=\"l-section wpb_row height_auto width_full\"><div class=\"l-section-h i-cf\"><div class=\"g-cols vc_row via_flex valign_top type_default stacking_default\"><div class=\"vc_col-sm-12 wpb_column vc_column_container\"><div class=\"vc_column-inner\"><div class=\"wpb_wrapper\"><div class=\"w-grid us_grid us_custom_a4dc2183 type_grid layout_gallery_default cols_3 preload_style_spinner\" id=\"us_grid_1\" style=\"--columns:3;--gap:4px;\" data-filterable=\"true\"><style>@media (max-width:479px){#us_grid_1{--columns:2!important}}.layout_gallery_default .w-grid-item-h{}<\/style><div class=\"w-grid-list\">\t<article class=\"w-grid-item size_1x1 post-750 attachment type-attachment status-inherit hentry\" data-id=\"750\">\r\n\t\t<div class=\"w-grid-item-h\">\r\n\t\t\t\t\t\t\t<a ref=\"magnificPopupGrid\" href=\"https:\/\/www.valleledro.it\/wp-content\/uploads\/2018\/06\/valmolini-7296.jpg\" class=\"w-grid-item-anchor\" aria-label=\"Casa Molini Valle di Ledro\"><\/a>\r\n\t\t\t\t\t\t<div class=\"w-post-elm post_image usg_post_image_1 stretched\"><img loading=\"lazy\" decoding=\"async\" width=\"600\" height=\"400\" src=\"https:\/\/www.valleledro.it\/wp-content\/uploads\/2018\/06\/valmolini-7296-600x400.jpg\" class=\"attachment-us_600_400_crop size-us_600_400_crop\" alt=\"Casa Molini Valle di Ledro\" srcset=\"https:\/\/www.valleledro.it\/wp-content\/uploads\/2018\/06\/valmolini-7296-600x400.jpg 600w, https:\/\/www.valleledro.it\/wp-content\/uploads\/2018\/06\/valmolini-7296-300x200.jpg 300w, https:\/\/www.valleledro.it\/wp-content\/uploads\/2018\/06\/valmolini-7296-1024x683.jpg 1024w, https:\/\/www.valleledro.it\/wp-content\/uploads\/2018\/06\/valmolini-7296-768x512.jpg 768w, https:\/\/www.valleledro.it\/wp-content\/uploads\/2018\/06\/valmolini-7296.jpg 1920w\" sizes=\"auto, (max-width: 600px) 100vw, 600px\" \/><\/div>\t\t<\/div>\r\n\t\t\t<\/article>\r\n\t<article class=\"w-grid-item size_1x1 post-754 attachment type-attachment status-inherit hentry\" data-id=\"754\">\r\n\t\t<div class=\"w-grid-item-h\">\r\n\t\t\t\t\t\t\t<a ref=\"magnificPopupGrid\" href=\"https:\/\/www.valleledro.it\/wp-content\/uploads\/2018\/06\/valmolini-7299.jpg\" class=\"w-grid-item-anchor\" aria-label=\"Casa Molini - Wohnung im ersten Stock\"><\/a>\r\n\t\t\t\t\t\t<div class=\"w-post-elm post_image usg_post_image_1 stretched\"><img loading=\"lazy\" decoding=\"async\" width=\"600\" height=\"400\" src=\"https:\/\/www.valleledro.it\/wp-content\/uploads\/2018\/06\/valmolini-7299-600x400.jpg\" class=\"attachment-us_600_400_crop size-us_600_400_crop\" alt=\"Casa Molini - Wohnung im ersten Stock\" srcset=\"https:\/\/www.valleledro.it\/wp-content\/uploads\/2018\/06\/valmolini-7299-600x400.jpg 600w, https:\/\/www.valleledro.it\/wp-content\/uploads\/2018\/06\/valmolini-7299-300x200.jpg 300w, https:\/\/www.valleledro.it\/wp-content\/uploads\/2018\/06\/valmolini-7299-1024x683.jpg 1024w, https:\/\/www.valleledro.it\/wp-content\/uploads\/2018\/06\/valmolini-7299-768x512.jpg 768w, https:\/\/www.valleledro.it\/wp-content\/uploads\/2018\/06\/valmolini-7299.jpg 1920w\" sizes=\"auto, (max-width: 600px) 100vw, 600px\" \/><\/div>\t\t<\/div>\r\n\t\t\t<\/article>\r\n\t<article class=\"w-grid-item size_1x1 post-764 attachment type-attachment status-inherit hentry\" data-id=\"764\">\r\n\t\t<div class=\"w-grid-item-h\">\r\n\t\t\t\t\t\t\t<a ref=\"magnificPopupGrid\" href=\"https:\/\/www.valleledro.it\/wp-content\/uploads\/2018\/06\/valmolini-7308.jpg\" class=\"w-grid-item-anchor\" aria-label=\"Casa Molini - Wohnung im ersten Stock\"><\/a>\r\n\t\t\t\t\t\t<div class=\"w-post-elm post_image usg_post_image_1 stretched\"><img loading=\"lazy\" decoding=\"async\" width=\"600\" height=\"400\" src=\"https:\/\/www.valleledro.it\/wp-content\/uploads\/2018\/06\/valmolini-7308-600x400.jpg\" class=\"attachment-us_600_400_crop size-us_600_400_crop\" alt=\"Casa Molini - Wohnung im ersten Stock\" srcset=\"https:\/\/www.valleledro.it\/wp-content\/uploads\/2018\/06\/valmolini-7308-600x400.jpg 600w, https:\/\/www.valleledro.it\/wp-content\/uploads\/2018\/06\/valmolini-7308-300x200.jpg 300w, https:\/\/www.valleledro.it\/wp-content\/uploads\/2018\/06\/valmolini-7308-1024x683.jpg 1024w, https:\/\/www.valleledro.it\/wp-content\/uploads\/2018\/06\/valmolini-7308-768x512.jpg 768w, https:\/\/www.valleledro.it\/wp-content\/uploads\/2018\/06\/valmolini-7308.jpg 1920w\" sizes=\"auto, (max-width: 600px) 100vw, 600px\" \/><\/div>\t\t<\/div>\r\n\t\t\t<\/article>\r\n\t<article class=\"w-grid-item size_1x1 post-768 attachment type-attachment status-inherit hentry\" data-id=\"768\">\r\n\t\t<div class=\"w-grid-item-h\">\r\n\t\t\t\t\t\t\t<a ref=\"magnificPopupGrid\" href=\"https:\/\/www.valleledro.it\/wp-content\/uploads\/2018\/06\/valmolini-7314.jpg\" class=\"w-grid-item-anchor\" aria-label=\"Casa Molini Valle di Ledro\"><\/a>\r\n\t\t\t\t\t\t<div class=\"w-post-elm post_image usg_post_image_1 stretched\"><img loading=\"lazy\" decoding=\"async\" width=\"600\" height=\"400\" src=\"https:\/\/www.valleledro.it\/wp-content\/uploads\/2018\/06\/valmolini-7314-600x400.jpg\" class=\"attachment-us_600_400_crop size-us_600_400_crop\" alt=\"Casa Molini Valle di Ledro\" srcset=\"https:\/\/www.valleledro.it\/wp-content\/uploads\/2018\/06\/valmolini-7314-600x400.jpg 600w, https:\/\/www.valleledro.it\/wp-content\/uploads\/2018\/06\/valmolini-7314-300x200.jpg 300w, https:\/\/www.valleledro.it\/wp-content\/uploads\/2018\/06\/valmolini-7314-1024x683.jpg 1024w, https:\/\/www.valleledro.it\/wp-content\/uploads\/2018\/06\/valmolini-7314-768x512.jpg 768w, https:\/\/www.valleledro.it\/wp-content\/uploads\/2018\/06\/valmolini-7314.jpg 1920w\" sizes=\"auto, (max-width: 600px) 100vw, 600px\" \/><\/div>\t\t<\/div>\r\n\t\t\t<\/article>\r\n\t<article class=\"w-grid-item size_1x1 post-786 attachment type-attachment status-inherit hentry\" data-id=\"786\">\r\n\t\t<div class=\"w-grid-item-h\">\r\n\t\t\t\t\t\t\t<a ref=\"magnificPopupGrid\" href=\"https:\/\/www.valleledro.it\/wp-content\/uploads\/2018\/06\/valmolini-7356.jpg\" class=\"w-grid-item-anchor\" aria-label=\"Casa Molini - Wohnung im ersten Stock\"><\/a>\r\n\t\t\t\t\t\t<div class=\"w-post-elm post_image usg_post_image_1 stretched\"><img loading=\"lazy\" decoding=\"async\" width=\"600\" height=\"400\" src=\"https:\/\/www.valleledro.it\/wp-content\/uploads\/2018\/06\/valmolini-7356-600x400.jpg\" class=\"attachment-us_600_400_crop size-us_600_400_crop\" alt=\"Casa Molini - Wohnung im ersten Stock\" srcset=\"https:\/\/www.valleledro.it\/wp-content\/uploads\/2018\/06\/valmolini-7356-600x400.jpg 600w, https:\/\/www.valleledro.it\/wp-content\/uploads\/2018\/06\/valmolini-7356-300x200.jpg 300w, https:\/\/www.valleledro.it\/wp-content\/uploads\/2018\/06\/valmolini-7356-1024x683.jpg 1024w, https:\/\/www.valleledro.it\/wp-content\/uploads\/2018\/06\/valmolini-7356-768x512.jpg 768w, https:\/\/www.valleledro.it\/wp-content\/uploads\/2018\/06\/valmolini-7356.jpg 1920w\" sizes=\"auto, (max-width: 600px) 100vw, 600px\" \/><\/div>\t\t<\/div>\r\n\t\t\t<\/article>\r\n\t<article class=\"w-grid-item size_1x1 post-772 attachment type-attachment status-inherit hentry\" data-id=\"772\">\r\n\t\t<div class=\"w-grid-item-h\">\r\n\t\t\t\t\t\t\t<a ref=\"magnificPopupGrid\" href=\"https:\/\/www.valleledro.it\/wp-content\/uploads\/2018\/06\/valmolini-7319.jpg\" class=\"w-grid-item-anchor\" aria-label=\"Casa Molini - Wohnung im ersten Stock\"><\/a>\r\n\t\t\t\t\t\t<div class=\"w-post-elm post_image usg_post_image_1 stretched\"><img loading=\"lazy\" decoding=\"async\" width=\"600\" height=\"400\" src=\"https:\/\/www.valleledro.it\/wp-content\/uploads\/2018\/06\/valmolini-7319-600x400.jpg\" class=\"attachment-us_600_400_crop size-us_600_400_crop\" alt=\"Casa Molini - Wohnung im ersten Stock\" srcset=\"https:\/\/www.valleledro.it\/wp-content\/uploads\/2018\/06\/valmolini-7319-600x400.jpg 600w, https:\/\/www.valleledro.it\/wp-content\/uploads\/2018\/06\/valmolini-7319-300x200.jpg 300w, https:\/\/www.valleledro.it\/wp-content\/uploads\/2018\/06\/valmolini-7319-1024x683.jpg 1024w, https:\/\/www.valleledro.it\/wp-content\/uploads\/2018\/06\/valmolini-7319-768x512.jpg 768w, https:\/\/www.valleledro.it\/wp-content\/uploads\/2018\/06\/valmolini-7319.jpg 1920w\" sizes=\"auto, (max-width: 600px) 100vw, 600px\" \/><\/div>\t\t<\/div>\r\n\t\t\t<\/article>\r\n<\/div>\t<div class=\"w-grid-preloader\">\r\n\t\t<div class=\"g-preloader type_4\">\r\n\t\t\t<div><\/div>\r\n\t\t<\/div>\r\n\t<\/div>\r\n\t\t<div class=\"w-grid-json hidden\" onclick='return {&quot;action&quot;:&quot;us_ajax_grid&quot;,&quot;infinite_scroll&quot;:0,&quot;max_num_pages&quot;:1,&quot;pagination&quot;:&quot;none&quot;,&quot;template_vars&quot;:{&quot;columns&quot;:&quot;3&quot;,&quot;exclude_items&quot;:&quot;none&quot;,&quot;img_size&quot;:&quot;us_600_400_crop&quot;,&quot;ignore_items_size&quot;:0,&quot;items_layout&quot;:&quot;gallery_default&quot;,&quot;items_offset&quot;:&quot;1&quot;,&quot;load_animation&quot;:&quot;none&quot;,&quot;overriding_link&quot;:&quot;%7B%22type%22%3A%22popup_image%22%7D&quot;,&quot;post_id&quot;:0,&quot;query_args&quot;:{&quot;post_type&quot;:[&quot;attachment&quot;],&quot;post__in&quot;:[&quot;294&quot;,&quot;296&quot;,&quot;301&quot;,&quot;303&quot;,&quot;312&quot;,&quot;305&quot;],&quot;post_status&quot;:&quot;inherit&quot;,&quot;post_mime_type&quot;:&quot;image&quot;,&quot;posts_per_page&quot;:999},&quot;orderby_query_args&quot;:{&quot;orderby&quot;:{&quot;post__in&quot;:&quot;ASC&quot;},&quot;order&quot;:&quot;ASC&quot;},&quot;type&quot;:&quot;grid&quot;,&quot;us_grid_post_type&quot;:&quot;attachment&quot;,&quot;us_grid_ajax_index&quot;:1,&quot;us_grid_filter_query_string&quot;:null,&quot;us_grid_index&quot;:1,&quot;page_args&quot;:[],&quot;lang&quot;:&quot;de&quot;}}'><\/div>\r\n\t<\/div><\/div><\/div><\/div><\/div><\/div><\/section><section class=\"l-section wpb_row height_medium color_alternate\"><div class=\"l-section-h i-cf\"><div class=\"g-cols vc_row via_flex valign_middle type_default stacking_default\"><div class=\"vc_col-sm-12 wpb_column vc_column_container\"><div class=\"vc_column-inner\"><div class=\"wpb_wrapper\"><div class=\"wpb_text_column us_custom_96168a75 titolo-farfalla\"><div class=\"wpb_wrapper\"><h1 style=\"text-align: center;\">ANDERE <span class=\"grosso verde\">UNTERKUNFTSM\u00d6GLICHKEITEN<\/span><\/h1>\n<\/div><\/div><div class=\"g-cols wpb_row via_flex valign_top type_default stacking_default\"><div class=\"vc_col-sm-6 wpb_column vc_column_container\"><div class=\"vc_column-inner\"><div class=\"wpb_wrapper\"><div class=\"w-image align_none\"><div class=\"w-image-h\"><img decoding=\"async\" width=\"1920\" height=\"1280\" src=\"https:\/\/www.valleledro.it\/wp-content\/uploads\/2018\/06\/valmolini-7538.jpg\" class=\"attachment-full size-full\" alt=\"Casa Cadria Valle di Ledro\" loading=\"lazy\" srcset=\"https:\/\/www.valleledro.it\/wp-content\/uploads\/2018\/06\/valmolini-7538.jpg 1920w, https:\/\/www.valleledro.it\/wp-content\/uploads\/2018\/06\/valmolini-7538-300x200.jpg 300w, https:\/\/www.valleledro.it\/wp-content\/uploads\/2018\/06\/valmolini-7538-1024x683.jpg 1024w, https:\/\/www.valleledro.it\/wp-content\/uploads\/2018\/06\/valmolini-7538-768x512.jpg 768w, https:\/\/www.valleledro.it\/wp-content\/uploads\/2018\/06\/valmolini-7538-600x400.jpg 600w\" sizes=\"auto, (max-width: 1920px) 100vw, 1920px\" \/><\/div><\/div><div class=\"wpb_text_column\"><div class=\"wpb_wrapper\"><h3 style=\"text-align: center;\"><span class=\"grosso verde\">HAUS CADRIA<\/span><\/h3>\n<\/div><\/div><div class=\"wpb_text_column\"><div class=\"wpb_wrapper\"><p style=\"text-align: center;\">Gemauerte Apartments mit vier oder sechs Schlafgelegenheiten. Einfach m\u00f6bliert und gem\u00fctlich.<\/p>\n<\/div><\/div><div class=\"w-btn-wrapper align_center\"><a class=\"w-btn us-btn-style_9 icon_atright\" href=\"https:\/\/www.valleledro.it\/de\/apartment-haus-cadria\/\"><span class=\"w-btn-label\">Details<\/span><i class=\"fas fa-angle-right\"><\/i><\/a><\/div><\/div><\/div><\/div><div class=\"vc_col-sm-6 wpb_column vc_column_container\"><div class=\"vc_column-inner\"><div class=\"wpb_wrapper\"><div class=\"w-image align_none\"><div class=\"w-image-h\"><img decoding=\"async\" width=\"1920\" height=\"1280\" src=\"https:\/\/www.valleledro.it\/wp-content\/uploads\/2018\/06\/valmolini-7483.jpg\" class=\"attachment-full size-full\" alt=\"Bungalow Valle di Ledro\" loading=\"lazy\" srcset=\"https:\/\/www.valleledro.it\/wp-content\/uploads\/2018\/06\/valmolini-7483.jpg 1920w, https:\/\/www.valleledro.it\/wp-content\/uploads\/2018\/06\/valmolini-7483-300x200.jpg 300w, https:\/\/www.valleledro.it\/wp-content\/uploads\/2018\/06\/valmolini-7483-1024x683.jpg 1024w, https:\/\/www.valleledro.it\/wp-content\/uploads\/2018\/06\/valmolini-7483-768x512.jpg 768w, https:\/\/www.valleledro.it\/wp-content\/uploads\/2018\/06\/valmolini-7483-600x400.jpg 600w\" sizes=\"auto, (max-width: 1920px) 100vw, 1920px\" \/><\/div><\/div><div class=\"wpb_text_column\"><div class=\"wpb_wrapper\"><h3 style=\"text-align: center;\"><span class=\"grosso verde\">BUNGALOW<\/span><\/h3>\n<\/div><\/div><div class=\"wpb_text_column\"><div class=\"wpb_wrapper\"><p style=\"text-align: center;\">Umgeben von Gr\u00fcn, unabh\u00e4ngig voneinander, hat jeder seinen eigenen privaten Parkplatz.<\/p>\n<\/div><\/div><div class=\"w-btn-wrapper align_center\"><a class=\"w-btn us-btn-style_9 icon_atright\" href=\"https:\/\/www.valleledro.it\/de\/bungalow-ledro\/\"><span class=\"w-btn-label\">Details<\/span><i class=\"fas fa-angle-right\"><\/i><\/a><\/div><\/div><\/div><\/div><\/div><\/div><\/div><\/div><\/div><\/div><\/section><!-- Row Backgrounds --><div class=\"upb_color\" data-bg-override=\"0\" data-bg-color=\"#f4f4f4\" data-fadeout=\"\" data-fadeout-percentage=\"30\" data-parallax-content=\"\" data-parallax-content-sense=\"30\" data-row-effect-mobile-disable=\"true\" data-img-parallax-mobile-disable=\"true\" data-rtl=\"false\"  data-custom-vc-row=\"\"  data-vc=\"8.7.2\"  data-is_old_vc=\"\"  data-theme-support=\"\"   data-overlay=\"false\" data-overlay-color=\"\" data-overlay-pattern=\"\" data-overlay-pattern-opacity=\"\" data-overlay-pattern-size=\"\"    ><\/div><section class=\"l-section wpb_row us_custom_6749261c fascia-prato height_medium full_height valign_center width_full with_img\"><div class=\"l-section-img\" role=\"img\" aria-label=\"Spa Lago di Ledro\" data-img-width=\"1920\" data-img-height=\"1280\" style=\"background-image: url(https:\/\/www.valleledro.it\/wp-content\/uploads\/2018\/06\/valmolini-7373.jpg);background-repeat: no-repeat;\"><\/div><div class=\"l-section-h i-cf\"><div class=\"g-cols vc_row via_flex valign_middle type_default stacking_default\"><div class=\"vc_col-sm-12 wpb_column vc_column_container\"><div class=\"vc_column-inner\"><div class=\"wpb_wrapper\"><div class=\"wpb_text_column bianco\"><div class=\"wpb_wrapper\"><h2 style=\"text-align: center;\"><span class=\"grosso grande\">ENTSPANNUNG<\/span><br \/>\nDAS NEUE WELLNESSCENTER<\/h2>\n<\/div><\/div><div class=\"w-btn-wrapper align_center\"><a class=\"w-btn us-btn-style_9 icon_atright\" href=\"https:\/\/www.valleledro.it\/de\/wellnesscenter-in-valle-di-ledro\/\"><span class=\"w-btn-label\">DETAILS<\/span><i class=\"fas fa-angle-right\"><\/i><\/a><\/div><\/div><\/div><\/div><\/div><\/div><\/section><!-- Row Backgrounds --><div class=\"upb_color\" data-bg-override=\"0\" data-bg-color=\"\" data-fadeout=\"\" data-fadeout-percentage=\"30\" data-parallax-content=\"\" data-parallax-content-sense=\"30\" data-row-effect-mobile-disable=\"true\" data-img-parallax-mobile-disable=\"true\" data-rtl=\"false\"  data-custom-vc-row=\"\"  data-vc=\"8.7.2\"  data-is_old_vc=\"\"  data-theme-support=\"\"   data-overlay=\"false\" data-overlay-color=\"\" data-overlay-pattern=\"\" data-overlay-pattern-opacity=\"\" data-overlay-pattern-size=\"\"    data-seperator=\"true\"  data-seperator-type=\"triangle_svg_seperator\"  data-seperator-shape-size=\"40\"  data-seperator-svg-height=\"60\"  data-seperator-full-width=\"true\" data-seperator-position=\"top_seperator\"  data-seperator-background-color=\"#f5f5f5\"  data-icon=\"\"  ><\/div>\n","protected":false},"excerpt":{"rendered":"","protected":false},"author":1,"featured_media":0,"parent":0,"menu_order":58,"comment_status":"closed","ping_status":"closed","template":"","meta":{"inline_featured_image":false,"footnotes":""},"class_list":["post-592","page","type-page","status-publish","hentry"],"yoast_head":"<!-- This site is optimized with the Yoast SEO plugin v27.5 - https:\/\/yoast.com\/product\/yoast-seo-wordpress\/ -->\n<title>Apartment Haus Molini - Val Molini Bungalow Ledro<\/title>\n<meta name=\"robots\" content=\"index, follow, max-snippet:-1, max-image-preview:large, max-video-preview:-1\" \/>\n<link rel=\"canonical\" href=\"https:\/\/www.valleledro.it\/de\/apartment-haus-molini\/\" \/>\n<meta property=\"og:locale\" content=\"de_DE\" \/>\n<meta property=\"og:type\" content=\"article\" \/>\n<meta property=\"og:title\" content=\"Apartment Haus Molini - Val Molini Bungalow Ledro\" \/>\n<meta property=\"og:url\" content=\"https:\/\/www.valleledro.it\/de\/apartment-haus-molini\/\" \/>\n<meta property=\"og:site_name\" content=\"Val Molini Bungalow Ledro\" \/>\n<meta property=\"article:publisher\" content=\"https:\/\/www.facebook.com\/villaggio.valmolini\/\" \/>\n<meta property=\"article:modified_time\" content=\"2019-12-19T15:26:03+00:00\" \/>\n<meta name=\"twitter:card\" content=\"summary_large_image\" \/>\n<meta name=\"twitter:label1\" content=\"Gesch\u00e4tzte Lesezeit\" \/>\n\t<meta name=\"twitter:data1\" content=\"3\u00a0Minuten\" \/>\n<script type=\"application\/ld+json\" class=\"yoast-schema-graph\">{\"@context\":\"https:\\\/\\\/schema.org\",\"@graph\":[{\"@type\":\"WebPage\",\"@id\":\"https:\\\/\\\/www.valleledro.it\\\/de\\\/apartment-haus-molini\\\/\",\"url\":\"https:\\\/\\\/www.valleledro.it\\\/de\\\/apartment-haus-molini\\\/\",\"name\":\"Apartment Haus Molini - Val Molini Bungalow Ledro\",\"isPartOf\":{\"@id\":\"https:\\\/\\\/www.valleledro.it\\\/#website\"},\"datePublished\":\"2018-07-23T09:46:14+00:00\",\"dateModified\":\"2019-12-19T15:26:03+00:00\",\"breadcrumb\":{\"@id\":\"https:\\\/\\\/www.valleledro.it\\\/de\\\/apartment-haus-molini\\\/#breadcrumb\"},\"inLanguage\":\"de\",\"potentialAction\":[{\"@type\":\"ReadAction\",\"target\":[\"https:\\\/\\\/www.valleledro.it\\\/de\\\/apartment-haus-molini\\\/\"]}]},{\"@type\":\"BreadcrumbList\",\"@id\":\"https:\\\/\\\/www.valleledro.it\\\/de\\\/apartment-haus-molini\\\/#breadcrumb\",\"itemListElement\":[{\"@type\":\"ListItem\",\"position\":1,\"name\":\"Home\",\"item\":\"https:\\\/\\\/www.valleledro.it\\\/de\\\/\"},{\"@type\":\"ListItem\",\"position\":2,\"name\":\"Apartment Haus Molini\"}]},{\"@type\":\"WebSite\",\"@id\":\"https:\\\/\\\/www.valleledro.it\\\/#website\",\"url\":\"https:\\\/\\\/www.valleledro.it\\\/\",\"name\":\"Val Molini Bungalow Ledro\",\"description\":\"Val Molini Bungalow Ledro\",\"potentialAction\":[{\"@type\":\"SearchAction\",\"target\":{\"@type\":\"EntryPoint\",\"urlTemplate\":\"https:\\\/\\\/www.valleledro.it\\\/?s={search_term_string}\"},\"query-input\":{\"@type\":\"PropertyValueSpecification\",\"valueRequired\":true,\"valueName\":\"search_term_string\"}}],\"inLanguage\":\"de\"}]}<\/script>\n<!-- \/ Yoast SEO plugin. -->","yoast_head_json":{"title":"Apartment Haus Molini - Val Molini Bungalow Ledro","robots":{"index":"index","follow":"follow","max-snippet":"max-snippet:-1","max-image-preview":"max-image-preview:large","max-video-preview":"max-video-preview:-1"},"canonical":"https:\/\/www.valleledro.it\/de\/apartment-haus-molini\/","og_locale":"de_DE","og_type":"article","og_title":"Apartment Haus Molini - Val Molini Bungalow Ledro","og_url":"https:\/\/www.valleledro.it\/de\/apartment-haus-molini\/","og_site_name":"Val Molini Bungalow Ledro","article_publisher":"https:\/\/www.facebook.com\/villaggio.valmolini\/","article_modified_time":"2019-12-19T15:26:03+00:00","twitter_card":"summary_large_image","twitter_misc":{"Gesch\u00e4tzte Lesezeit":"3\u00a0Minuten"},"schema":{"@context":"https:\/\/schema.org","@graph":[{"@type":"WebPage","@id":"https:\/\/www.valleledro.it\/de\/apartment-haus-molini\/","url":"https:\/\/www.valleledro.it\/de\/apartment-haus-molini\/","name":"Apartment Haus Molini - Val Molini Bungalow Ledro","isPartOf":{"@id":"https:\/\/www.valleledro.it\/#website"},"datePublished":"2018-07-23T09:46:14+00:00","dateModified":"2019-12-19T15:26:03+00:00","breadcrumb":{"@id":"https:\/\/www.valleledro.it\/de\/apartment-haus-molini\/#breadcrumb"},"inLanguage":"de","potentialAction":[{"@type":"ReadAction","target":["https:\/\/www.valleledro.it\/de\/apartment-haus-molini\/"]}]},{"@type":"BreadcrumbList","@id":"https:\/\/www.valleledro.it\/de\/apartment-haus-molini\/#breadcrumb","itemListElement":[{"@type":"ListItem","position":1,"name":"Home","item":"https:\/\/www.valleledro.it\/de\/"},{"@type":"ListItem","position":2,"name":"Apartment Haus Molini"}]},{"@type":"WebSite","@id":"https:\/\/www.valleledro.it\/#website","url":"https:\/\/www.valleledro.it\/","name":"Val Molini Bungalow Ledro","description":"Val Molini Bungalow Ledro","potentialAction":[{"@type":"SearchAction","target":{"@type":"EntryPoint","urlTemplate":"https:\/\/www.valleledro.it\/?s={search_term_string}"},"query-input":{"@type":"PropertyValueSpecification","valueRequired":true,"valueName":"search_term_string"}}],"inLanguage":"de"}]}},"publishpress_future_action":{"enabled":false,"date":"2026-05-09 19:09:25","action":"change-status","newStatus":"draft","terms":[],"taxonomy":"translation_priority","extraData":[]},"publishpress_future_workflow_manual_trigger":{"enabledWorkflows":[]},"_links":{"self":[{"href":"https:\/\/www.valleledro.it\/de\/wp-json\/wp\/v2\/pages\/592","targetHints":{"allow":["GET"]}}],"collection":[{"href":"https:\/\/www.valleledro.it\/de\/wp-json\/wp\/v2\/pages"}],"about":[{"href":"https:\/\/www.valleledro.it\/de\/wp-json\/wp\/v2\/types\/page"}],"author":[{"embeddable":true,"href":"https:\/\/www.valleledro.it\/de\/wp-json\/wp\/v2\/users\/1"}],"replies":[{"embeddable":true,"href":"https:\/\/www.valleledro.it\/de\/wp-json\/wp\/v2\/comments?post=592"}],"version-history":[{"count":0,"href":"https:\/\/www.valleledro.it\/de\/wp-json\/wp\/v2\/pages\/592\/revisions"}],"wp:attachment":[{"href":"https:\/\/www.valleledro.it\/de\/wp-json\/wp\/v2\/media?parent=592"}],"curies":[{"name":"wp","href":"https:\/\/api.w.org\/{rel}","templated":true}]}}