{"id":596,"date":"2018-05-15T15:40:25","date_gmt":"2018-05-15T13:40:25","guid":{"rendered":"https:\/\/www.valleledro.it\/?page_id=596"},"modified":"2026-03-05T10:11:40","modified_gmt":"2026-03-05T09:11:40","slug":"nutzliche-informationen","status":"publish","type":"page","link":"https:\/\/www.valleledro.it\/de\/nutzliche-informationen\/","title":{"rendered":"Nutzliche Informationen"},"content":{"rendered":"<section class=\"l-section wpb_row height_medium\"><div class=\"l-section-h i-cf\"><div class=\"g-cols vc_row via_flex valign_top type_default stacking_default\"><div class=\"vc_col-sm-12 wpb_column vc_column_container\"><div class=\"vc_column-inner\"><div class=\"wpb_wrapper\"><div class=\"w-image i100 align_center\"><div class=\"w-image-h\"><img decoding=\"async\" src=\"https:\/\/www.valleledro.it\/wp-content\/uploads\/2018\/05\/farfalla-sx.svg\" class=\"attachment-full size-full\" alt=\"\" loading=\"lazy\" \/><\/div><\/div><div class=\"wpb_text_column\"><div class=\"wpb_wrapper\"><h1 style=\"text-align: center;\">N\u00dcTZLICHE INFORMATIONEN UND ALLGEMEINE BEDINGUNGEN<\/h1>\n<\/div><\/div><\/div><\/div><\/div><\/div><\/div><\/section><section class=\"l-section wpb_row us_custom_467dd65c fascia-prato height_auto\"><div class=\"l-section-h i-cf\"><div class=\"g-cols vc_row via_flex valign_top type_default stacking_default\"><div class=\"vc_col-sm-6 wpb_column vc_column_container\"><div class=\"vc_column-inner\"><div class=\"wpb_wrapper\"><div class=\"wpb_text_column giustifica\"><div class=\"wpb_wrapper\"><h3>ALLGEMEINE INFORMATIONEN<\/h3>\n<ul>\n<li><em><strong>CHECK-IN : <\/strong><\/em><strong>von 14:30 bis 19:00 Uhr.<\/strong> Bei einer Ankunft nach 19:00 Uhr rufen Sie bitte die Nummer 327 7931667 an. Nach 19:00 Uhr k\u00f6nnen Sie die Bungalows und Ferienwohnungen selbst\u00e4ndig betreten. Bitte kontaktieren Sie uns vor Ihrer Ankunft im Villaggio Val Molini, um n\u00fctzliche Informationen zu erhalten.<\/li>\n<li><em><strong>CHECK-OUT :<\/strong><\/em> <strong>bis 9.30<\/strong>. Late Check-out-Service auf Anfrage und gegen Geb\u00fchr. Die Kosten f\u00fcr die Inanspruchnahme dieses Services, um zus\u00e4tzliche Momente der Entspannung zu genie\u00dfen und den Bungalow oder die Ferienwohnung bis 11:30 Uhr verlassen zu k\u00f6nnen, betragen 40 \u20ac pro Unterkunft. Bitte beachten Sie: Jeder Check-out, der nach der Standardzeit (vor 09:30 Uhr) stattfindet, wird als Late Check-out betrachtet.<\/li>\n<li><em><strong><span id=\"&#091;0,14&#093;\" class=\"word\">\u00d6ffnungszeiten<\/span> <span id=\"&#091;15,18&#093;\" class=\"word\">der<\/span> <span id=\"&#091;19,28&#093;\" class=\"word\">Rezeption<\/span><\/strong><\/em>: <span id=\"&#091;30,37&#093;\" class=\"word\">t\u00e4glich<\/span> <span id=\"&#091;38,41&#093;\" class=\"word\">von<\/span> <span id=\"&#091;42,44&#093;\" class=\"word\">9:<\/span><span id=\"&#091;44,46&#093;\" class=\"word\">00<\/span> <span id=\"&#091;47,50&#093;\" class=\"word\">bis<\/span> <span id=\"&#091;51,53&#093;\" class=\"word\">11:<\/span><span id=\"&#091;54,56&#093;\" class=\"word\">00<\/span> <span id=\"&#091;57,60&#093;\" class=\"word\">Uhr<\/span> <span id=\"&#091;61,64&#093;\" class=\"word\">und<\/span> <span id=\"&#091;65,68&#093;\" class=\"word\">von<\/span> <span id=\"&#091;69,71&#093;\" class=\"word\">17:<\/span><span id=\"&#091;72,74&#093;\" class=\"word\">00<\/span> <span id=\"&#091;75,78&#093;\" class=\"word\">bis<\/span> <span id=\"&#091;79,81&#093;\" class=\"word\">19:<\/span><span id=\"&#091;82,84&#093;\" class=\"word\">00<\/span> <span id=\"&#091;85,88&#093;\" class=\"word\">Uhr<\/span>.<\/li>\n<li><span id=\"&#091;0,3&#093;\" class=\"word\">F\u00fcr<\/span> <span id=\"&#091;4,7&#093;\" class=\"word\">die<\/span> <em><strong><span id=\"&#091;8,17&#093;\" class=\"word\">Reinigung<\/span> <span id=\"&#091;18,21&#093;\" class=\"word\">und<\/span> <span id=\"&#091;22,34&#093;\" class=\"word\">Desinfektion<\/span><\/strong><\/em> <span id=\"&#091;35,38&#093;\" class=\"word\">der<\/span> <span id=\"&#091;39,44&#093;\" class=\"word\">R\u00e4ume<\/span>, <span id=\"&#091;46,55&#093;\" class=\"word\">Textilien<\/span> <span id=\"&#091;56,59&#093;\" class=\"word\">und<\/span> <span id=\"&#091;60,71&#093;\" class=\"word\">Oberfl\u00e4chen<\/span> <span id=\"&#091;72,75&#093;\" class=\"word\">der<\/span> <span id=\"&#091;76,86&#093;\" class=\"word\">Apartments<\/span> <span id=\"&#091;87,90&#093;\" class=\"word\">und<\/span> <span id=\"&#091;91,100&#093;\" class=\"word\">Bungalows<\/span> <span id=\"&#091;101,110&#093;\" class=\"word\">verwenden<\/span> <span id=\"&#091;111,114&#093;\" class=\"word\">wir<\/span> <em><strong><span id=\"&#091;115,124&#093;\" class=\"word\">spezielle<\/span> <span id=\"&#091;125,133&#093;\" class=\"word\">Produkte<\/span><\/strong><\/em>, <span id=\"&#091;135,138&#093;\" class=\"word\">die<\/span> <span id=\"&#091;139,142&#093;\" class=\"word\">den<\/span> <span id=\"&#091;143,154&#093;\" class=\"word\">Protokollen<\/span> <span id=\"&#091;155,166&#093;\" class=\"word\">entsprechen<\/span>.<\/li>\n<li><em><strong>Der Au\u00dfenpool steht Ihnen <\/strong>von 09:00 Uhr bis 20:00 Uhr vom 16. Mai bis zum 26. September 2026 zur Verf\u00fcgung.<\/em>\u00a0Wir bitten Sie, die Vorschriften f\u00fcr die sichere Verwendung einzuhalten.<\/li>\n<li>Der<a href=\"https:\/\/www.valleledro.it\/de\/wellnessbereich\/\"><strong> Wellnessbereich<\/strong><\/a> steht ausschlie\u00dflich zur Verf\u00fcgung. Sie k\u00f6nnen Ihren Relax-Termin von 16.00 bis 22.00 buchen.<\/li>\n<li>Um die Details zu unseren <strong><em>L<\/em><em>eistungen<\/em><\/strong>\u00a0zu erfahren, konsultieren Sie die entsprechende Seite, indem Sie <a href=\"https:\/\/www.valleledro.it\/de\/unsere-leistungen\/\"><strong>hier<\/strong><\/a> klicken.<\/li>\n<li><span id=\"&#091;2,5&#093;\" class=\"word\">Die<\/span> <em><strong><span id=\"&#091;6,15&#093;\" class=\"word\">Wohnungen<\/span>\u00a0<span id=\"&#091;17,20&#093;\" class=\"word\">von<\/span> <span id=\"&#091;21,25&#093;\" class=\"word\">Casa<\/span> <span id=\"&#091;26,32&#093;\" class=\"word\">Molini<\/span> , Bungalows <span id=\"&#091;47,53&#093;\" class=\"word\">Deluxe<\/span> und Premium <\/strong><\/em><span id=\"&#091;54,58&#093;\" class=\"word\">sind<\/span> <span id=\"&#091;59,62&#093;\" class=\"word\">mit<\/span> <em><strong><span id=\"&#091;63,77&#093;\" class=\"word\">Hausautomation<\/span><\/strong><\/em> <span id=\"&#091;78,90&#093;\" class=\"word\">ausgestattet<\/span>. <span id=\"&#091;92,95&#093;\" class=\"word\">Das<\/span> <span id=\"&#091;96,102&#093;\" class=\"word\">System<\/span> <span id=\"&#091;103,113&#093;\" class=\"word\">erm\u00f6glicht<\/span> <span id=\"&#091;114,117&#093;\" class=\"word\">das<\/span> <span id=\"&#091;118,124&#093;\" class=\"word\">\u00d6ffnen<\/span> <span id=\"&#091;125,128&#093;\" class=\"word\">der<\/span> <span id=\"&#091;129,140&#093;\" class=\"word\">Eingangst\u00fcr<\/span> <span id=\"&#091;141,144&#093;\" class=\"word\">der<\/span> <span id=\"&#091;145,154&#093;\" class=\"word\">einzelnen<\/span> <span id=\"&#091;155,164&#093;\" class=\"word\">Einheiten<\/span> <span id=\"&#091;165,168&#093;\" class=\"word\">und<\/span> <span id=\"&#091;169,172&#093;\" class=\"word\">die<\/span> <span id=\"&#091;173,183&#093;\" class=\"word\">Verwaltung<\/span> <span id=\"&#091;184,187&#093;\" class=\"word\">der<\/span> <span id=\"&#091;188,200&#093;\" class=\"word\">Stromquellen<\/span>. <span id=\"&#091;202,205&#093;\" class=\"word\">Wir<\/span> <span id=\"&#091;206,212&#093;\" class=\"word\">bitten<\/span> <span id=\"&#091;213,216&#093;\" class=\"word\">Sie<\/span> <span id=\"&#091;217,224&#093;\" class=\"word\">h\u00f6flich<\/span>, <span id=\"&#091;226,230&#093;\" class=\"word\">sich<\/span> <span id=\"&#091;231,233&#093;\" class=\"word\">um<\/span> <span id=\"&#091;234,237&#093;\" class=\"word\">die<\/span> <span id=\"&#091;238,244&#093;\" class=\"word\">Karten<\/span> <span id=\"&#091;245,247&#093;\" class=\"word\">zu<\/span> <span id=\"&#091;248,255&#093;\" class=\"word\">k\u00fcmmern<\/span>.<\/li>\n<\/ul>\n<p><!--StartFragment --><\/p>\n<p class=\"pf0\"><strong><span class=\"cf0\">Regeln<\/span><span class=\"cf0\"> <\/span><span class=\"cf0\">f\u00fcr<\/span><span class=\"cf0\"> <\/span><span class=\"cf0\">einen<\/span><span class=\"cf0\"> <\/span><span class=\"cf0\">angenehmen<\/span><span class=\"cf0\"> <\/span><span class=\"cf0\">Aufenthalt<\/span><\/strong><\/p>\n<ul>\n<li class=\"pf1\"><span class=\"cf0\">Der <\/span><span class=\"cf0\">Zugang<\/span><span class=\"cf0\"> zur <\/span><span class=\"cf0\">Unterkunft<\/span><span class=\"cf0\"> <\/span><span class=\"cf0\">ist<\/span><span class=\"cf0\"> <\/span><span class=\"cf0\">ausschlie\u00dflich<\/span><span class=\"cf0\"> <\/span><span class=\"cf0\">G\u00e4sten<\/span><span class=\"cf0\"> <\/span><span class=\"cf0\">gestattet<\/span><span class=\"cf0\">, die <\/span><span class=\"cf0\">beim<\/span><span class=\"cf0\"> Check-in <\/span><span class=\"cf0\">ordnungsgem\u00e4\u00df<\/span><span class=\"cf0\"> <\/span><span class=\"cf0\">registriert<\/span><span class=\"cf0\"> <\/span><span class=\"cf0\">sind<\/span><span class=\"cf0\">. <\/span><span class=\"cf0\">Externe<\/span><span class=\"cf0\"> <\/span><span class=\"cf0\">Besucher<\/span><span class=\"cf0\"> <\/span><span class=\"cf0\">sind<\/span><span class=\"cf0\"> <\/span><span class=\"cf0\">nicht<\/span><span class=\"cf0\"> <\/span><span class=\"cf0\">erlaubt<\/span><span class=\"cf0\">.<\/span><\/li>\n<li class=\"pf1\"><span class=\"cf0\">Von 22:00 bis 08:00 <\/span><span class=\"cf0\">Uhr<\/span><span class=\"cf0\"> <\/span><span class=\"cf0\">bitten<\/span><span class=\"cf0\"> <\/span><span class=\"cf0\">wir<\/span><span class=\"cf0\"> <\/span><span class=\"cf0\">darum<\/span><span class=\"cf0\">, die <\/span><span class=\"cf0\">Ruhe<\/span><span class=\"cf0\"> in der <\/span><span class=\"cf0\">Unterkunft<\/span><span class=\"cf0\"> <\/span><span class=\"cf0\">zu<\/span><span class=\"cf0\"> <\/span><span class=\"cf0\">respektieren<\/span><span class=\"cf0\"> und <\/span><span class=\"cf0\">lautes<\/span><span class=\"cf0\"> <\/span><span class=\"cf0\">Verhalten<\/span><span class=\"cf0\"> <\/span><span class=\"cf0\">zu<\/span><span class=\"cf0\"> <\/span><span class=\"cf0\">vermeiden<\/span><span class=\"cf0\">.<\/span><\/li>\n<li class=\"pf1\"><span class=\"cf0\">B\u00f6ller<\/span><span class=\"cf0\">, <\/span><span class=\"cf0\">Feuerwerksk\u00f6rper<\/span><span class=\"cf0\"> <\/span><span class=\"cf0\">oder<\/span><span class=\"cf0\"> <\/span><span class=\"cf0\">\u00c4hnliches<\/span><span class=\"cf0\"> <\/span><span class=\"cf0\">sind<\/span><span class=\"cf0\"> in der <\/span><span class=\"cf0\">Unterkunft<\/span><span class=\"cf0\"> <\/span><span class=\"cf0\">nicht<\/span><span class=\"cf0\"> <\/span><span class=\"cf0\">erlaubt<\/span><span class=\"cf0\">.<\/span><\/li>\n<li class=\"pf1\"><span class=\"cf0\">Wir<\/span><span class=\"cf0\"> <\/span><span class=\"cf0\">bitten<\/span><span class=\"cf0\"> alle <\/span><span class=\"cf0\">G\u00e4ste<\/span><span class=\"cf0\">, die <\/span><span class=\"cf0\">Gemeinschaftsbereiche<\/span><span class=\"cf0\"> <\/span><span class=\"cf0\">wie<\/span><span class=\"cf0\"> Pool, <\/span><span class=\"cf0\">Grillbereich<\/span><span class=\"cf0\">, <\/span><span class=\"cf0\">Gr\u00fcnfl\u00e4chen<\/span><span class=\"cf0\"> <\/span><span class=\"cf0\">usw<\/span><span class=\"cf0\">. <\/span><span class=\"cf0\">sauber<\/span><span class=\"cf0\"> und <\/span><span class=\"cf0\">ordentlich<\/span><span class=\"cf0\"> <\/span><span class=\"cf0\">zu<\/span><span class=\"cf0\"> <\/span><span class=\"cf0\">hinterlassen<\/span><span class=\"cf0\">, <\/span><span class=\"cf0\">aus<\/span><span class=\"cf0\"> <\/span><span class=\"cf0\">Respekt<\/span><span class=\"cf0\"> <\/span><span class=\"cf0\">gegen\u00fcber<\/span><span class=\"cf0\"> <\/span><span class=\"cf0\">den<\/span><span class=\"cf0\"> <\/span><span class=\"cf0\">nachfolgenden<\/span><span class=\"cf0\"> <\/span><span class=\"cf0\">Nutzern<\/span><span class=\"cf0\">.<\/span><\/li>\n<li class=\"pf1\"><span class=\"cf0\">Wir<\/span><span class=\"cf0\"> <\/span><span class=\"cf0\">bitten<\/span><span class=\"cf0\"> die <\/span><span class=\"cf0\">G\u00e4ste<\/span><span class=\"cf0\">, <\/span><span class=\"cf0\">den<\/span><span class=\"cf0\"> <\/span><span class=\"cf0\">M\u00fcll<\/span><span class=\"cf0\"> <\/span><span class=\"cf0\">korrekt<\/span><span class=\"cf0\"> <\/span><span class=\"cf0\">zu<\/span><span class=\"cf0\"> <\/span><span class=\"cf0\">trennen<\/span><span class=\"cf0\"> und <\/span><span class=\"cf0\">ihre<\/span><span class=\"cf0\"> <\/span><span class=\"cf0\">Abfallbeh\u00e4lter<\/span><span class=\"cf0\"> <\/span><span class=\"cf0\">auf<\/span><span class=\"cf0\"> <\/span><span class=\"cf0\">dem<\/span><span class=\"cf0\"> <\/span><span class=\"cf0\">\u00f6kologischen<\/span><span class=\"cf0\"> <\/span><span class=\"cf0\">Platz<\/span><span class=\"cf0\"> <\/span><span class=\"cf0\">im<\/span><span class=\"cf0\"> <\/span><span class=\"cf0\">n\u00f6rdlichen<\/span><span class=\"cf0\"> <\/span><span class=\"cf0\">Teil<\/span><span class=\"cf0\"> der <\/span><span class=\"cf0\">Unterkunft<\/span><span class=\"cf0\"> <\/span><span class=\"cf0\">zu<\/span><span class=\"cf0\"> <\/span><span class=\"cf0\">entsorgen<\/span><span class=\"cf0\">.<\/span><\/li>\n<li class=\"pf1\"><span class=\"cf0\">G\u00e4ste<\/span><span class=\"cf0\"> <\/span><span class=\"cf0\">mit<\/span><span class=\"cf0\"> <\/span><span class=\"cf0\">vierbeinigen<\/span><span class=\"cf0\"> <\/span><span class=\"cf0\">Freunden<\/span><span class=\"cf0\"> <\/span><span class=\"cf0\">werden<\/span><span class=\"cf0\"> <\/span><span class=\"cf0\">gebeten<\/span><span class=\"cf0\">, <\/span><span class=\"cf0\">diese<\/span><span class=\"cf0\"> in <\/span><span class=\"cf0\">den<\/span><span class=\"cf0\"> <\/span><span class=\"cf0\">Gemeinschaftsbereichen<\/span><span class=\"cf0\"> an der <\/span><span class=\"cf0\">Leine<\/span><span class=\"cf0\"> <\/span><span class=\"cf0\">zu<\/span><span class=\"cf0\"> <\/span><span class=\"cf0\">f\u00fchren<\/span><span class=\"cf0\">. <\/span><span class=\"cf0\">Aus<\/span><span class=\"cf0\"> <\/span><span class=\"cf0\">hygienischen<\/span><span class=\"cf0\"> <\/span><span class=\"cf0\">Gr\u00fcnden<\/span><span class=\"cf0\"> <\/span><span class=\"cf0\">sind<\/span><span class=\"cf0\"> <\/span><span class=\"cf0\">Haustiere<\/span><span class=\"cf0\"> in <\/span><span class=\"cf0\">den<\/span><span class=\"cf0\"> <\/span><span class=\"cf0\">Whirlpools<\/span><span class=\"cf0\">, <\/span><span class=\"cf0\">im<\/span><span class=\"cf0\"> <\/span><span class=\"cf0\">Wellnessbereich<\/span><span class=\"cf0\"> und <\/span><span class=\"cf0\">im<\/span><span class=\"cf0\"> <\/span><span class=\"cf0\">Poolbereich<\/span><span class=\"cf0\"> <\/span><span class=\"cf0\">nicht<\/span><span class=\"cf0\"> <\/span><span class=\"cf0\">erlaubt<\/span><span class=\"cf0\">.<\/span><\/li>\n<\/ul>\n<p><!--EndFragment --><strong>Buchung<\/strong><br \/>\nDie Buchung ist bindend nach Best\u00e4tigung per E-Mail von einem unserer Empfangsmitarbeiter und erst nach Zahlung einer Anzahlung in H\u00f6he von 30 % des Gesamtbetrags des Urlaubs. Die \u00dcberweisung muss auf das Girokonto im Namen von VAL MOLINI SRL &#8211; IBAN IT63S 08026 72140 000000072488 &#8211; SWIFT\/BIC: CCRTIT2T06A bei der Cassa Rurale di Ledro (innerhalb von 7 Tagen) erfolgen.<\/p>\n<\/div><\/div><\/div><\/div><\/div><div class=\"vc_col-sm-6 wpb_column vc_column_container\"><div class=\"vc_column-inner\"><div class=\"wpb_wrapper\"><div class=\"ult-spacer spacer-69ea934681baa\" data-id=\"69ea934681baa\" data-height=\"70\" data-height-mobile=\"40\" data-height-tab=\"40\" data-height-tab-portrait=\"40\" data-height-mobile-landscape=\"40\" style=\"clear:both;display:block;\"><\/div><div class=\"wpb_text_column\"><div class=\"wpb_wrapper\"><p><strong>Stornierungen<\/strong><br \/>\nWir bitten Sie ein, unsere Stornierungsbedingungen zu lesen:<br \/>\nBis 30 Tage vor dem Anreisetag: kostenlos<br \/>\nVon 29 &#8211; 4 Tag vor Anreise wird die Anzahlung einbehalten, die f\u00fcr einen weiteren Urlaub im selben Jahr verwendet werden kann<br \/>\nVon 3 bis 0 Tage, bei Nichterscheinen, versp\u00e4teter Ankunft oder vorzeitiger Abreise wird der gesamte Betrag des Urlaubs in Rechnung gestellt.<\/p>\n<p data-start=\"263\" data-end=\"709\"><strong>Zahlungsarten<\/strong><br \/>\nDer endg\u00fcltige Aufenthaltspreis kann direkt vor Ort beim Check-out oder im Voraus per Bank\u00fcberweisung beglichen werden. Es ist m\u00f6glich, die Zahlung in mehreren Raten vorzunehmen, vorausgesetzt, der Gesamtbetrag wird bis zum Tag des Check-outs vollst\u00e4ndig bezahlt. Falls Sie im Voraus und in mehreren Raten zahlen m\u00f6chten, bitten wir Sie h\u00f6flich, sich mit der Unterkunft in Verbindung zu setzen, um die Einzelheiten zu vereinbaren.<\/p>\n<p data-start=\"711\" data-end=\"758\">Die vor Ort <strong>akzeptierten Zahlungsmethoden<\/strong> sind:<\/p>\n<ul data-start=\"760\" data-end=\"1037\">\n<li data-start=\"760\" data-end=\"823\">\n<p data-start=\"762\" data-end=\"823\"><strong data-start=\"762\" data-end=\"773\">Bargeld<\/strong> (im Einklang mit den gesetzlichen Bestimmungen)<\/p>\n<\/li>\n<li data-start=\"824\" data-end=\"897\">\n<p data-start=\"826\" data-end=\"897\"><strong data-start=\"826\" data-end=\"842\">Kreditkarten<\/strong> (Visa und MasterCard) und <strong data-start=\"869\" data-end=\"895\">Debitkarten (Bancomat)<\/strong><\/p>\n<\/li>\n<li data-start=\"898\" data-end=\"1005\">\n<p data-start=\"900\" data-end=\"1005\"><strong data-start=\"900\" data-end=\"927\">Normale Bank\u00fcberweisung<\/strong> (mit vollst\u00e4ndiger Gutschrift des Gesamtbetrags bis zum Tag des Check-outs)<\/p>\n<\/li>\n<li data-start=\"1006\" data-end=\"1037\">\n<p data-start=\"1008\" data-end=\"1037\"><strong data-start=\"1008\" data-end=\"1037\">Sofortige Bank\u00fcberweisung<\/strong><\/p>\n<\/li>\n<\/ul>\n<p><strong>Preise<\/strong><br \/>\nDie auf der Website und in der Buchungsmaschine angegebenen Preise verstehen sich inklusive Mehrwertsteuer. Sie beinhalten weder Kurtaxe, Extras, noch Kosten f\u00fcr die Anwesenheit zus\u00e4tzlicher G\u00e4ste, die nicht im Angebot angegeben sind.<\/p>\n<p><strong>Kurtaxe<\/strong><br \/>\nDie Kurtaxe betr\u00e4gt 1,50 \u20ac pro Person und Nacht. Kinder unter 14 Jahren sind frei. Sie muss vor Ort bezahlt werden. Die Taxe wird bis zu maximal 10 aufeinanderfolgenden N\u00e4chten auferlegen.<\/p>\n<p><strong>Haustiere<\/strong><br \/>\nAuf Anfrage k\u00f6nnen vierbeinige Freunde im &#8222;Villaggio Val Molini&#8220; \u00fcbernachten. Um sie r\u00fccksichtsvoll zu empfangen, stellen wir Schalen zur Verf\u00fcgung. Die Kosten des Aufenthalts: betragen 5 \u20ac pro Nacht pro Tier (ohne Futter). Wir erinnern Sie daran, dass sie in den \u00f6ffentlichen Bereichen an der Leine gef\u00fchrt werden m\u00fcssen keinen Zugang zum Spa und Pool haben, die Whirlpool im Deluxe-Bungalow mit Panoramablick und die Whirlpools der Premium Bungalows. Wir bitten um Ihr Verst\u00e4ndnis.<\/p>\n<p><strong>Nichtraucher<\/strong><br \/>\nDas Rauchen ist in allen Apartments, Bungalows und geschlossenen R\u00e4umen verboten.<\/p>\n<\/div><\/div>[vc_raw_html][\/vc_raw_html]<\/div><\/div><\/div><\/div><\/div><\/section>\n","protected":false},"excerpt":{"rendered":"N\u00dcTZLICHE INFORMATIONEN UND ALLGEMEINE BEDINGUNGEN ALLGEMEINE INFORMATIONEN CHECK-IN : von 14:30 bis 19:00 Uhr. Bei einer Ankunft nach 19:00 Uhr rufen Sie bitte die Nummer 327 7931667 an. Nach 19:00 Uhr k\u00f6nnen Sie die Bungalows und Ferienwohnungen selbst\u00e4ndig betreten. Bitte kontaktieren Sie uns vor Ihrer Ankunft im Villaggio Val Molini, um n\u00fctzliche Informationen zu erhalten....","protected":false},"author":1,"featured_media":0,"parent":0,"menu_order":79,"comment_status":"closed","ping_status":"closed","template":"","meta":{"inline_featured_image":false,"footnotes":""},"class_list":["post-596","page","type-page","status-publish","hentry"],"yoast_head":"<!-- This site is optimized with the Yoast SEO plugin v27.4 - https:\/\/yoast.com\/product\/yoast-seo-wordpress\/ -->\n<title>Nutzliche Informationen - Val Molini Bungalow Ledro<\/title>\n<meta name=\"robots\" content=\"index, follow, max-snippet:-1, max-image-preview:large, max-video-preview:-1\" \/>\n<link rel=\"canonical\" href=\"https:\/\/www.valleledro.it\/de\/nutzliche-informationen\/\" \/>\n<meta property=\"og:locale\" content=\"de_DE\" \/>\n<meta property=\"og:type\" content=\"article\" \/>\n<meta property=\"og:title\" content=\"Nutzliche Informationen - Val Molini Bungalow Ledro\" \/>\n<meta property=\"og:url\" content=\"https:\/\/www.valleledro.it\/de\/nutzliche-informationen\/\" \/>\n<meta property=\"og:site_name\" content=\"Val Molini Bungalow Ledro\" \/>\n<meta property=\"article:publisher\" content=\"https:\/\/www.facebook.com\/villaggio.valmolini\/\" \/>\n<meta property=\"article:modified_time\" content=\"2026-03-05T09:11:40+00:00\" \/>\n<meta name=\"twitter:card\" content=\"summary_large_image\" \/>\n<meta name=\"twitter:label1\" content=\"Gesch\u00e4tzte Lesezeit\" \/>\n\t<meta name=\"twitter:data1\" content=\"5\u00a0Minuten\" \/>\n<script type=\"application\/ld+json\" class=\"yoast-schema-graph\">{\"@context\":\"https:\\\/\\\/schema.org\",\"@graph\":[{\"@type\":\"WebPage\",\"@id\":\"https:\\\/\\\/www.valleledro.it\\\/de\\\/nutzliche-informationen\\\/\",\"url\":\"https:\\\/\\\/www.valleledro.it\\\/de\\\/nutzliche-informationen\\\/\",\"name\":\"Nutzliche Informationen - Val Molini Bungalow Ledro\",\"isPartOf\":{\"@id\":\"https:\\\/\\\/www.valleledro.it\\\/#website\"},\"datePublished\":\"2018-05-15T13:40:25+00:00\",\"dateModified\":\"2026-03-05T09:11:40+00:00\",\"breadcrumb\":{\"@id\":\"https:\\\/\\\/www.valleledro.it\\\/de\\\/nutzliche-informationen\\\/#breadcrumb\"},\"inLanguage\":\"de\",\"potentialAction\":[{\"@type\":\"ReadAction\",\"target\":[\"https:\\\/\\\/www.valleledro.it\\\/de\\\/nutzliche-informationen\\\/\"]}]},{\"@type\":\"BreadcrumbList\",\"@id\":\"https:\\\/\\\/www.valleledro.it\\\/de\\\/nutzliche-informationen\\\/#breadcrumb\",\"itemListElement\":[{\"@type\":\"ListItem\",\"position\":1,\"name\":\"Home\",\"item\":\"https:\\\/\\\/www.valleledro.it\\\/de\\\/\"},{\"@type\":\"ListItem\",\"position\":2,\"name\":\"Nutzliche Informationen\"}]},{\"@type\":\"WebSite\",\"@id\":\"https:\\\/\\\/www.valleledro.it\\\/#website\",\"url\":\"https:\\\/\\\/www.valleledro.it\\\/\",\"name\":\"Val Molini Bungalow Ledro\",\"description\":\"Val Molini Bungalow Ledro\",\"potentialAction\":[{\"@type\":\"SearchAction\",\"target\":{\"@type\":\"EntryPoint\",\"urlTemplate\":\"https:\\\/\\\/www.valleledro.it\\\/?s={search_term_string}\"},\"query-input\":{\"@type\":\"PropertyValueSpecification\",\"valueRequired\":true,\"valueName\":\"search_term_string\"}}],\"inLanguage\":\"de\"}]}<\/script>\n<!-- \/ Yoast SEO plugin. -->","yoast_head_json":{"title":"Nutzliche Informationen - Val Molini Bungalow Ledro","robots":{"index":"index","follow":"follow","max-snippet":"max-snippet:-1","max-image-preview":"max-image-preview:large","max-video-preview":"max-video-preview:-1"},"canonical":"https:\/\/www.valleledro.it\/de\/nutzliche-informationen\/","og_locale":"de_DE","og_type":"article","og_title":"Nutzliche Informationen - Val Molini Bungalow Ledro","og_url":"https:\/\/www.valleledro.it\/de\/nutzliche-informationen\/","og_site_name":"Val Molini Bungalow Ledro","article_publisher":"https:\/\/www.facebook.com\/villaggio.valmolini\/","article_modified_time":"2026-03-05T09:11:40+00:00","twitter_card":"summary_large_image","twitter_misc":{"Gesch\u00e4tzte Lesezeit":"5\u00a0Minuten"},"schema":{"@context":"https:\/\/schema.org","@graph":[{"@type":"WebPage","@id":"https:\/\/www.valleledro.it\/de\/nutzliche-informationen\/","url":"https:\/\/www.valleledro.it\/de\/nutzliche-informationen\/","name":"Nutzliche Informationen - Val Molini Bungalow Ledro","isPartOf":{"@id":"https:\/\/www.valleledro.it\/#website"},"datePublished":"2018-05-15T13:40:25+00:00","dateModified":"2026-03-05T09:11:40+00:00","breadcrumb":{"@id":"https:\/\/www.valleledro.it\/de\/nutzliche-informationen\/#breadcrumb"},"inLanguage":"de","potentialAction":[{"@type":"ReadAction","target":["https:\/\/www.valleledro.it\/de\/nutzliche-informationen\/"]}]},{"@type":"BreadcrumbList","@id":"https:\/\/www.valleledro.it\/de\/nutzliche-informationen\/#breadcrumb","itemListElement":[{"@type":"ListItem","position":1,"name":"Home","item":"https:\/\/www.valleledro.it\/de\/"},{"@type":"ListItem","position":2,"name":"Nutzliche Informationen"}]},{"@type":"WebSite","@id":"https:\/\/www.valleledro.it\/#website","url":"https:\/\/www.valleledro.it\/","name":"Val Molini Bungalow Ledro","description":"Val Molini Bungalow Ledro","potentialAction":[{"@type":"SearchAction","target":{"@type":"EntryPoint","urlTemplate":"https:\/\/www.valleledro.it\/?s={search_term_string}"},"query-input":{"@type":"PropertyValueSpecification","valueRequired":true,"valueName":"search_term_string"}}],"inLanguage":"de"}]}},"publishpress_future_action":{"enabled":false,"date":"2026-04-30 23:46:46","action":"change-status","newStatus":"draft","terms":[],"taxonomy":"translation_priority","extraData":[]},"publishpress_future_workflow_manual_trigger":{"enabledWorkflows":[]},"_links":{"self":[{"href":"https:\/\/www.valleledro.it\/de\/wp-json\/wp\/v2\/pages\/596","targetHints":{"allow":["GET"]}}],"collection":[{"href":"https:\/\/www.valleledro.it\/de\/wp-json\/wp\/v2\/pages"}],"about":[{"href":"https:\/\/www.valleledro.it\/de\/wp-json\/wp\/v2\/types\/page"}],"author":[{"embeddable":true,"href":"https:\/\/www.valleledro.it\/de\/wp-json\/wp\/v2\/users\/1"}],"replies":[{"embeddable":true,"href":"https:\/\/www.valleledro.it\/de\/wp-json\/wp\/v2\/comments?post=596"}],"version-history":[{"count":33,"href":"https:\/\/www.valleledro.it\/de\/wp-json\/wp\/v2\/pages\/596\/revisions"}],"predecessor-version":[{"id":5084,"href":"https:\/\/www.valleledro.it\/de\/wp-json\/wp\/v2\/pages\/596\/revisions\/5084"}],"wp:attachment":[{"href":"https:\/\/www.valleledro.it\/de\/wp-json\/wp\/v2\/media?parent=596"}],"curies":[{"name":"wp","href":"https:\/\/api.w.org\/{rel}","templated":true}]}}